{"id":9983,"date":"2017-02-26T17:04:20","date_gmt":"2017-02-26T17:04:20","guid":{"rendered":"http:\/\/www.pm10jaslo.pl\/?page_id=9983"},"modified":"2023-05-14T17:17:22","modified_gmt":"2023-05-14T17:17:22","slug":"pomoc-rodzinie","status":"publish","type":"page","link":"https:\/\/www.pm10jaslo.pl\/?page_id=9983","title":{"rendered":"Pomoc rodzinie"},"content":{"rendered":"<p>&nbsp;<\/p>\n<p><strong><a href=\"http:\/\/www.pm10jaslo.pl\/?page_id=9989\">INSTYTUCJE WSPIERAJ\u0104CE RODZIN\u0118<\/a><br><\/strong><\/p>\n<p><a href=\"http:\/\/www.pm10jaslo.pl\/wp-content\/uploads\/2020\/11\/Informator-v6.pdf\" target=\"_blank\" rel=\"noopener noreferrer\"><strong>INFORMATOR O FORMACH POMOCY DLA OS\u00d3B DOTKNI\u0118TYCH PRZEMOC\u0104 W RODZINIE <\/strong><\/a><\/p>\n<p><strong><a href=\"https:\/\/serwer1890233.home.pl\/przyjaznaprofilaktyka\/online\/pe%C5%82ni-mocy-w-rodzinie-bez-przemocy\/\" target=\"_blank\" rel=\"noopener\">PE\u0141NI MOCY W RODZINIE BEZ PRZEMOCY<\/a><\/strong><\/p>\n<p><a href=\"http:\/\/www.pm10jaslo.pl\/wp-content\/uploads\/2022\/12\/PROGRAM-WSPARCIA-DLA-RODZIN-ZA-ZYCIEM.pdf\" target=\"_blank\" rel=\"noopener\"><strong>PROGRAM WSPARCIA DLA RODZIN ZA \u017bYCIEM<\/strong><\/a><\/p>\n\n\n<p><\/p>\n","protected":false},"excerpt":{"rendered":"<p>&nbsp; INSTYTUCJE WSPIERAJ\u0104CE RODZIN\u0118 INFORMATOR O FORMACH POMOCY DLA OS\u00d3B DOTKNI\u0118TYCH PRZEMOC\u0104 W RODZINIE PE\u0141NI MOCY W RODZINIE BEZ PRZEMOCY PROGRAM WSPARCIA DLA RODZIN ZA \u017bYCIEM <a class=\"continue-reading-link\" href=\"https:\/\/www.pm10jaslo.pl\/?page_id=9983\">Czytaj dalej<\/a><\/p>\n","protected":false},"author":1,"featured_media":0,"parent":0,"menu_order":0,"comment_status":"closed","ping_status":"closed","template":"","meta":{"ngg_post_thumbnail":0,"footnotes":""},"class_list":["post-9983","page","type-page","status-publish","hentry"],"_links":{"self":[{"href":"https:\/\/www.pm10jaslo.pl\/index.php?rest_route=\/wp\/v2\/pages\/9983","targetHints":{"allow":["GET"]}}],"collection":[{"href":"https:\/\/www.pm10jaslo.pl\/index.php?rest_route=\/wp\/v2\/pages"}],"about":[{"href":"https:\/\/www.pm10jaslo.pl\/index.php?rest_route=\/wp\/v2\/types\/page"}],"author":[{"embeddable":true,"href":"https:\/\/www.pm10jaslo.pl\/index.php?rest_route=\/wp\/v2\/users\/1"}],"replies":[{"embeddable":true,"href":"https:\/\/www.pm10jaslo.pl\/index.php?rest_route=%2Fwp%2Fv2%2Fcomments&post=9983"}],"version-history":[{"count":14,"href":"https:\/\/www.pm10jaslo.pl\/index.php?rest_route=\/wp\/v2\/pages\/9983\/revisions"}],"predecessor-version":[{"id":20559,"href":"https:\/\/www.pm10jaslo.pl\/index.php?rest_route=\/wp\/v2\/pages\/9983\/revisions\/20559"}],"wp:attachment":[{"href":"https:\/\/www.pm10jaslo.pl\/index.php?rest_route=%2Fwp%2Fv2%2Fmedia&parent=9983"}],"curies":[{"name":"wp","href":"https:\/\/api.w.org\/{rel}","templated":true}]}}