{"id":9,"date":"2015-01-05T12:48:40","date_gmt":"2015-01-05T12:48:40","guid":{"rendered":"http:\/\/www.pm10jaslo.pl\/?page_id=9"},"modified":"2026-04-02T18:00:34","modified_gmt":"2026-04-02T18:00:34","slug":"test","status":"publish","type":"page","link":"https:\/\/www.pm10jaslo.pl\/","title":{"rendered":"Aktualno\u015bci"},"content":{"rendered":"\n<hr class=\"wp-block-separator has-css-opacity\"\/>\n\n\n<h4 style=\"text-align: center;\"><span style=\"color: #ff0000;\">WITAMY W NASZYM PRZEDSZKOLU<\/span><\/h4>\n<h6 style=\"text-align: center;\"><strong>&#8222;Tu zaczyna si\u0119 dzieci\u0144stwo pe\u0142ne rado\u015bci&#8221;<\/strong><\/h6>\n\n\n<hr class=\"wp-block-separator has-alpha-channel-opacity\"\/>\n\n\n\n<iframe loading=\"lazy\" title=\"Film promuj\u0105cy przedszkole\" width=\"563\" height=\"1000\" src=\"https:\/\/www.youtube.com\/embed\/i72xG9z_XGs?feature=oembed\" frameborder=\"0\" allow=\"accelerometer; autoplay; clipboard-write; encrypted-media; gyroscope; picture-in-picture; web-share\" referrerpolicy=\"strict-origin-when-cross-origin\" allowfullscreen><\/iframe>\n\n\n\n\n\n<hr class=\"wp-block-separator has-alpha-channel-opacity\"\/>\n\n\n\n<p class=\"has-text-align-center\">Uwaga Rodzice !<\/p>\n\n\n\n<p class=\"has-text-align-center\">Mamy zaszczyt poinformowa\u0107 , \u017ce nasza plac\u00f3wka dosta\u0142a odznak\u0119 i dyplom <strong>PRZEDSZKOLA&nbsp;ROZWIJAJ\u0104CEGO TALENTY i PRZEDSZKOLA&nbsp;BEZPIECZNE &amp; ZDROWE.&nbsp;<\/strong>Przedszkole Miejskie Nr 10 w Ja\u015ble to miejsce, w kt\u00f3rym dzieci rozwijaj\u0105 si\u0119 w przyjaznej, bezpiecznej i wspieraj\u0105cej atmosferze. To idealne miejsce dla Twojego dziecka. Zapewniamy bezpieczne, radosne \u015brodowisko, zdrowe nawyki od najm\u0142odszych lat oraz nauk\u0119 przez zabaw\u0119. Dbamy o rozw\u00f3j, u\u015bmiech i dobre samopoczucie ka\u017cdego malucha. Tu rozwija si\u0119 talenty dzieci poprzez r\u00f3\u017cnorodne zabawy i zaj\u0119cia edukacyjne, kt\u00f3re pozwalaj\u0105 odkrywa\u0107 ich zainteresowania i predyspozycje. Nauczyciele wspieraj\u0105 indywidualny rozw\u00f3j ka\u017cdego dziecka, zach\u0119caj\u0105c do tw\u00f3rczego my\u015blenia, aktywno\u015bci ruchowej oraz wsp\u00f3\u0142pracy z innymi. Stawiamy na zdrowy styl \u017cycia, codzienn\u0105 aktywno\u015b\u0107 ruchow\u0105 oraz nauk\u0119 poprzez zabaw\u0119. Naszym celem jest harmonijny rozw\u00f3j dziecka \u2013 emocjonalny, spo\u0142eczny i fizyczny.Dzi\u0119ki temu dzieci rozwijaj\u0105 si\u0119 wszechstronnie. Bardzo si\u0119 cieszymy , \u017ce doceniono nasz\u0105 prac\u0119&nbsp;oraz zaanga\u017cowanie w rozw\u00f3j i edukacj\u0119 dzieci, co jest dla nas du\u017c\u0105 motywacj\u0105 do dalszego dzia\u0142ania.<\/p>\n\n\n\n<div id=\"signature\"><hr><\/div>\n\n\n\n<div style=\"border: 2px solid #E8B923; border-radius: 12px; padding: 20px; text-align: center; max-width: 280px; background: #f9f9f9; margin: 20px auto;\">\n  <a href=\"https:\/\/przedszkole-talentow.pl\/laureaci\/przedszkola\/rozwijajace-talenty\" target=\"_blank\" style=\"text-decoration: none;\">\n    <img decoding=\"async\" src=\"https:\/\/przedszkole-talentow.pl\/assets\/img\/badges\/rozwijajace-talenty-2026.svg\" alt=\"Odznaka Rozwijaj\u0105ce Talenty\" style=\"width: 120px; height: 120px;\">\n    <h3 style=\"color: #E8B923; margin: 10px 0; font-size: 16px;\">Przedszkole Rozwijaj\u0105ce Talenty<\/h3>\n  <\/a>\n  <p style=\"font-size: 12px; color: #666; margin: 5px 0 0 0;\">Odznaka przyznana przez<br>\n    <a href=\"https:\/\/przedszkole-talentow.pl\/laureaci\/przedszkola\/rozwijajace-talenty\" style=\"color: #E8B923;\">przedszkole-talentow.pl<\/a>\n  <\/p>\n<\/div>\n\n\n\n<div style=\"border: 2px solid #4A90A4; border-radius: 12px; padding: 20px; text-align: center; max-width: 280px; background: #f9f9f9; margin: 20px auto;\">\n  <a href=\"https:\/\/przedszkole-talentow.pl\/laureaci\/przedszkola\/bezpieczne-zdrowe\" target=\"_blank\" style=\"text-decoration: none;\">\n    <img decoding=\"async\" src=\"https:\/\/przedszkole-talentow.pl\/assets\/img\/badges\/bezpieczne-zdrowe-2026.svg\" alt=\"Odznaka Bezpieczne &amp; Zdrowe\" style=\"width: 120px; height: 120px;\">\n    <h3 style=\"color: #4A90A4; margin: 10px 0; font-size: 16px;\">Przedszkole Bezpieczne &amp; Zdrowe<\/h3>\n  <\/a>\n  <p style=\"font-size: 12px; color: #666; margin: 5px 0 0 0;\">Odznaka przyznana przez<br>\n    <a href=\"https:\/\/przedszkole-talentow.pl\/laureaci\/przedszkola\/bezpieczne-zdrowe\" style=\"color: #4A90A4;\">przedszkole-talentow.pl<\/a>\n  <\/p>\n<\/div>\n\n\n\n<div>&nbsp;<\/div>\n\n\n<div class=\"wp-block-image\">\n<figure class=\"aligncenter size-full\"><img loading=\"lazy\" decoding=\"async\" width=\"600\" height=\"859\" src=\"https:\/\/www.pm10jaslo.pl\/wp-content\/uploads\/2026\/02\/283.jpg\" alt=\"\" class=\"wp-image-22272\" srcset=\"https:\/\/www.pm10jaslo.pl\/wp-content\/uploads\/2026\/02\/283.jpg 600w, https:\/\/www.pm10jaslo.pl\/wp-content\/uploads\/2026\/02\/283-210x300.jpg 210w, https:\/\/www.pm10jaslo.pl\/wp-content\/uploads\/2026\/02\/283-105x150.jpg 105w\" sizes=\"auto, (max-width: 600px) 100vw, 600px\" \/><\/figure><\/div>\n\n<div class=\"wp-block-image\">\n<figure class=\"aligncenter size-full\"><img loading=\"lazy\" decoding=\"async\" width=\"600\" height=\"859\" src=\"https:\/\/www.pm10jaslo.pl\/wp-content\/uploads\/2026\/02\/284.jpg\" alt=\"\" class=\"wp-image-22273\" srcset=\"https:\/\/www.pm10jaslo.pl\/wp-content\/uploads\/2026\/02\/284.jpg 600w, https:\/\/www.pm10jaslo.pl\/wp-content\/uploads\/2026\/02\/284-210x300.jpg 210w, https:\/\/www.pm10jaslo.pl\/wp-content\/uploads\/2026\/02\/284-105x150.jpg 105w\" sizes=\"auto, (max-width: 600px) 100vw, 600px\" \/><\/figure><\/div>\n\n\n<h6 class=\"wp-block-heading\"><span style=\"color: #ff0000;\">WYPRAWKI DLA POSZCZEG\u00d3LNYCH GRUP<\/span><\/h6>\n\n\n\n<p>&nbsp;<\/p>\n\n\n\n<p><a href=\"http:\/\/www.pm10jaslo.pl\/wp-content\/uploads\/2025\/08\/wyprawka-3-latki-GWIAZDECZKI.pdf\"><strong>Wyprawka 3 latki &#8211; GWIAZDECZKI<\/strong><\/a><\/p>\n\n\n\n<p><strong><a href=\"http:\/\/www.pm10jaslo.pl\/wp-content\/uploads\/2025\/08\/wyprawka-4-latki-gr.-II-SLONECZKA.pdf\">Wyprawka 4 latki &#8211; gr. II S\u0141ONECZKA<\/a><\/strong><\/p>\n\n\n\n<p><strong><a href=\"http:\/\/www.pm10jaslo.pl\/wp-content\/uploads\/2025\/08\/wyprawka-45-latki-MOTYLKI.pdf\">Wyprawka 4,5 latki &#8211; MOTYLKI<\/a><\/strong><\/p>\n\n\n\n<p><strong><a href=\"http:\/\/www.pm10jaslo.pl\/wp-content\/uploads\/2025\/08\/wyprawka-5-6-latki-ELFY-i-WIEWIORKI.pdf\">Wyprawka 5-6 latki &#8211; ELFY<\/a><\/strong><\/p>\n\n\n\n<p><strong><a href=\"http:\/\/www.pm10jaslo.pl\/wp-content\/uploads\/2025\/08\/wyprawka-5-6-latki-ELFY-i-WIEWIORKI.pdf\">Wyprawka 5-6 latki &#8211; WIEWI\u00d3RKI<\/a><\/strong><\/p>\n\n\n\n<hr class=\"wp-block-separator has-alpha-channel-opacity\"\/>\n\n\n\n<h6 class=\"wp-block-heading\"><span style=\"color: #ff0000;\">POMOC PSYCHOLOGICZNO-PEDAGOGICZNA &#8211;&nbsp;GODZINY PRACY SPECJALIST\u00d3W<\/span><\/h6>\n\n\n\n<p><strong>LOGOPEDA<\/strong> &#8211; Mariola Zajdel<\/p>\n\n\n\n<p><strong>\u015broda<\/strong> 9.00 &#8211; 11.00<\/p>\n\n\n\n<p><strong>czwartek<\/strong> 9.00 &#8211; 13.30<\/p>\n\n\n\n<p><strong>pi\u0105tek<\/strong> 9.00 &#8211; 13.30<\/p>\n\n\n\n<p>&nbsp;<\/p>\n\n\n\n<p><strong>TERAPIA PEDAGOGICZNA<\/strong> &#8211; Renata Le\u015bniak<\/p>\n\n\n\n<p><strong>poniedzia\u0142ek<\/strong> 11.30 &#8211; 13.30<\/p>\n\n\n\n<p><strong>czwartek<\/strong> 8.30 &#8211; 11.30<\/p>\n\n\n\n<p>&nbsp;<\/p>\n\n\n\n<p><strong>PEDAGOG SPECJALNY<\/strong> &#8211; Paulina Ryznar-Ros\u00f3\u0142<\/p>\n\n\n\n<p><strong>miesi\u0105ce nieparzyste:<\/strong><\/p>\n\n\n\n<p><strong>poniedzia\u0142ek<\/strong> 10.00 &#8211; 12.00<\/p>\n\n\n\n<p><strong>wtorek<\/strong> 9.30 &#8211; 12.30<\/p>\n\n\n\n<p><strong>\u015broda<\/strong> 10.00 &#8211; 12.00<\/p>\n\n\n\n<p><strong>czwartek<\/strong> 9.00 &#8211; 12.00<\/p>\n\n\n\n<p><strong>pi\u0105tek<\/strong> 10.00 &#8211; 12.00<\/p>\n\n\n\n<p><strong>miesi\u0105ce parzyste:<\/strong><\/p>\n\n\n\n<p><strong>poniedzia\u0142ek<\/strong> 12.00 &#8211; 14.00<\/p>\n\n\n\n<p><strong>wtorek<\/strong> 12.30 &#8211; 15.30<\/p>\n\n\n\n<p><strong>\u015broda<\/strong> 12.00 &#8211; 14.00<\/p>\n\n\n\n<p><strong>czwartek<\/strong> 12.00 &#8211; 15.00<\/p>\n\n\n\n<p><strong>pi\u0105tek<\/strong> 12.00 &#8211; 14.00<\/p>\n\n\n\n<p>&nbsp;<\/p>\n\n\n\n<p><strong>PSYCHOLOG<\/strong> &#8211; Klaudia Janicka<\/p>\n\n\n\n<p><strong>poniedzia\u0142ek<\/strong> 8.00 &#8211; 14.00<\/p>\n\n\n\n<p><strong>wtorek<\/strong> 8.00 &#8211; 14.00<\/p>\n\n\n\n<p><strong>\u015broda<\/strong> 8.00 &#8211; 12.00<\/p>\n\n\n\n<p class=\"has-text-align-center\">&nbsp;<\/p>\n\n\n\n<hr class=\"wp-block-separator has-alpha-channel-opacity\"\/>\n\n\n\n<p>&nbsp;<\/p>\n\n\n<div class=\"wp-block-image\">\n<figure class=\"aligncenter size-full is-resized\"><img loading=\"lazy\" decoding=\"async\" width=\"960\" height=\"709\" src=\"http:\/\/www.pm10jaslo.pl\/wp-content\/uploads\/2022\/03\/sos-dtz-page.jpg\" alt=\"\" class=\"wp-image-19672\" style=\"width:386px;height:285px\" srcset=\"https:\/\/www.pm10jaslo.pl\/wp-content\/uploads\/2022\/03\/sos-dtz-page.jpg 960w, https:\/\/www.pm10jaslo.pl\/wp-content\/uploads\/2022\/03\/sos-dtz-page-300x222.jpg 300w, https:\/\/www.pm10jaslo.pl\/wp-content\/uploads\/2022\/03\/sos-dtz-page-768x567.jpg 768w, https:\/\/www.pm10jaslo.pl\/wp-content\/uploads\/2022\/03\/sos-dtz-page-203x150.jpg 203w, https:\/\/www.pm10jaslo.pl\/wp-content\/uploads\/2022\/03\/sos-dtz-page-150x111.jpg 150w\" sizes=\"auto, (max-width: 960px) 100vw, 960px\" \/><\/figure><\/div>\n\n<h6 style=\"text-align: center;\"><a href=\"https:\/\/brpd.gov.pl\/2022\/03\/07\/w-kazdy-poniedzialek-dyzur-prawnika-specjalisty-do-spraw-uchodzcow-i-cudzoziemcow\/\" target=\"_blank\" rel=\"noopener\">Wi\u0119cej szczeg\u00f3\u0142\u00f3w.<\/a><\/h6>\n\n\n<hr class=\"wp-block-separator has-css-opacity\"\/>\n\n\n<hr>\n<p style=\"text-align: justify;\"><strong>Mamy ogromn\u0105 przyjemno\u015b\u0107 poinformowa\u0107 wszystkich o zaj\u0119ciu II miejsca w powiecie jasielskim w kategorii &#8222;Przedszkole Roku&#8221; i uzyskaniu tytu\u0142u &#8222;PRZEDSZKOLE NA MEDAL&#8221; w wojew\u00f3dztwie podkarpackim.<\/strong><\/p>\n<p><img loading=\"lazy\" decoding=\"async\" class=\"aligncenter size-full wp-image-18151\" src=\"http:\/\/www.pm10jaslo.pl\/wp-content\/uploads\/2020\/08\/P_medal.gif\" alt=\"\" width=\"300\" height=\"300\"><\/p>\n<hr>\n\n<div class=\"wp-block-image\">\n<figure class=\"aligncenter size-large\"><img loading=\"lazy\" decoding=\"async\" width=\"600\" height=\"760\" src=\"http:\/\/www.pm10jaslo.pl\/wp-content\/uploads\/2021\/03\/Orly-edukacji-1.jpg\" alt=\"\" class=\"wp-image-18948\" srcset=\"https:\/\/www.pm10jaslo.pl\/wp-content\/uploads\/2021\/03\/Orly-edukacji-1.jpg 600w, https:\/\/www.pm10jaslo.pl\/wp-content\/uploads\/2021\/03\/Orly-edukacji-1-237x300.jpg 237w, https:\/\/www.pm10jaslo.pl\/wp-content\/uploads\/2021\/03\/Orly-edukacji-1-118x150.jpg 118w\" sizes=\"auto, (max-width: 600px) 100vw, 600px\" \/><\/figure><\/div>\n\n<div class=\"wp-block-image\">\n<figure class=\"aligncenter size-large\"><img loading=\"lazy\" decoding=\"async\" width=\"800\" height=\"518\" src=\"http:\/\/www.pm10jaslo.pl\/wp-content\/uploads\/2021\/03\/Orly-edukacji-2.jpg\" alt=\"\" class=\"wp-image-18950\" srcset=\"https:\/\/www.pm10jaslo.pl\/wp-content\/uploads\/2021\/03\/Orly-edukacji-2.jpg 800w, https:\/\/www.pm10jaslo.pl\/wp-content\/uploads\/2021\/03\/Orly-edukacji-2-300x194.jpg 300w, https:\/\/www.pm10jaslo.pl\/wp-content\/uploads\/2021\/03\/Orly-edukacji-2-768x497.jpg 768w, https:\/\/www.pm10jaslo.pl\/wp-content\/uploads\/2021\/03\/Orly-edukacji-2-232x150.jpg 232w, https:\/\/www.pm10jaslo.pl\/wp-content\/uploads\/2021\/03\/Orly-edukacji-2-150x97.jpg 150w\" sizes=\"auto, (max-width: 800px) 100vw, 800px\" \/><\/figure><\/div>\n\n\n<hr class=\"wp-block-separator has-css-opacity\"\/>\n\n\n<p style=\"text-align: center;\"><strong><a href=\"http:\/\/www.pm10jaslo.pl\/wp-content\/uploads\/2020\/05\/WYNIKI-ANKIETY-DLA-RODZIC\u00d3W-skonwertowany.pdf\" target=\"_blank\" rel=\"noopener noreferrer\">WYNIKI ANKIETY DLA RODZIC\u00d3W DOTYCZ\u0104CEJ ZDALNEJ PRACY<br \/>NAUCZYCIELI PRZEDSZKOLA MIEJSKIEGO NR 10 W JA\u015aLE<\/a><\/strong><\/p>\n\n\n<hr class=\"wp-block-separator has-css-opacity\"\/>\n\n\n<div class=\"wp-block-image\">\n<figure class=\"aligncenter size-large\"><img loading=\"lazy\" decoding=\"async\" width=\"672\" height=\"332\" src=\"http:\/\/www.pm10jaslo.pl\/wp-content\/uploads\/2020\/03\/1-21110.jpg\" alt=\"\" class=\"wp-image-17792\" srcset=\"https:\/\/www.pm10jaslo.pl\/wp-content\/uploads\/2020\/03\/1-21110.jpg 672w, https:\/\/www.pm10jaslo.pl\/wp-content\/uploads\/2020\/03\/1-21110-300x148.jpg 300w, https:\/\/www.pm10jaslo.pl\/wp-content\/uploads\/2020\/03\/1-21110-250x124.jpg 250w, https:\/\/www.pm10jaslo.pl\/wp-content\/uploads\/2020\/03\/1-21110-150x74.jpg 150w\" sizes=\"auto, (max-width: 672px) 100vw, 672px\" \/><\/figure><\/div>\n\n\n<p><\/p>\n","protected":false},"excerpt":{"rendered":"<p>WITAMY W NASZYM PRZEDSZKOLU &#8222;Tu zaczyna si\u0119 dzieci\u0144stwo pe\u0142ne rado\u015bci&#8221; Uwaga Rodzice ! Mamy zaszczyt poinformowa\u0107 , \u017ce nasza plac\u00f3wka dosta\u0142a odznak\u0119 i dyplom PRZEDSZKOLA&nbsp;ROZWIJAJ\u0104CEGO TALENTY i PRZEDSZKOLA&nbsp;BEZPIECZNE &amp; ZDROWE.&nbsp;Przedszkole Miejskie Nr 10 w Ja\u015ble to miejsce, w kt\u00f3rym dzieci rozwijaj\u0105 si\u0119 w przyjaznej, bezpiecznej i wspieraj\u0105cej atmosferze. To idealne\u2026 <a class=\"continue-reading-link\" href=\"https:\/\/www.pm10jaslo.pl\/\">Czytaj dalej<\/a><\/p>\n","protected":false},"author":1,"featured_media":0,"parent":0,"menu_order":0,"comment_status":"closed","ping_status":"closed","template":"","meta":{"ngg_post_thumbnail":0,"footnotes":""},"class_list":["post-9","page","type-page","status-publish","hentry"],"_links":{"self":[{"href":"https:\/\/www.pm10jaslo.pl\/index.php?rest_route=\/wp\/v2\/pages\/9","targetHints":{"allow":["GET"]}}],"collection":[{"href":"https:\/\/www.pm10jaslo.pl\/index.php?rest_route=\/wp\/v2\/pages"}],"about":[{"href":"https:\/\/www.pm10jaslo.pl\/index.php?rest_route=\/wp\/v2\/types\/page"}],"author":[{"embeddable":true,"href":"https:\/\/www.pm10jaslo.pl\/index.php?rest_route=\/wp\/v2\/users\/1"}],"replies":[{"embeddable":true,"href":"https:\/\/www.pm10jaslo.pl\/index.php?rest_route=%2Fwp%2Fv2%2Fcomments&post=9"}],"version-history":[{"count":564,"href":"https:\/\/www.pm10jaslo.pl\/index.php?rest_route=\/wp\/v2\/pages\/9\/revisions"}],"predecessor-version":[{"id":22358,"href":"https:\/\/www.pm10jaslo.pl\/index.php?rest_route=\/wp\/v2\/pages\/9\/revisions\/22358"}],"wp:attachment":[{"href":"https:\/\/www.pm10jaslo.pl\/index.php?rest_route=%2Fwp%2Fv2%2Fmedia&parent=9"}],"curies":[{"name":"wp","href":"https:\/\/api.w.org\/{rel}","templated":true}]}}