{"id":65,"date":"2015-01-15T19:00:51","date_gmt":"2015-01-15T19:00:51","guid":{"rendered":"http:\/\/www.pm10jaslo.pl\/?page_id=65"},"modified":"2024-10-21T18:09:23","modified_gmt":"2024-10-21T18:09:23","slug":"kontakt","status":"publish","type":"page","link":"https:\/\/www.pm10jaslo.pl\/?page_id=65","title":{"rendered":"Kontakt &#8211; lokalizacja"},"content":{"rendered":"<hr>\n<p style=\"text-align: left;\">Przedszkole Miejskie Nr 10 w Ja\u015ble<br \/>\nul. Ducala 3, 38-200 Jas\u0142o,<br \/>\n<b>tel: 13 44-630-16<\/b><\/p>\n<p style=\"text-align: left;\"><a href=\"http:\/\/www.facebook.com\/p\/Przedszkole-Miejskie-nr-10-w-Ja\u015ble-100057360321637\" target=\"_blank\" rel=\"noopener\"><b>Facebook<\/b><\/a><b><\/b><\/p>\n<p style=\"text-align: left;\">e-mail: pm10@um.jaslo.pl<a title=\"Zumi.pl - baza firm i us\u0142ug, mapy i plany miast, zdj\u0119cia satelitarne\" href=\"http:\/\/www.zumi.pl\/501567,Przedszkole_Miejskie_Nr_10_w_Ja%B6le,Jaslo,firma.html?src=2\" target=\"_blank\" rel=\"noopener\">Zobacz w Zumi \u00bb<\/a><\/p>\n<p style=\"text-align: left;\"><iframe loading=\"lazy\" src=\"https:\/\/mapy.google.pl\/maps?q=49.742828,21.470139&amp;num=1&amp;hl=pl&amp;ie=UTF8&amp;t=m&amp;z=14&amp;ll=49.742828,21.47016&amp;output=embed\" width=\"425\" height=\"350\" frameborder=\"0\" marginwidth=\"0\" marginheight=\"0\" scrolling=\"no\"><\/iframe><br \/>\n<small>Poka\u017c <a href=\"https:\/\/mapy.google.pl\/maps?q=49.742828,21.470139&amp;num=1&amp;hl=pl&amp;ie=UTF8&amp;t=m&amp;z=14&amp;ll=49.742828,21.47016&amp;source=embed\" target=\"_blank\" rel=\"noopener\">PM 10 w Ja\u015ble<\/a> na wi\u0119kszej mapie<\/small><\/p>\n","protected":false},"excerpt":{"rendered":"<p>Przedszkole Miejskie Nr 10 w Ja\u015ble ul. Ducala 3, 38-200 Jas\u0142o, tel: 13 44-630-16 Facebook e-mail: pm10@um.jaslo.plZobacz w Zumi \u00bb Poka\u017c PM 10 w Ja\u015ble na wi\u0119kszej mapie <a class=\"continue-reading-link\" href=\"https:\/\/www.pm10jaslo.pl\/?page_id=65\">Czytaj dalej<\/a><\/p>\n","protected":false},"author":1,"featured_media":0,"parent":0,"menu_order":12,"comment_status":"closed","ping_status":"closed","template":"","meta":{"ngg_post_thumbnail":0,"footnotes":""},"class_list":["post-65","page","type-page","status-publish","hentry"],"_links":{"self":[{"href":"https:\/\/www.pm10jaslo.pl\/index.php?rest_route=\/wp\/v2\/pages\/65","targetHints":{"allow":["GET"]}}],"collection":[{"href":"https:\/\/www.pm10jaslo.pl\/index.php?rest_route=\/wp\/v2\/pages"}],"about":[{"href":"https:\/\/www.pm10jaslo.pl\/index.php?rest_route=\/wp\/v2\/types\/page"}],"author":[{"embeddable":true,"href":"https:\/\/www.pm10jaslo.pl\/index.php?rest_route=\/wp\/v2\/users\/1"}],"replies":[{"embeddable":true,"href":"https:\/\/www.pm10jaslo.pl\/index.php?rest_route=%2Fwp%2Fv2%2Fcomments&post=65"}],"version-history":[{"count":14,"href":"https:\/\/www.pm10jaslo.pl\/index.php?rest_route=\/wp\/v2\/pages\/65\/revisions"}],"predecessor-version":[{"id":21634,"href":"https:\/\/www.pm10jaslo.pl\/index.php?rest_route=\/wp\/v2\/pages\/65\/revisions\/21634"}],"wp:attachment":[{"href":"https:\/\/www.pm10jaslo.pl\/index.php?rest_route=%2Fwp%2Fv2%2Fmedia&parent=65"}],"curies":[{"name":"wp","href":"https:\/\/api.w.org\/{rel}","templated":true}]}}