{"id":63,"date":"2015-01-15T19:00:32","date_gmt":"2015-01-15T19:00:32","guid":{"rendered":"http:\/\/www.pm10jaslo.pl\/?page_id=63"},"modified":"2026-01-24T11:23:22","modified_gmt":"2026-01-24T11:23:22","slug":"rada-rodzicow","status":"publish","type":"page","link":"https:\/\/www.pm10jaslo.pl\/?page_id=63","title":{"rendered":"Rada Rodzic\u00f3w"},"content":{"rendered":"\n<figure class=\"wp-block-table is-style-stripes\"><table class=\"has-pale-cyan-blue-background-color has-background has-fixed-layout\"><thead><tr><th>RADA G\u0141\u00d3WNA<\/th><th><\/th><\/tr><\/thead><tbody><tr><td>Anna Kwiatkowska<\/td><td>dyrektor<\/td><\/tr><tr><td>Gabriela Homlak<\/td><td>przewodnicz\u0105ca Rady Rodzic\u00f3w<\/td><\/tr><tr><td>Mariusz Bezak<\/td><td>zast\u0119pca przewodnicz\u0105cego<\/td><\/tr><tr><td>Iwona Weso\u0142owska<\/td><td>skarbnik<\/td><\/tr><tr><td>Sylwia Kosiek<\/td><td>sekretarz<\/td><\/tr><tr><td>Ewelina \u017burowska-Maczuga<\/td><td>cz\u0142onek<\/td><\/tr><\/tbody><\/table><\/figure>\n\n\n\n<figure class=\"wp-block-table is-style-stripes\"><table class=\"has-pale-cyan-blue-background-color has-background has-fixed-layout\"><thead><tr><th>TR\u00d3JKI RADY RODZIC\u00d3W<\/th><th><\/th><\/tr><\/thead><tbody><tr><td><strong>Oddzia\u0142 I<\/strong><\/td><td><strong>Oddzia\u0142 II<\/strong><\/td><\/tr><tr><td>Gabriela Homlak<\/td><td>Sylwia Kosiek<\/td><\/tr><tr><td>Magdalena \u017bychowska<\/td><td>Anna Gawron<\/td><\/tr><tr><td>Ewelina Mikrut<\/td><td>Anna Juszczyk<\/td><\/tr><tr><td><strong>Oddzia\u0142 III<\/strong><\/td><td><strong>Oddzia\u0142 IV<\/strong><\/td><\/tr><tr><td>Iwona Weso\u0142owska<\/td><td>Mariusz Bezak<\/td><\/tr><tr><td>Klaudia My\u015bliwiec<\/td><td>Magdalena Dyba\u015b<\/td><\/tr><tr><td>Anna Kania<\/td><td>Piotr Pietraszewski<\/td><\/tr><tr><td><strong>Oddzia\u0142 V<\/strong><\/td><td><\/td><\/tr><tr><td>Ewelina \u017burowska-Maczuga<\/td><td><\/td><\/tr><tr><td>Aleksandra Ruszaj<\/td><td><\/td><\/tr><tr><td>Anna Stefan<\/td><td><\/td><\/tr><\/tbody><\/table><\/figure>\n\n\n<hr>\n<p style=\"text-align: center;\">Sk\u0142adka na Rad\u0119 Rodzic\u00f3w Przedszkola Miejskiego Nr 10 w roku szkolnym 2025\/2026 wynosi <strong>150 z\u0142.<\/strong><br \/>Kwot\u0119 nale\u017cy wp\u0142aca\u0107 na konto Rady Rodzic\u00f3w<\/p>\n<p style=\"text-align: center;\"><strong>BANK SP\u00d3\u0141DZIELCZY W BIECZU<br \/>Nr rachunku : 50 8627 1011 2012 1200 9868 0001<\/strong><\/p>\n<p style=\"text-align: center;\">lub u skarbnika Rady Rodzic\u00f3w.<\/p>\n<p><strong>Termin wp\u0142at:<\/strong><\/p>\n<ul>\n<li>za pierwsze dziecko &#8211; pa\u017adziernik 2025r.<\/li>\n<li>za drugie dziecko &#8211; do ko\u0144ca stycznia 2026r.<\/li>\n<\/ul>\n<p style=\"text-align: center;\">&nbsp;Wp\u0142acaj\u0105c na konto <strong>Rady Rodzic\u00f3w<\/strong> nale\u017cy w rubryce <em><strong>TYTU\u0141EM <\/strong><\/em>wpisa\u0107<strong> IMI\u0118 I NAZWISKO DZIECKA<\/strong><\/p>\n<p style=\"text-align: center;\">Wp\u0142aty got\u00f3wkowe na Rad\u0119 Rodzic\u00f3w, dokonane w PBS w Ja\u015ble, ul. Ko\u015bciuszki 38, <strong>b\u0119d\u0105 bezp\u0142atne.<\/strong><\/p>\n<hr>\n<p>&nbsp;<\/p>\n<h5 style=\"text-align: left;\">Wsp\u00f3\u0142praca z rodzicami<\/h5>\n<p style=\"text-align: justify;\">W procesie wychowania i edukacji w przedszkolu powinni bra\u0107 aktywny udzia\u0142 rodzice, jako partnerzy w procesie wychowania. Zadaniem wszystkich pracownik\u00f3w plac\u00f3wki jest dba\u0142o\u015b\u0107 o pozytywne relacje z rodzicami wychowank\u00f3w.<\/p>\n<p style=\"text-align: justify;\"><strong>Zasady wsp\u00f3\u0142pracy opieraj\u0105 si\u0119 o:<\/strong><\/p>\n<ul>\n<li>przekazywanie rodzicom rzetelnej informacji na temat post\u0119p\u00f3w dziecka, jego zachowania i przyczyn ewentualnych niepowodze\u0144,<\/li>\n<li>zapewnienie rodzicom pomocy psychologiczno &#8211; pedagogicznej; okazywanie im pomocy w dzia\u0142aniach wychowawczych wobec dzieci i otrzymywanie od nich pomocy w dzia\u0142aniach podejmowanych przez nauczycieli,<\/li>\n<li>w\u0142\u0105cznie rodzic\u00f3w i innych cz\u0142onk\u00f3w rodzin do podejmowania dzia\u0142a\u0144 na rzecz przedszkola,<\/li>\n<li>szerzenie wiedzy pedagogicznej w\u015br\u00f3d rodzic\u00f3w,<\/li>\n<li>tworzenie pozytywnej atmosfery w kontaktach z rodzina dziecka.<\/li>\n<\/ul>\n<p><strong>Celem wsp\u00f3\u0142pracy przedszkola z rodzicami jest:<\/strong><\/p>\n<ol>\n<li>Ujednolicenie oddzia\u0142ywa\u0144 opieku\u0144czo \u2013 wychowawczych wzgl\u0119dem dziecka.<\/li>\n<li>Nawi\u0105zanie dobrego kontaktu z rodzicami i przekazywanie informacji dziecku w ramach kontakt\u00f3w indywidualnych.<\/li>\n<li>Zapoznanie z planami, programami pracy, programami naprawczymi, obserwacj\u0105, diagnoz\u0105 i inn\u0105 dokumentacj\u0105 dotycz\u0105c\u0105 dziecka.<\/li>\n<li>Pedagogizacja rodzic\u00f3w.<\/li>\n<li>Integracja ze \u015brodowiskiem rodzinnym podczas r\u00f3\u017cnych wydarze\u0144 z \u017cycia przedszkola.<\/li>\n<li>Poznawanie i realizacja oczekiwa\u0144 rodzic\u00f3w wzgl\u0119dem przedszkola.<\/li>\n<li>Informowanie o stanie gotowo\u015bci szkolnej rodzic\u00f3w dzieci 5 \u2013 6 letnich.<\/li>\n<li>Rozpoznawanie przyczyn trudno\u015bci wychowawczych, ustalanie wzajemnego doboru metod oddzia\u0142ywania wzgl\u0119dem dziecka i sposob\u00f3w udzielania mu pomocy.<\/li>\n<li>Ukazanie przedszkola, jako plac\u00f3wki aktywnej, realizuj\u0105cej oczekiwania rodzic\u00f3w.<\/li>\n<li>Anga\u017cowanie rodzic\u00f3w w prace na rzecz przedszkola.<\/li>\n<\/ol>\n<p><strong>Formy wsp\u00f3\u0142pracy z rodzicami obejmuj\u0105:<\/strong><\/p>\n<ul>\n<li>zebrania og\u00f3lne z rodzicami oraz z Rad\u0105 Rodzic\u00f3w,<\/li>\n<li>zebrania grupowe,<\/li>\n<li>zaj\u0119cia adaptacyjne dla dzieci nowo przyj\u0119tych do przedszkola,<\/li>\n<li>konsultacje indywidualne prowadzone z inicjatywy nauczyciela lub rodzica,<\/li>\n<li>prowadzenie k\u0105cik\u00f3w grupowych dla rodzic\u00f3w, m.in. informacje na temat realizacji podstawy programowej wychowania przedszkolnego, eksponowanie prac dzieci,<\/li>\n<li>prowadzenie k\u0105cika og\u00f3lnego &#8211; informacyjnego dla wszystkich rodzic\u00f3w,<\/li>\n<li>organizacj\u0119 i prowadzenie zaj\u0119\u0107 otwartych dla rodzic\u00f3w,<\/li>\n<li>organizacj\u0119 szkole\u0144 z udzia\u0142em specjalist\u00f3w, np. psychologiem,<\/li>\n<li>organizacj\u0119 imprez i uroczysto\u015bci przedszkolnych, takich jak: miko\u0142ajki, bal karnawa\u0142owy, Dzie\u0144 Babci i Dziadka, Dzie\u0144 Matki i Ojca oraz uroczysto\u015bci okoliczno\u015bciowych zaspakajaj\u0105cych potrzeby rodzic\u00f3w, np. inscenizacje, konkursy, koncerty, wystawy, kiermasze,<\/li>\n<li>prowadzenie strony internetowej przedszkola,<\/li>\n<li>konkursy, prezentacje, wycieczki, przegl\u0105dy, akcje,<\/li>\n<li>anga\u017cowanie rodzic\u00f3w w prac\u0119 na rzecz przedszkola i grup, poprzez pomoc organizacyjn\u0105 i rzeczow\u0105 oraz pozyskiwanie sponsor\u00f3w.<\/li>\n<\/ul>\n\n<p><a href=\"http:\/\/www.pm10jaslo.pl\/wp-content\/uploads\/2025\/04\/Podsumowanie-Ankiety.pdf\"><strong>Podsumowanie Ankiety dla Rodzic\u00f3w<\/strong><\/a><\/p>\n<p>W jakie dzia\u0142ania wzmacniaj\u0105ce spo\u0142eczne wi\u0119zi ca\u0142ej spo\u0142eczno\u015bci<br>przedszkolnej chcia\u0142abym si\u0119 zaanga\u017cowa\u0107, co wp\u0142ywa na klimat przedszkola?<\/p>","protected":false},"excerpt":{"rendered":"<p>RADA G\u0141\u00d3WNA Anna Kwiatkowska dyrektor Gabriela Homlak przewodnicz\u0105ca Rady Rodzic\u00f3w Mariusz Bezak zast\u0119pca przewodnicz\u0105cego Iwona Weso\u0142owska skarbnik Sylwia Kosiek sekretarz Ewelina \u017burowska-Maczuga cz\u0142onek TR\u00d3JKI RADY RODZIC\u00d3W Oddzia\u0142 I Oddzia\u0142 II Gabriela Homlak Sylwia Kosiek Magdalena \u017bychowska Anna Gawron Ewelina Mikrut Anna Juszczyk Oddzia\u0142 III Oddzia\u0142 IV Iwona Weso\u0142owska Mariusz Bezak\u2026 <a class=\"continue-reading-link\" href=\"https:\/\/www.pm10jaslo.pl\/?page_id=63\">Czytaj dalej<\/a><\/p>\n","protected":false},"author":1,"featured_media":0,"parent":0,"menu_order":11,"comment_status":"closed","ping_status":"closed","template":"","meta":{"ngg_post_thumbnail":0,"footnotes":""},"class_list":["post-63","page","type-page","status-publish","hentry"],"_links":{"self":[{"href":"https:\/\/www.pm10jaslo.pl\/index.php?rest_route=\/wp\/v2\/pages\/63","targetHints":{"allow":["GET"]}}],"collection":[{"href":"https:\/\/www.pm10jaslo.pl\/index.php?rest_route=\/wp\/v2\/pages"}],"about":[{"href":"https:\/\/www.pm10jaslo.pl\/index.php?rest_route=\/wp\/v2\/types\/page"}],"author":[{"embeddable":true,"href":"https:\/\/www.pm10jaslo.pl\/index.php?rest_route=\/wp\/v2\/users\/1"}],"replies":[{"embeddable":true,"href":"https:\/\/www.pm10jaslo.pl\/index.php?rest_route=%2Fwp%2Fv2%2Fcomments&post=63"}],"version-history":[{"count":73,"href":"https:\/\/www.pm10jaslo.pl\/index.php?rest_route=\/wp\/v2\/pages\/63\/revisions"}],"predecessor-version":[{"id":22252,"href":"https:\/\/www.pm10jaslo.pl\/index.php?rest_route=\/wp\/v2\/pages\/63\/revisions\/22252"}],"wp:attachment":[{"href":"https:\/\/www.pm10jaslo.pl\/index.php?rest_route=%2Fwp%2Fv2%2Fmedia&parent=63"}],"curies":[{"name":"wp","href":"https:\/\/api.w.org\/{rel}","templated":true}]}}