{"id":54,"date":"2015-01-15T18:58:54","date_gmt":"2015-01-15T18:58:54","guid":{"rendered":"http:\/\/www.pm10jaslo.pl\/?page_id=54"},"modified":"2025-09-24T17:44:03","modified_gmt":"2025-09-24T17:44:03","slug":"dokumenty-przedszkola","status":"publish","type":"page","link":"https:\/\/www.pm10jaslo.pl\/?page_id=54","title":{"rendered":"Dokumenty przedszkola"},"content":{"rendered":"<hr>\n<p><strong><a href=\"http:\/\/www.pm10jaslo.pl\/wp-content\/uploads\/2024\/10\/Statut-2024.pdf\">STATUT PRZEDSZKOLA MIEJSKIEGO NR 10 W JA\u015aLE<\/a><\/strong><\/p>\n<p><a href=\"http:\/\/www.pm10jaslo.pl\/wp-content\/uploads\/2025\/09\/Roczny-plan-pracy-2025-26.pdf\"><strong>ROCZNY PLAN PRACY<\/strong><\/a><\/p>\n<p><a href=\"http:\/\/www.pm10jaslo.pl\/wp-content\/uploads\/2025\/09\/Plan-kokursow_25_26.pdf\"><strong>PLAN KONKURS\u00d3W<\/strong><\/a><\/p>\n<p><strong><a href=\"http:\/\/www.pm10jaslo.pl\/wp-content\/uploads\/2025\/09\/Plan-uroczystosci_25_26.pdf\">KALENDARZ UROCZYSTO\u015aCI PRZEDSZKOLNYCH<\/a><\/strong><\/p>\n<p><strong><a title=\"Konwencja praw dziecka\" href=\"http:\/\/www.pm10jaslo.pl\/wp-content\/uploads\/2015\/01\/Konwencja-praw-dziecka.pdf\" target=\"_blank\" rel=\"noopener noreferrer\">KONWENCJA PRAW DZIECKA<\/a><\/strong><\/p>\n<p><a href=\"http:\/\/www.pm10jaslo.pl\/wp-content\/uploads\/2024\/10\/REGULAMIN-KORZYSTANIA-Z-DZIENNIKA-ELEKTRONICZNEGO.pdf\"><strong>REGULAMIN KORZYSTANIA Z DZIENNIKA ELEKTRONICZNEGO<\/strong><\/a><\/p>\n<hr>\n<p><span style=\"color: #0000ff;\"><a title=\"Procedury obowi\u0105zuj\u0105ce w Przedszkolu Miejskim Nr 10 w Ja\u015ble\" href=\"http:\/\/www.pm10jaslo.pl\/?page_id=1874\"><strong>PROCEDURY OBOWI\u0104ZUJ\u0104CE W PRZEDSZKOLU MIEJSKIM NR 10 W JA\u015aLE<\/strong><\/a><br \/>\n<\/span><\/p>\n<p><a href=\"http:\/\/www.pm10jaslo.pl\/wp-content\/uploads\/2020\/09\/21.-Wewn\u0119trzna-procedura-zapewnienia-bezpiecze\u0144stwa-w-przedszkolu-od-1.09.20.pdf\" target=\"_blank\" rel=\"noopener noreferrer\"><strong>WEWN\u0118TRZNA PROCEDURA ZAPEWNIENIA BEZPIECZE\u0143STWA W PRZEDSZKOLU<\/strong><\/a><\/p>\n<p><a href=\"http:\/\/www.pm10jaslo.pl\/wp-content\/uploads\/2020\/09\/PROCEDURA-POST\u0118POWANIA-NA-WYPADEK-PODEJRZENIA-ZAKA\u017bENIA-COVID.pdf\" target=\"_blank\" rel=\"noopener noreferrer\"><strong>PROCEDURA POST\u0118POWANIA NA WYPADEK PODEJRZENIA ZAKA\u017bENIA KORONAWIRUSEM<\/strong><\/a><\/p>\n<hr>\n<p><strong><a href=\"http:\/\/www.pm10jaslo.pl\/wp-content\/uploads\/2022\/11\/System-wzmocniania-pozytywnych-zachowan.pdf\" target=\"_blank\" rel=\"noopener\">SYSTEM WZMACNIANIA POZYTYWNYCH ZACHOWA\u0143<\/a><\/strong><\/p>\n","protected":false},"excerpt":{"rendered":"<p>STATUT PRZEDSZKOLA MIEJSKIEGO NR 10 W JA\u015aLE ROCZNY PLAN PRACY PLAN KONKURS\u00d3W KALENDARZ UROCZYSTO\u015aCI PRZEDSZKOLNYCH KONWENCJA PRAW DZIECKA REGULAMIN KORZYSTANIA Z DZIENNIKA ELEKTRONICZNEGO PROCEDURY OBOWI\u0104ZUJ\u0104CE W PRZEDSZKOLU MIEJSKIM NR 10 W JA\u015aLE WEWN\u0118TRZNA PROCEDURA ZAPEWNIENIA BEZPIECZE\u0143STWA W PRZEDSZKOLU PROCEDURA POST\u0118POWANIA NA WYPADEK PODEJRZENIA ZAKA\u017bENIA KORONAWIRUSEM SYSTEM WZMACNIANIA POZYTYWNYCH ZACHOWA\u0143 <a class=\"continue-reading-link\" href=\"https:\/\/www.pm10jaslo.pl\/?page_id=54\">Czytaj dalej<\/a><\/p>\n","protected":false},"author":1,"featured_media":0,"parent":0,"menu_order":3,"comment_status":"closed","ping_status":"closed","template":"","meta":{"ngg_post_thumbnail":0,"footnotes":""},"class_list":["post-54","page","type-page","status-publish","hentry"],"_links":{"self":[{"href":"https:\/\/www.pm10jaslo.pl\/index.php?rest_route=\/wp\/v2\/pages\/54","targetHints":{"allow":["GET"]}}],"collection":[{"href":"https:\/\/www.pm10jaslo.pl\/index.php?rest_route=\/wp\/v2\/pages"}],"about":[{"href":"https:\/\/www.pm10jaslo.pl\/index.php?rest_route=\/wp\/v2\/types\/page"}],"author":[{"embeddable":true,"href":"https:\/\/www.pm10jaslo.pl\/index.php?rest_route=\/wp\/v2\/users\/1"}],"replies":[{"embeddable":true,"href":"https:\/\/www.pm10jaslo.pl\/index.php?rest_route=%2Fwp%2Fv2%2Fcomments&post=54"}],"version-history":[{"count":90,"href":"https:\/\/www.pm10jaslo.pl\/index.php?rest_route=\/wp\/v2\/pages\/54\/revisions"}],"predecessor-version":[{"id":22150,"href":"https:\/\/www.pm10jaslo.pl\/index.php?rest_route=\/wp\/v2\/pages\/54\/revisions\/22150"}],"wp:attachment":[{"href":"https:\/\/www.pm10jaslo.pl\/index.php?rest_route=%2Fwp%2Fv2%2Fmedia&parent=54"}],"curies":[{"name":"wp","href":"https:\/\/api.w.org\/{rel}","templated":true}]}}