{"id":42,"date":"2015-01-15T18:55:04","date_gmt":"2015-01-15T18:55:04","guid":{"rendered":"http:\/\/www.pm10jaslo.pl\/?page_id=42"},"modified":"2024-10-22T18:03:53","modified_gmt":"2024-10-22T18:03:53","slug":"o-nas","status":"publish","type":"page","link":"https:\/\/www.pm10jaslo.pl\/?page_id=42","title":{"rendered":"O nas"},"content":{"rendered":"\n<figure class=\"wp-block-table is-style-stripes\"><table class=\"has-cyan-bluish-gray-background-color has-background has-fixed-layout\"><thead><tr><th>Kadra pedagogiczna<\/th><th>Stopie\u0144 awansu zawodowego<\/th><\/tr><\/thead><tbody><tr><td>mgr Anna Kwiatkowska &#8211; dyrektor<\/td><td>nauczyciel dyplomowany<\/td><\/tr><tr><td>mgr Renata Le\u015bniak<\/td><td>nauczyciel dyplomowany<\/td><\/tr><tr><td>mgr Beata Cholewiak<\/td><td>nauczyciel dyplomowany<\/td><\/tr><tr><td>mgr Renata Zemrys<\/td><td>nauczyciel dyplomowany<\/td><\/tr><tr><td>mgr Monika Lechowska<\/td><td>nauczyciel dyplomowany<\/td><\/tr><tr><td>mgr Aneta Czelu\u015bniak<\/td><td>nauczyciel mianowany<\/td><\/tr><tr><td>mgr Katarzyna Tryniecka<\/td><td>nauczyciel kontraktowy<\/td><\/tr><tr><td>mgr Paulina Ryznar &#8211; Ros\u00f3\u0142<\/td><td>nauczyciel kontraktowy<\/td><\/tr><tr><td>mgr Ewelina W\u0119grzyn<\/td><td>nauczyciel kontraktowy<\/td><\/tr><tr><td>mgr Klaudia Janicka<\/td><td>nauczyciel mianowany<\/td><\/tr><tr><td>mgr Mariola Zajdel<\/td><td>nauczyciel kontraktowy<\/td><\/tr><\/tbody><\/table><\/figure>\n\n\n\n<figure class=\"wp-block-table is-style-stripes\"><table class=\"has-pale-cyan-blue-background-color has-background has-fixed-layout\"><thead><tr><th>Pracownicy administracji i obs\u0142ugi<\/th><th>Stanowisko<\/th><\/tr><\/thead><tbody><tr><td>Anna Kaszowicz<\/td><td>intendent<\/td><\/tr><tr><td>Jolanta Kotulak<\/td><td>pomoc wychowawcza<\/td><\/tr><tr><td>Agnieszka \u015ali\u017c<\/td><td>wo\u017ana<\/td><\/tr><tr><td>Katarzyna G\u0142\u0105b<\/td><td>wo\u017ana<\/td><\/tr><tr><td>Agnieszka Rowi\u0144ska<\/td><td>wo\u017ana<\/td><\/tr><tr><td>Anna Konop<\/td><td>kucharka<\/td><\/tr><tr><td>mgr Monika Hajnosz<\/td><td>pomoc kuchenna<\/td><\/tr><tr><td>Robert Pa\u0142ac<\/td><td>konserwator<\/td><\/tr><\/tbody><\/table><\/figure>\n","protected":false},"excerpt":{"rendered":"<p>Kadra pedagogiczna Stopie\u0144 awansu zawodowego mgr Anna Kwiatkowska &#8211; dyrektor nauczyciel dyplomowany mgr Renata Le\u015bniak nauczyciel dyplomowany mgr Beata Cholewiak nauczyciel dyplomowany mgr Renata Zemrys nauczyciel dyplomowany mgr Monika Lechowska nauczyciel dyplomowany mgr Aneta Czelu\u015bniak nauczyciel mianowany mgr Katarzyna Tryniecka nauczyciel kontraktowy mgr Paulina Ryznar &#8211; Ros\u00f3\u0142 nauczyciel kontraktowy mgr\u2026 <a class=\"continue-reading-link\" href=\"https:\/\/www.pm10jaslo.pl\/?page_id=42\">Czytaj dalej<\/a><\/p>\n","protected":false},"author":1,"featured_media":0,"parent":0,"menu_order":1,"comment_status":"closed","ping_status":"closed","template":"","meta":{"ngg_post_thumbnail":0,"footnotes":""},"class_list":["post-42","page","type-page","status-publish","hentry"],"_links":{"self":[{"href":"https:\/\/www.pm10jaslo.pl\/index.php?rest_route=\/wp\/v2\/pages\/42","targetHints":{"allow":["GET"]}}],"collection":[{"href":"https:\/\/www.pm10jaslo.pl\/index.php?rest_route=\/wp\/v2\/pages"}],"about":[{"href":"https:\/\/www.pm10jaslo.pl\/index.php?rest_route=\/wp\/v2\/types\/page"}],"author":[{"embeddable":true,"href":"https:\/\/www.pm10jaslo.pl\/index.php?rest_route=\/wp\/v2\/users\/1"}],"replies":[{"embeddable":true,"href":"https:\/\/www.pm10jaslo.pl\/index.php?rest_route=%2Fwp%2Fv2%2Fcomments&post=42"}],"version-history":[{"count":26,"href":"https:\/\/www.pm10jaslo.pl\/index.php?rest_route=\/wp\/v2\/pages\/42\/revisions"}],"predecessor-version":[{"id":21643,"href":"https:\/\/www.pm10jaslo.pl\/index.php?rest_route=\/wp\/v2\/pages\/42\/revisions\/21643"}],"wp:attachment":[{"href":"https:\/\/www.pm10jaslo.pl\/index.php?rest_route=%2Fwp%2Fv2%2Fmedia&parent=42"}],"curies":[{"name":"wp","href":"https:\/\/api.w.org\/{rel}","templated":true}]}}