{"id":22281,"date":"2026-02-22T15:53:44","date_gmt":"2026-02-22T15:53:44","guid":{"rendered":"https:\/\/www.pm10jaslo.pl\/?page_id=22281"},"modified":"2026-02-22T15:53:44","modified_gmt":"2026-02-22T15:53:44","slug":"sztuka-przyjazni-wedlug-muminkow","status":"publish","type":"page","link":"https:\/\/www.pm10jaslo.pl\/?page_id=22281","title":{"rendered":"Sztuka przyja\u017ani wed\u0142ug Mumink\u00f3w"},"content":{"rendered":"\n<iframe loading=\"lazy\" width=\"560\" height=\"315\" src=\"https:\/\/www.youtube.com\/embed\/FszInIv9-AA?si=uCRsPTgilZAQJi0w\" title=\"YouTube video player\" frameborder=\"0\" allow=\"accelerometer; autoplay; clipboard-write; encrypted-media; gyroscope; picture-in-picture; web-share\" referrerpolicy=\"strict-origin-when-cross-origin\" allowfullscreen><\/iframe>\n\n\n<p style=\"text-align: right;\">Opracowanie: Renata Zemrys<\/p>","protected":false},"excerpt":{"rendered":"<p>Opracowanie: Renata Zemrys <a class=\"continue-reading-link\" href=\"https:\/\/www.pm10jaslo.pl\/?page_id=22281\">Czytaj dalej<\/a><\/p>\n","protected":false},"author":1,"featured_media":0,"parent":0,"menu_order":0,"comment_status":"closed","ping_status":"closed","template":"","meta":{"ngg_post_thumbnail":0,"footnotes":""},"class_list":["post-22281","page","type-page","status-publish","hentry"],"_links":{"self":[{"href":"https:\/\/www.pm10jaslo.pl\/index.php?rest_route=\/wp\/v2\/pages\/22281","targetHints":{"allow":["GET"]}}],"collection":[{"href":"https:\/\/www.pm10jaslo.pl\/index.php?rest_route=\/wp\/v2\/pages"}],"about":[{"href":"https:\/\/www.pm10jaslo.pl\/index.php?rest_route=\/wp\/v2\/types\/page"}],"author":[{"embeddable":true,"href":"https:\/\/www.pm10jaslo.pl\/index.php?rest_route=\/wp\/v2\/users\/1"}],"replies":[{"embeddable":true,"href":"https:\/\/www.pm10jaslo.pl\/index.php?rest_route=%2Fwp%2Fv2%2Fcomments&post=22281"}],"version-history":[{"count":1,"href":"https:\/\/www.pm10jaslo.pl\/index.php?rest_route=\/wp\/v2\/pages\/22281\/revisions"}],"predecessor-version":[{"id":22282,"href":"https:\/\/www.pm10jaslo.pl\/index.php?rest_route=\/wp\/v2\/pages\/22281\/revisions\/22282"}],"wp:attachment":[{"href":"https:\/\/www.pm10jaslo.pl\/index.php?rest_route=%2Fwp%2Fv2%2Fmedia&parent=22281"}],"curies":[{"name":"wp","href":"https:\/\/api.w.org\/{rel}","templated":true}]}}