{"id":22197,"date":"2025-11-16T19:10:35","date_gmt":"2025-11-16T19:10:35","guid":{"rendered":"https:\/\/www.pm10jaslo.pl\/?page_id=22197"},"modified":"2025-11-16T19:10:35","modified_gmt":"2025-11-16T19:10:35","slug":"bialo-czerwony-dzien-w-grupie-sloneczka","status":"publish","type":"page","link":"https:\/\/www.pm10jaslo.pl\/?page_id=22197","title":{"rendered":"Bia\u0142o-czerwony dzie\u0144 w grupie S\u0142oneczka"},"content":{"rendered":"\n<iframe loading=\"lazy\" width=\"560\" height=\"315\" src=\"https:\/\/www.youtube.com\/embed\/eyiXaxnpx-I?si=a_j6ckxanyk6OeQE\" title=\"YouTube video player\" frameborder=\"0\" allow=\"accelerometer; autoplay; clipboard-write; encrypted-media; gyroscope; picture-in-picture; web-share\" referrerpolicy=\"strict-origin-when-cross-origin\" allowfullscreen><\/iframe>\n\n\n<p style=\"text-align: right;\">Opracowanie: Renata Zemrys<\/p>\n\n\n<p><\/p>\n","protected":false},"excerpt":{"rendered":"<p>Opracowanie: Renata Zemrys <a class=\"continue-reading-link\" href=\"https:\/\/www.pm10jaslo.pl\/?page_id=22197\">Czytaj dalej<\/a><\/p>\n","protected":false},"author":1,"featured_media":0,"parent":0,"menu_order":0,"comment_status":"closed","ping_status":"closed","template":"","meta":{"ngg_post_thumbnail":0,"footnotes":""},"class_list":["post-22197","page","type-page","status-publish","hentry"],"_links":{"self":[{"href":"https:\/\/www.pm10jaslo.pl\/index.php?rest_route=\/wp\/v2\/pages\/22197","targetHints":{"allow":["GET"]}}],"collection":[{"href":"https:\/\/www.pm10jaslo.pl\/index.php?rest_route=\/wp\/v2\/pages"}],"about":[{"href":"https:\/\/www.pm10jaslo.pl\/index.php?rest_route=\/wp\/v2\/types\/page"}],"author":[{"embeddable":true,"href":"https:\/\/www.pm10jaslo.pl\/index.php?rest_route=\/wp\/v2\/users\/1"}],"replies":[{"embeddable":true,"href":"https:\/\/www.pm10jaslo.pl\/index.php?rest_route=%2Fwp%2Fv2%2Fcomments&post=22197"}],"version-history":[{"count":1,"href":"https:\/\/www.pm10jaslo.pl\/index.php?rest_route=\/wp\/v2\/pages\/22197\/revisions"}],"predecessor-version":[{"id":22198,"href":"https:\/\/www.pm10jaslo.pl\/index.php?rest_route=\/wp\/v2\/pages\/22197\/revisions\/22198"}],"wp:attachment":[{"href":"https:\/\/www.pm10jaslo.pl\/index.php?rest_route=%2Fwp%2Fv2%2Fmedia&parent=22197"}],"curies":[{"name":"wp","href":"https:\/\/api.w.org\/{rel}","templated":true}]}}