{"id":22193,"date":"2025-11-11T19:25:20","date_gmt":"2025-11-11T19:25:20","guid":{"rendered":"https:\/\/www.pm10jaslo.pl\/?page_id=22193"},"modified":"2025-11-11T19:25:20","modified_gmt":"2025-11-11T19:25:20","slug":"miedzynarodowy-dzien-jeza","status":"publish","type":"page","link":"https:\/\/www.pm10jaslo.pl\/?page_id=22193","title":{"rendered":"Mi\u0119dzynarodowy Dzie\u0144 Je\u017ca"},"content":{"rendered":"\n<iframe loading=\"lazy\" width=\"560\" height=\"315\" src=\"https:\/\/www.youtube.com\/embed\/h_7ZZQf_ZDw?si=l49CSp9PGQ1iybUS\" title=\"YouTube video player\" frameborder=\"0\" allow=\"accelerometer; autoplay; clipboard-write; encrypted-media; gyroscope; picture-in-picture; web-share\" referrerpolicy=\"strict-origin-when-cross-origin\" allowfullscreen><\/iframe>\n\n\n<p style=\"text-align: right;\">Opracowanie: Beata Cholewiak<\/p>","protected":false},"excerpt":{"rendered":"<p>Opracowanie: Beata Cholewiak <a class=\"continue-reading-link\" href=\"https:\/\/www.pm10jaslo.pl\/?page_id=22193\">Czytaj dalej<\/a><\/p>\n","protected":false},"author":1,"featured_media":0,"parent":0,"menu_order":0,"comment_status":"closed","ping_status":"closed","template":"","meta":{"ngg_post_thumbnail":0,"footnotes":""},"class_list":["post-22193","page","type-page","status-publish","hentry"],"_links":{"self":[{"href":"https:\/\/www.pm10jaslo.pl\/index.php?rest_route=\/wp\/v2\/pages\/22193","targetHints":{"allow":["GET"]}}],"collection":[{"href":"https:\/\/www.pm10jaslo.pl\/index.php?rest_route=\/wp\/v2\/pages"}],"about":[{"href":"https:\/\/www.pm10jaslo.pl\/index.php?rest_route=\/wp\/v2\/types\/page"}],"author":[{"embeddable":true,"href":"https:\/\/www.pm10jaslo.pl\/index.php?rest_route=\/wp\/v2\/users\/1"}],"replies":[{"embeddable":true,"href":"https:\/\/www.pm10jaslo.pl\/index.php?rest_route=%2Fwp%2Fv2%2Fcomments&post=22193"}],"version-history":[{"count":1,"href":"https:\/\/www.pm10jaslo.pl\/index.php?rest_route=\/wp\/v2\/pages\/22193\/revisions"}],"predecessor-version":[{"id":22194,"href":"https:\/\/www.pm10jaslo.pl\/index.php?rest_route=\/wp\/v2\/pages\/22193\/revisions\/22194"}],"wp:attachment":[{"href":"https:\/\/www.pm10jaslo.pl\/index.php?rest_route=%2Fwp%2Fv2%2Fmedia&parent=22193"}],"curies":[{"name":"wp","href":"https:\/\/api.w.org\/{rel}","templated":true}]}}