{"id":21768,"date":"2025-02-12T19:25:10","date_gmt":"2025-02-12T19:25:10","guid":{"rendered":"https:\/\/www.pm10jaslo.pl\/?page_id=21768"},"modified":"2025-02-23T15:05:46","modified_gmt":"2025-02-23T15:05:46","slug":"zabawy-na-swiezym-powietrzu-zimowy-tor-przeszkod-oddzial-ii-sloneczka","status":"publish","type":"page","link":"https:\/\/www.pm10jaslo.pl\/?page_id=21768","title":{"rendered":"Zabawy na \u015bwie\u017cym powietrzu zimowy tor przeszk\u00f3d Oddzia\u0142 II \u201cS\u0142oneczka\u201d"},"content":{"rendered":"\n<iframe loading=\"lazy\" width=\"560\" height=\"315\" src=\"https:\/\/www.youtube.com\/embed\/ykXKcxot-io?si=ZOUix1nluy72y9Z4\" title=\"YouTube video player\" frameborder=\"0\" allow=\"accelerometer; autoplay; clipboard-write; encrypted-media; gyroscope; picture-in-picture; web-share\" referrerpolicy=\"strict-origin-when-cross-origin\" allowfullscreen><\/iframe>\n\n\n<p style=\"text-align: right;\">Opracowanie: Ewelina W\u0119grzyn<\/p>","protected":false},"excerpt":{"rendered":"<p>Opracowanie: Ewelina W\u0119grzyn <a class=\"continue-reading-link\" href=\"https:\/\/www.pm10jaslo.pl\/?page_id=21768\">Czytaj dalej<\/a><\/p>\n","protected":false},"author":1,"featured_media":0,"parent":0,"menu_order":0,"comment_status":"closed","ping_status":"closed","template":"","meta":{"ngg_post_thumbnail":0,"footnotes":""},"class_list":["post-21768","page","type-page","status-publish","hentry"],"_links":{"self":[{"href":"https:\/\/www.pm10jaslo.pl\/index.php?rest_route=\/wp\/v2\/pages\/21768","targetHints":{"allow":["GET"]}}],"collection":[{"href":"https:\/\/www.pm10jaslo.pl\/index.php?rest_route=\/wp\/v2\/pages"}],"about":[{"href":"https:\/\/www.pm10jaslo.pl\/index.php?rest_route=\/wp\/v2\/types\/page"}],"author":[{"embeddable":true,"href":"https:\/\/www.pm10jaslo.pl\/index.php?rest_route=\/wp\/v2\/users\/1"}],"replies":[{"embeddable":true,"href":"https:\/\/www.pm10jaslo.pl\/index.php?rest_route=%2Fwp%2Fv2%2Fcomments&post=21768"}],"version-history":[{"count":2,"href":"https:\/\/www.pm10jaslo.pl\/index.php?rest_route=\/wp\/v2\/pages\/21768\/revisions"}],"predecessor-version":[{"id":21773,"href":"https:\/\/www.pm10jaslo.pl\/index.php?rest_route=\/wp\/v2\/pages\/21768\/revisions\/21773"}],"wp:attachment":[{"href":"https:\/\/www.pm10jaslo.pl\/index.php?rest_route=%2Fwp%2Fv2%2Fmedia&parent=21768"}],"curies":[{"name":"wp","href":"https:\/\/api.w.org\/{rel}","templated":true}]}}