{"id":21594,"date":"2024-10-16T18:29:47","date_gmt":"2024-10-16T18:29:47","guid":{"rendered":"http:\/\/www.pm10jaslo.pl\/?page_id=21594"},"modified":"2024-10-16T18:30:10","modified_gmt":"2024-10-16T18:30:10","slug":"obchody-swieta-zniszczenia-i-wysiedlenia-jasla","status":"publish","type":"page","link":"https:\/\/www.pm10jaslo.pl\/?page_id=21594","title":{"rendered":"Obchody \u015bwi\u0119ta zniszczenia i wysiedlenia Jas\u0142a"},"content":{"rendered":"\n<iframe loading=\"lazy\" width=\"560\" height=\"315\" src=\"https:\/\/www.youtube.com\/embed\/EgXwHt7QC88?si=2UTuA7R8Tr9Rgg12\" title=\"YouTube video player\" frameborder=\"0\" allow=\"accelerometer; autoplay; clipboard-write; encrypted-media; gyroscope; picture-in-picture; web-share\" referrerpolicy=\"strict-origin-when-cross-origin\" allowfullscreen=\"\"><\/iframe>\n\n\n<p style=\"text-align: right;\">Opracowanie: Renata Zemrys<\/p>","protected":false},"excerpt":{"rendered":"<p>Opracowanie: Renata Zemrys <a class=\"continue-reading-link\" href=\"https:\/\/www.pm10jaslo.pl\/?page_id=21594\">Czytaj dalej<\/a><\/p>\n","protected":false},"author":1,"featured_media":0,"parent":0,"menu_order":0,"comment_status":"closed","ping_status":"closed","template":"","meta":{"ngg_post_thumbnail":0,"footnotes":""},"class_list":["post-21594","page","type-page","status-publish","hentry"],"_links":{"self":[{"href":"https:\/\/www.pm10jaslo.pl\/index.php?rest_route=\/wp\/v2\/pages\/21594","targetHints":{"allow":["GET"]}}],"collection":[{"href":"https:\/\/www.pm10jaslo.pl\/index.php?rest_route=\/wp\/v2\/pages"}],"about":[{"href":"https:\/\/www.pm10jaslo.pl\/index.php?rest_route=\/wp\/v2\/types\/page"}],"author":[{"embeddable":true,"href":"https:\/\/www.pm10jaslo.pl\/index.php?rest_route=\/wp\/v2\/users\/1"}],"replies":[{"embeddable":true,"href":"https:\/\/www.pm10jaslo.pl\/index.php?rest_route=%2Fwp%2Fv2%2Fcomments&post=21594"}],"version-history":[{"count":2,"href":"https:\/\/www.pm10jaslo.pl\/index.php?rest_route=\/wp\/v2\/pages\/21594\/revisions"}],"predecessor-version":[{"id":21596,"href":"https:\/\/www.pm10jaslo.pl\/index.php?rest_route=\/wp\/v2\/pages\/21594\/revisions\/21596"}],"wp:attachment":[{"href":"https:\/\/www.pm10jaslo.pl\/index.php?rest_route=%2Fwp%2Fv2%2Fmedia&parent=21594"}],"curies":[{"name":"wp","href":"https:\/\/api.w.org\/{rel}","templated":true}]}}