{"id":21368,"date":"2024-05-22T19:58:26","date_gmt":"2024-05-22T19:58:26","guid":{"rendered":"http:\/\/www.pm10jaslo.pl\/?page_id=21368"},"modified":"2024-09-11T21:13:25","modified_gmt":"2024-09-11T21:13:25","slug":"standardy-ochrony-dzieci-przed-krzywdzeniem","status":"publish","type":"page","link":"https:\/\/www.pm10jaslo.pl\/?page_id=21368","title":{"rendered":""},"content":{"rendered":"<p><strong>Naczeln\u0105 zasad\u0105 wszystkich dzia\u0142a\u0144 podejmowanych przez pracownik\u00f3w Przedszkola Miejskiego Nr 10 w Ja\u015ble, jest dzia\u0142anie dla dobra dziecka i w jego najlepszym interesie.<\/strong><\/p>\n<p><strong>&#8211; Pracownik plac\u00f3wki traktuje dziecko z szacunkiem oraz uwzgl\u0119dnia jego potrzeby.&nbsp;&nbsp;&nbsp;&nbsp;&nbsp;&nbsp;&nbsp;&nbsp;&nbsp;&nbsp;&nbsp;&nbsp;&nbsp;&nbsp;&nbsp;&nbsp;&nbsp;&nbsp;&nbsp;&nbsp;&nbsp;&nbsp;&nbsp;&nbsp;&nbsp;&nbsp;&nbsp;&nbsp;&nbsp;&nbsp;&nbsp;&nbsp;&nbsp;&nbsp;&nbsp;&nbsp;&nbsp;&nbsp;&nbsp; <\/strong><\/p>\n<p><strong>&#8211; Niedopuszczalne jest stosowanie przez kogokolwiek wobec dziecka przemocy, w jakikolwiek&nbsp; formie.<\/strong><\/p>\n<p><strong>&#8211; Pracownik Przedszkola, realizuj\u0105c te cele, dzia\u0142a w ramach obowi\u0105zuj\u0105cego&nbsp; prawa, przepis\u00f3w wewn\u0119trznych oraz swoich kompetencji.<\/strong><\/p>\n<p><strong>&#8211; Ka\u017cdy nauczyciel pami\u0119ta o organizowaniu zaj\u0119\u0107&nbsp; i wpisach do dziennika o zachowaniu dzieci na podstawie Standard\u00f3w<\/strong><\/p>\n<p><span style=\"color: #ff0000;\"><em><strong>Opracowany dokument jakim jest STANDARDY OCHRONY MA\u0141OLETNICH PRZED KRZYWDZENIM &nbsp;zosta\u0142 stworzony, aby zapewni\u0107 naszym wychowankom harmonijny rozw\u00f3j w atmosferze bezpiecze\u0144stwa, akceptacji i szacunku.<\/strong><\/em><\/span><\/p>\n<p><a href=\"http:\/\/www.pm10jaslo.pl\/wp-content\/uploads\/2024\/05\/Procedura-standardy-ochrony-dzieci-przed-krzywdzeniem.pdf\" data-wplink-edit=\"true\">Standardy Ochrony Dzieci przed Krzywdzeniem &#8211; procedura wersja pe\u0142na<\/a><\/p>\n<p><a href=\"http:\/\/www.pm10jaslo.pl\/wp-content\/uploads\/2024\/09\/Standardy-ochrony-maloletnich.pdf\">Standardy Ochrony Dzieci przed Krzywdzeniem &#8211; wersja skr\u00f3cona dla dzieci<\/a><\/p>\n\n\n<p><\/p>\n","protected":false},"excerpt":{"rendered":"<p>Naczeln\u0105 zasad\u0105 wszystkich dzia\u0142a\u0144 podejmowanych przez pracownik\u00f3w Przedszkola Miejskiego Nr 10 w Ja\u015ble, jest dzia\u0142anie dla dobra dziecka i w jego najlepszym interesie. &#8211; Pracownik plac\u00f3wki traktuje dziecko z szacunkiem oraz uwzgl\u0119dnia jego potrzeby.&nbsp;&nbsp;&nbsp;&nbsp;&nbsp;&nbsp;&nbsp;&nbsp;&nbsp;&nbsp;&nbsp;&nbsp;&nbsp;&nbsp;&nbsp;&nbsp;&nbsp;&nbsp;&nbsp;&nbsp;&nbsp;&nbsp;&nbsp;&nbsp;&nbsp;&nbsp;&nbsp;&nbsp;&nbsp;&nbsp;&nbsp;&nbsp;&nbsp;&nbsp;&nbsp;&nbsp;&nbsp;&nbsp;&nbsp; &#8211; Niedopuszczalne jest stosowanie przez kogokolwiek wobec dziecka przemocy, w jakikolwiek&nbsp; formie. &#8211; Pracownik Przedszkola, realizuj\u0105c\u2026 <a class=\"continue-reading-link\" href=\"https:\/\/www.pm10jaslo.pl\/?page_id=21368\">Czytaj dalej<\/a><\/p>\n","protected":false},"author":1,"featured_media":0,"parent":0,"menu_order":0,"comment_status":"closed","ping_status":"closed","template":"","meta":{"ngg_post_thumbnail":0,"footnotes":""},"class_list":["post-21368","page","type-page","status-publish","hentry"],"_links":{"self":[{"href":"https:\/\/www.pm10jaslo.pl\/index.php?rest_route=\/wp\/v2\/pages\/21368","targetHints":{"allow":["GET"]}}],"collection":[{"href":"https:\/\/www.pm10jaslo.pl\/index.php?rest_route=\/wp\/v2\/pages"}],"about":[{"href":"https:\/\/www.pm10jaslo.pl\/index.php?rest_route=\/wp\/v2\/types\/page"}],"author":[{"embeddable":true,"href":"https:\/\/www.pm10jaslo.pl\/index.php?rest_route=\/wp\/v2\/users\/1"}],"replies":[{"embeddable":true,"href":"https:\/\/www.pm10jaslo.pl\/index.php?rest_route=%2Fwp%2Fv2%2Fcomments&post=21368"}],"version-history":[{"count":8,"href":"https:\/\/www.pm10jaslo.pl\/index.php?rest_route=\/wp\/v2\/pages\/21368\/revisions"}],"predecessor-version":[{"id":21541,"href":"https:\/\/www.pm10jaslo.pl\/index.php?rest_route=\/wp\/v2\/pages\/21368\/revisions\/21541"}],"wp:attachment":[{"href":"https:\/\/www.pm10jaslo.pl\/index.php?rest_route=%2Fwp%2Fv2%2Fmedia&parent=21368"}],"curies":[{"name":"wp","href":"https:\/\/api.w.org\/{rel}","templated":true}]}}