{"id":21124,"date":"2024-01-20T16:27:52","date_gmt":"2024-01-20T16:27:52","guid":{"rendered":"http:\/\/www.pm10jaslo.pl\/?page_id=21124"},"modified":"2024-01-20T16:27:52","modified_gmt":"2024-01-20T16:27:52","slug":"zajecia-elfow-w-szkole-podstawowej-nr-1-w-jasle","status":"publish","type":"page","link":"https:\/\/www.pm10jaslo.pl\/?page_id=21124","title":{"rendered":"Zaj\u0119cia Elf\u00f3w w Szkole Podstawowej Nr 1 w Ja\u015ble"},"content":{"rendered":"\n<iframe loading=\"lazy\" width=\"560\" height=\"315\" src=\"https:\/\/www.youtube.com\/embed\/3Bh9I13Mt0w?si=2UAJZFW_G1S16qXY\" title=\"YouTube video player\" frameborder=\"0\" allow=\"accelerometer; autoplay; clipboard-write; encrypted-media; gyroscope; picture-in-picture; web-share\" allowfullscreen><\/iframe>\n\n\n<p style=\"text-align: right;\">Opracowanie: Renata Zemrys<\/p>","protected":false},"excerpt":{"rendered":"<p>Opracowanie: Renata Zemrys <a class=\"continue-reading-link\" href=\"https:\/\/www.pm10jaslo.pl\/?page_id=21124\">Czytaj dalej<\/a><\/p>\n","protected":false},"author":1,"featured_media":0,"parent":0,"menu_order":0,"comment_status":"closed","ping_status":"closed","template":"","meta":{"ngg_post_thumbnail":0,"footnotes":""},"class_list":["post-21124","page","type-page","status-publish","hentry"],"_links":{"self":[{"href":"https:\/\/www.pm10jaslo.pl\/index.php?rest_route=\/wp\/v2\/pages\/21124","targetHints":{"allow":["GET"]}}],"collection":[{"href":"https:\/\/www.pm10jaslo.pl\/index.php?rest_route=\/wp\/v2\/pages"}],"about":[{"href":"https:\/\/www.pm10jaslo.pl\/index.php?rest_route=\/wp\/v2\/types\/page"}],"author":[{"embeddable":true,"href":"https:\/\/www.pm10jaslo.pl\/index.php?rest_route=\/wp\/v2\/users\/1"}],"replies":[{"embeddable":true,"href":"https:\/\/www.pm10jaslo.pl\/index.php?rest_route=%2Fwp%2Fv2%2Fcomments&post=21124"}],"version-history":[{"count":1,"href":"https:\/\/www.pm10jaslo.pl\/index.php?rest_route=\/wp\/v2\/pages\/21124\/revisions"}],"predecessor-version":[{"id":21125,"href":"https:\/\/www.pm10jaslo.pl\/index.php?rest_route=\/wp\/v2\/pages\/21124\/revisions\/21125"}],"wp:attachment":[{"href":"https:\/\/www.pm10jaslo.pl\/index.php?rest_route=%2Fwp%2Fv2%2Fmedia&parent=21124"}],"curies":[{"name":"wp","href":"https:\/\/api.w.org\/{rel}","templated":true}]}}