{"id":20928,"date":"2023-11-21T19:30:44","date_gmt":"2023-11-21T19:30:44","guid":{"rendered":"http:\/\/www.pm10jaslo.pl\/?page_id=20928"},"modified":"2023-11-21T21:35:43","modified_gmt":"2023-11-21T21:35:43","slug":"rozwijanie-motoryki-malej-i-duzej-elfow","status":"publish","type":"page","link":"https:\/\/www.pm10jaslo.pl\/?page_id=20928","title":{"rendered":"Rozwijanie motoryki ma\u0142ej i du\u017cej Elf\u00f3w"},"content":{"rendered":"\n<iframe loading=\"lazy\" width=\"560\" height=\"315\" src=\"https:\/\/www.youtube.com\/embed\/wn6cmaBSibM?si=KotbZmI3AbmeMpft\" title=\"YouTube video player\" frameborder=\"0\" allow=\"accelerometer; autoplay; clipboard-write; encrypted-media; gyroscope; picture-in-picture; web-share\" allowfullscreen=\"\"><\/iframe>\n\n\n<p style=\"text-align: right;\">Opracowanie: Renata Zemrys<\/p>","protected":false},"excerpt":{"rendered":"<p>Opracowanie: Renata Zemrys <a class=\"continue-reading-link\" href=\"https:\/\/www.pm10jaslo.pl\/?page_id=20928\">Czytaj dalej<\/a><\/p>\n","protected":false},"author":1,"featured_media":0,"parent":0,"menu_order":0,"comment_status":"closed","ping_status":"closed","template":"","meta":{"ngg_post_thumbnail":0,"footnotes":""},"class_list":["post-20928","page","type-page","status-publish","hentry"],"_links":{"self":[{"href":"https:\/\/www.pm10jaslo.pl\/index.php?rest_route=\/wp\/v2\/pages\/20928","targetHints":{"allow":["GET"]}}],"collection":[{"href":"https:\/\/www.pm10jaslo.pl\/index.php?rest_route=\/wp\/v2\/pages"}],"about":[{"href":"https:\/\/www.pm10jaslo.pl\/index.php?rest_route=\/wp\/v2\/types\/page"}],"author":[{"embeddable":true,"href":"https:\/\/www.pm10jaslo.pl\/index.php?rest_route=\/wp\/v2\/users\/1"}],"replies":[{"embeddable":true,"href":"https:\/\/www.pm10jaslo.pl\/index.php?rest_route=%2Fwp%2Fv2%2Fcomments&post=20928"}],"version-history":[{"count":2,"href":"https:\/\/www.pm10jaslo.pl\/index.php?rest_route=\/wp\/v2\/pages\/20928\/revisions"}],"predecessor-version":[{"id":20965,"href":"https:\/\/www.pm10jaslo.pl\/index.php?rest_route=\/wp\/v2\/pages\/20928\/revisions\/20965"}],"wp:attachment":[{"href":"https:\/\/www.pm10jaslo.pl\/index.php?rest_route=%2Fwp%2Fv2%2Fmedia&parent=20928"}],"curies":[{"name":"wp","href":"https:\/\/api.w.org\/{rel}","templated":true}]}}