{"id":20553,"date":"2023-05-11T19:07:16","date_gmt":"2023-05-11T19:07:16","guid":{"rendered":"http:\/\/www.pm10jaslo.pl\/?page_id=20553"},"modified":"2023-05-11T19:07:16","modified_gmt":"2023-05-11T19:07:16","slug":"grupa-sloneczka-poszerza-swoje-umiejetnosci-informatyczne","status":"publish","type":"page","link":"https:\/\/www.pm10jaslo.pl\/?page_id=20553","title":{"rendered":"Grupa S\u0142oneczka poszerza swoje umiej\u0119tno\u015bci informatyczne"},"content":{"rendered":"\n<iframe loading=\"lazy\" width=\"560\" height=\"315\" src=\"https:\/\/www.youtube.com\/embed\/ClCmNN8hKdw\" title=\"YouTube video player\" frameborder=\"0\" allow=\"accelerometer; autoplay; clipboard-write; encrypted-media; gyroscope; picture-in-picture; web-share\" allowfullscreen><\/iframe>\n\n\n<p style=\"text-align: right;\">Opracowanie: Beata Cholewiak<\/p>","protected":false},"excerpt":{"rendered":"<p>Opracowanie: Beata Cholewiak <a class=\"continue-reading-link\" href=\"https:\/\/www.pm10jaslo.pl\/?page_id=20553\">Czytaj dalej<\/a><\/p>\n","protected":false},"author":1,"featured_media":0,"parent":0,"menu_order":0,"comment_status":"closed","ping_status":"closed","template":"","meta":{"ngg_post_thumbnail":0,"footnotes":""},"class_list":["post-20553","page","type-page","status-publish","hentry"],"_links":{"self":[{"href":"https:\/\/www.pm10jaslo.pl\/index.php?rest_route=\/wp\/v2\/pages\/20553","targetHints":{"allow":["GET"]}}],"collection":[{"href":"https:\/\/www.pm10jaslo.pl\/index.php?rest_route=\/wp\/v2\/pages"}],"about":[{"href":"https:\/\/www.pm10jaslo.pl\/index.php?rest_route=\/wp\/v2\/types\/page"}],"author":[{"embeddable":true,"href":"https:\/\/www.pm10jaslo.pl\/index.php?rest_route=\/wp\/v2\/users\/1"}],"replies":[{"embeddable":true,"href":"https:\/\/www.pm10jaslo.pl\/index.php?rest_route=%2Fwp%2Fv2%2Fcomments&post=20553"}],"version-history":[{"count":1,"href":"https:\/\/www.pm10jaslo.pl\/index.php?rest_route=\/wp\/v2\/pages\/20553\/revisions"}],"predecessor-version":[{"id":20554,"href":"https:\/\/www.pm10jaslo.pl\/index.php?rest_route=\/wp\/v2\/pages\/20553\/revisions\/20554"}],"wp:attachment":[{"href":"https:\/\/www.pm10jaslo.pl\/index.php?rest_route=%2Fwp%2Fv2%2Fmedia&parent=20553"}],"curies":[{"name":"wp","href":"https:\/\/api.w.org\/{rel}","templated":true}]}}