{"id":20069,"date":"2022-09-19T16:51:31","date_gmt":"2022-09-19T16:51:31","guid":{"rendered":"http:\/\/www.pm10jaslo.pl\/?page_id=20069"},"modified":"2022-09-19T16:53:37","modified_gmt":"2022-09-19T16:53:37","slug":"akcja-informacyjno-edukacyjna-tydzien-dla-profilaktyki-chorob-zakaznych%ef%bf%bc","status":"publish","type":"page","link":"https:\/\/www.pm10jaslo.pl\/?page_id=20069","title":{"rendered":"Akcja informacyjno- edukacyjna \u201eTydzie\u0144 dla profilaktyki chor\u00f3b zaka\u017anych&#8221;"},"content":{"rendered":"<p style=\"text-align: justify;\">W dniach <strong>od 12 do 16 wrze\u015bnia 2022 r<\/strong>. przeprowadzona zosta\u0142a w naszym przedszkolu&nbsp; <strong>akcja edukacyjno- informacyjna \u201eTydzie\u0144 dla profilaktyki chor\u00f3b zaka\u017anych\u201d.<\/strong> W przedsi\u0119wzi\u0119ciu udzia\u0142 wzi\u0119\u0142y dzieci 5 i 6 letnie z grup: \u201eMotyle\u201d, \u201eWiewi\u00f3rki\u201d i \u201eElfy\u201d . &nbsp;&nbsp;&nbsp;<\/p>\n<p style=\"text-align: justify;\">G\u0142\u00f3wnym celem akcji jest u\u015bwiadomienie potrzeb dbania o w\u0142asne zdrowie oraz kszta\u0142towanie umiej\u0119tno\u015bci niezb\u0119dnych do jego ochrony.<\/p>\n<p style=\"text-align: justify;\">Zaj\u0119cia prowadzone by\u0142y w oparciu o scenariusze i&nbsp; materia\u0142y przekazane przez Ministerstwo Edukacji i Nauki oraz G\u0142\u00f3wnego Inspektora Sanitarnego. Ponadto nauczycielki poszczeg\u00f3lnych grup dodatkowo podj\u0119\u0142y szereg dzia\u0142a\u0144 &nbsp;maj\u0105cych na celu przybli\u017cenie dzieciom tematyki kampanii:<\/p>\n<ul style=\"text-align: justify;\">\n<li>Nauka prawid\u0142owego mycia r\u0105k &#8211; pokaz nauczyciela wg instrukcji rysunkowej &nbsp;i z recytacj\u0105 rymowanki.<\/li>\n<li>Wyja\u015bnienie, co to jest wirus.<\/li>\n<li>\u201eJak uchroni\u0107 si\u0119 przed wirusem?\u201d &#8211; rozmowa na temat zasady DDM (dystans, dezynfekcja, maseczka); pog\u0142\u0119bienie wiedzy z zakresu zapobiegania chorobom zaka\u017anym przenoszonym drog\u0105 kropelkow\u0105 ze szczeg\u00f3lnym uwzgl\u0119dnieniem profilaktyki koronawirusa i grypy; przypomnienie, jak zachowa\u0107 si\u0119 podczas kaszlu &nbsp;i kichania.<\/li>\n<li>12 porad jak si\u0119&nbsp;chroni\u0107 przed korona wirusem.<\/li>\n<li>Nauka piosenek \u201eMyd\u0142o lubi zabaw\u0119\u201d. \u201ePrzego\u0144 wirusa\u201d.<\/li>\n<li>Poznanie \u201ePrzyg\u00f3d dzielnego nied\u017awiadka Szczepana\u201d &#8211; wyja\u015bnienie, na czym polegaj\u0105 szczepienia i dlaczego s\u0105 niezb\u0119dne do zachowania zdrowia.<\/li>\n<li>Zabawa tematyczna \u201eW przychodni na szczepieniu\u201d &#8211; wchodzenie w rol\u0119 piel\u0119gniarki, lekarza, pacjenta.<\/li>\n<li>Zaj\u0119cia plastyczne: kolorowanie obrazk\u00f3w konturowych, lepienie z plasteliny wirus\u00f3w.<\/li>\n<li>Zabawy z j\u0119zykiem angielskim \u201eWashYourHands\u201d.<\/li>\n<li>Zbiorowy \u015bpiew piosenki \u201eZuzka Wiruska\u201d po\u0142\u0105czony z ta\u0144cem.<\/li>\n<li>Prezentacja multimedialna na temat wirus\u00f3w.<\/li>\n<\/ul>\n<p style=\"text-align: justify;\">Przedszkolaki ch\u0119tnie i z du\u017cym zaanga\u017cowaniem uczestniczy\u0142y we wszystkich zaj\u0119ciach, wykazuj\u0105c si\u0119 du\u017c\u0105 wiedz\u0105 z zakresu profilaktyki chor\u00f3b zaka\u017anych. Rodzice zostali poinformowani o akcji poprzez wywieszenie informacji na gazetce przedszkolnej , gdzie zostali poproszeni o w\u0142\u0105czenie si\u0119 do dzia\u0142a\u0144&nbsp; podczas pobytu dziecka w domu.<\/p>\n<p style=\"text-align: justify;\">Poprzez realizowane tre\u015bci dzieci kszta\u0142towa\u0142y zachowania prozdrowotne, a tak\u017ce&nbsp; postawy odpowiedzialno\u015bci za zdrowie w\u0142asne i najbli\u017cszych. Ponadto przedszkolaki poszerzy\u0142y wiedz\u0119 na temat dr\u00f3g rozprzestrzeniania si\u0119 wirus\u00f3w oraz sposob\u00f3w zapobiegania infekcjom, ze szczeg\u00f3lnym &nbsp;uwzgl\u0119dnieniem profilaktyki koronawirusa i&nbsp; roli szczepie\u0144 ochronnych.<\/p>\n<p style=\"text-align: right;\">Opracowa\u0142a: koordynator Bo\u017cena &nbsp;Orlof<\/p>\n\n\nngg_shortcode_0_placeholder\n","protected":false},"excerpt":{"rendered":"<p>W dniach od 12 do 16 wrze\u015bnia 2022 r. przeprowadzona zosta\u0142a w naszym przedszkolu&nbsp; akcja edukacyjno- informacyjna \u201eTydzie\u0144 dla profilaktyki chor\u00f3b zaka\u017anych\u201d. W przedsi\u0119wzi\u0119ciu udzia\u0142 wzi\u0119\u0142y dzieci 5 i 6 letnie z grup: \u201eMotyle\u201d, \u201eWiewi\u00f3rki\u201d i \u201eElfy\u201d . &nbsp;&nbsp;&nbsp; G\u0142\u00f3wnym celem akcji jest u\u015bwiadomienie potrzeb dbania o w\u0142asne zdrowie oraz\u2026 <a class=\"continue-reading-link\" href=\"https:\/\/www.pm10jaslo.pl\/?page_id=20069\">Czytaj dalej<\/a><\/p>\n","protected":false},"author":1,"featured_media":0,"parent":0,"menu_order":0,"comment_status":"closed","ping_status":"closed","template":"","meta":{"ngg_post_thumbnail":0,"footnotes":""},"class_list":["post-20069","page","type-page","status-publish","hentry"],"_links":{"self":[{"href":"https:\/\/www.pm10jaslo.pl\/index.php?rest_route=\/wp\/v2\/pages\/20069","targetHints":{"allow":["GET"]}}],"collection":[{"href":"https:\/\/www.pm10jaslo.pl\/index.php?rest_route=\/wp\/v2\/pages"}],"about":[{"href":"https:\/\/www.pm10jaslo.pl\/index.php?rest_route=\/wp\/v2\/types\/page"}],"author":[{"embeddable":true,"href":"https:\/\/www.pm10jaslo.pl\/index.php?rest_route=\/wp\/v2\/users\/1"}],"replies":[{"embeddable":true,"href":"https:\/\/www.pm10jaslo.pl\/index.php?rest_route=%2Fwp%2Fv2%2Fcomments&post=20069"}],"version-history":[{"count":4,"href":"https:\/\/www.pm10jaslo.pl\/index.php?rest_route=\/wp\/v2\/pages\/20069\/revisions"}],"predecessor-version":[{"id":20099,"href":"https:\/\/www.pm10jaslo.pl\/index.php?rest_route=\/wp\/v2\/pages\/20069\/revisions\/20099"}],"wp:attachment":[{"href":"https:\/\/www.pm10jaslo.pl\/index.php?rest_route=%2Fwp%2Fv2%2Fmedia&parent=20069"}],"curies":[{"name":"wp","href":"https:\/\/api.w.org\/{rel}","templated":true}]}}