{"id":190,"date":"2015-01-17T09:19:01","date_gmt":"2015-01-17T09:19:01","guid":{"rendered":"http:\/\/www.pm10jaslo.pl\/?page_id=190"},"modified":"2015-02-21T18:56:49","modified_gmt":"2015-02-21T18:56:49","slug":"cwiczyc-kazdy-moze","status":"publish","type":"page","link":"https:\/\/www.pm10jaslo.pl\/?page_id=190","title":{"rendered":"Program &#8222;\u0106wiczy\u0107 ka\u017cdy mo\u017ce&#8221;"},"content":{"rendered":"<hr \/>\n<p style=\"text-align: justify;\"><a href=\"http:\/\/www.pm10jaslo.pl\/wp-content\/uploads\/2015\/02\/rok-szkoly-w-ruchu.jpg\"><img loading=\"lazy\" decoding=\"async\" class=\"aligncenter size-full wp-image-1667\" src=\"http:\/\/www.pm10jaslo.pl\/wp-content\/uploads\/2015\/02\/rok-szkoly-w-ruchu.jpg\" alt=\"rok szkoly w ruchu\" width=\"350\" height=\"160\" srcset=\"https:\/\/www.pm10jaslo.pl\/wp-content\/uploads\/2015\/02\/rok-szkoly-w-ruchu.jpg 350w, https:\/\/www.pm10jaslo.pl\/wp-content\/uploads\/2015\/02\/rok-szkoly-w-ruchu-300x137.jpg 300w, https:\/\/www.pm10jaslo.pl\/wp-content\/uploads\/2015\/02\/rok-szkoly-w-ruchu-250x114.jpg 250w, https:\/\/www.pm10jaslo.pl\/wp-content\/uploads\/2015\/02\/rok-szkoly-w-ruchu-150x69.jpg 150w\" sizes=\"auto, (max-width: 350px) 100vw, 350px\" \/><\/a>Minister Edukacji Narodowej og\u0142osi\u0142 rok szko\u0142y 2013\/2014<b> \u201eRokiem Szko\u0142y w Ruchu\u201d <\/b>maj\u0105c na wzgl\u0119dzie konieczno\u015b\u0107 wzmacniania kondycji fizycznej i psychicznej, promowania aktywno\u015bci fizycznej i zdrowego trybu \u017cycia w\u015br\u00f3d dzieci i m\u0142odzie\u017cy. Og\u0142osi\u0142 r\u00f3wnie\u017c akcj\u0119: \u201e\u0106wiczy\u0107 ka\u017cdy mo\u017ce\u201d skierowan\u0105 do dyrektor\u00f3w szk\u00f3\u0142 i przedszkoli, nauczycieli oraz uczni\u00f3w. W zwi\u0105zku z powy\u017cszym, \u017ce nasze przedszkole jest plac\u00f3wk\u0105 promuj\u0105c\u0105 zdrowie przyst\u0105pili\u015bmy do akcji: \u201e\u0106wiczy\u0107 ka\u017cdy mo\u017ce\u201d. Koordynatorem akcji jest Pani Barbara Matkowska. Celem tej akcji jest: promocja aktywnego trybu \u017cycia, kszta\u0142towanie prawid\u0142owych nawyk\u00f3w u dzieci oraz podejmowanie dzia\u0142a\u0144 na rzecz ich bezpiecze\u0144stwa.<\/p>\n<p style=\"text-align: center;\"><span style=\"color: #ff0000;\"><b>REALIZOWANE ZADANIA<\/b><\/span><\/p>\n<p style=\"text-align: center;\">Podejmujemy dzia\u0142ania na rzecz aktywno\u015bci fizycznej i zdrowia w nast\u0119puj\u0105cych obszarach:<\/p>\n<p style=\"text-align: center;\">\u00a0<strong><span style=\"color: #0000ff;\">WYCHOWANIE FIZYCZNE &#8211; ZAJ\u0118CIA EDUKACYJNE<\/span><\/strong><\/p>\n<p style=\"text-align: center;\">\u00a0<strong><a title=\"Konspekt z cwiczen\" href=\"http:\/\/www.pm10jaslo.pl\/wp-content\/uploads\/2015\/01\/1_zdrowie.pdf\" target=\"_blank\">Konspekt z prowadzonych \u0107wicze\u0144 gimnastycznych<\/a><\/strong><\/p>\n<p style=\"text-align: center;\"><strong><a title=\"Scenariusz zabaw\" href=\"http:\/\/www.pm10jaslo.pl\/wp-content\/uploads\/2015\/01\/2_zdrowie.pdf\" target=\"_blank\">Scenariusz zabaw i \u0107wicze\u0144 gimnastycznych dla dzieci 5-6 letnich<\/a><\/strong><\/p>\n<p style=\"text-align: center;\"><strong><span style=\"color: #0000ff;\">EDUKACJA ZDROWOTNA<br \/>\n<\/span><\/strong><\/p>\n<p style=\"text-align: center;\">\u00a0<strong><a title=\"Zdrowy talerz\" href=\"http:\/\/www.pm10jaslo.pl\/wp-content\/uploads\/2015\/01\/3_zdrowie.pdf\" target=\"_blank\">Scenariusz zaj\u0119cia pt. &#8222;Zdrowy talerz&#8221; przeprowadzonego w grupie IV &#8222;P\u00f3\u0142nutki&#8221;<\/a><\/strong><\/p>\n<p style=\"text-align: center;\"><strong><a title=\"pomara\u0144czowy dzie\u0144\" href=\"http:\/\/www.pm10jaslo.pl\/wp-content\/uploads\/2015\/01\/4_zdrowie.pdf\" target=\"_blank\">Sprawozdanie z &#8222;Pomara\u0144czowego dnia&#8221; przeprowadzonego w I oddziale przedszkolnym<\/a><\/strong><\/p>\n<p style=\"text-align: center;\"><strong><span style=\"color: #0000ff;\">KWALIFIKACJE I DOSKONALENIE NAUCZYCIELI WYCHOWANIA FIZYCZNEGO ORAZ WYCHOWAWC\u00d3W EDUKACJI PRZEDSZKOLNEJ<br \/>\n<\/span><\/strong><\/p>\n<p style=\"text-align: center;\"><strong><a title=\"Rada 1\" href=\"http:\/\/www.pm10jaslo.pl\/wp-content\/uploads\/2015\/01\/5_zdrowie.pdf\" target=\"_blank\">Rada Pedagogiczna na temat: &#8222;Wykorzystanie pomocy dydaktycznych w pracy z grup\u0105 przedszkoln\u0105 w zakresie rozwijania sprawno\u015bci ruchowej&#8221;<\/a><\/strong><\/p>\n<p style=\"text-align: center;\"><strong><a title=\"Rada 2\" href=\"http:\/\/www.pm10jaslo.pl\/wp-content\/uploads\/2015\/01\/6_zdrowie.pdf\" target=\"_blank\">Rada Pedagogiczna na temat: &#8222;Rozwijanie umiej\u0119tno\u015bci dbania o zdrowie poprzez aktywne rozwijanie sport\u00f3w&#8221;<\/a><\/strong><\/p>\n<p style=\"text-align: center;\"><strong><span style=\"color: #0000ff;\">ZAJ\u0118CIA ZORGANIZOWANE &#8211; KONKURSY<br \/>\n<\/span><\/strong><\/p>\n<p style=\"text-align: center;\">\u00a0<strong><a title=\"scenariusz wiem co to zdrowie\" href=\"http:\/\/www.pm10jaslo.pl\/wp-content\/uploads\/2015\/01\/7_zdrowie.pdf\" target=\"_blank\">Scenariusz konkursu wiedzy o zdrowiu &#8222;Wiem co to zdrowie&#8221;<\/a><\/strong><\/p>\n<p style=\"text-align: center;\"><strong><span style=\"color: #0000ff;\">ZAJ\u0118CIA NIEZORGANIZOWANE &#8211; ODKRYWANIE ZAINTERESOWA\u0143 I TALENT\u00d3W<br \/>\n<\/span><\/strong><\/p>\n<p style=\"text-align: center;\">\u00a0<strong><a title=\"Mali artysci\" href=\"http:\/\/www.pm10jaslo.pl\/wp-content\/uploads\/2015\/01\/8_zdrowie.pdf\" target=\"_blank\">&#8222;Mali arty\u015bci s\u0105 w\u015br\u00f3d nas&#8221;<\/a><\/strong><\/p>\n<p style=\"text-align: center;\"><strong><a title=\"judo\" href=\"http:\/\/www.pm10jaslo.pl\/wp-content\/uploads\/2015\/01\/9_zdrowie.pdf\" target=\"_blank\">Pokaz judo<\/a><\/strong><\/p>\n<p style=\"text-align: center;\"><strong><span style=\"color: #0000ff;\">AKTYWNO\u015a\u0106 Z UDZIA\u0141EM RODZINY<br \/>\n<\/span><\/strong><\/p>\n<p style=\"text-align: center;\">\u00a0<strong><a title=\"karnawal\" href=\"http:\/\/www.pm10jaslo.pl\/wp-content\/uploads\/2015\/01\/10_zdrowie.pdf\" target=\"_blank\">Karnawa\u0142 z rodzicami<\/a><\/strong><\/p>\n<p style=\"text-align: center;\"><strong><a title=\"dzien sportu\" href=\"http:\/\/www.pm10jaslo.pl\/wp-content\/uploads\/2015\/01\/11_zdrowie.pdf\" target=\"_blank\">Rodzinny dzie\u0144 sportu<\/a><\/strong><\/p>\n<p style=\"text-align: center;\">Wszystkie dzia\u0142ania przewidziane w regulaminie realizowane s\u0105 na bie\u017c\u0105co. Wi\u0119cej na ten temat na stronach:<br \/>\n&#8211; <a href=\"http:\/\/www.szkolawruchu.men.gov.pl\/index.php\/koalicjanci-akcji\" target=\"_blank\">Rok Szko\u0142y w Ruchu<\/a><br \/>\n&#8211; <a href=\"http:\/\/www.facebook.com\/rokszkolywruchu\" target=\"_blank\">Portal spo\u0142eczno\u015bciowy<\/a><\/p>\n<p style=\"text-align: right;\"><strong>Powr\u00f3t do:<a title=\"Promocja zdrowia\" href=\"http:\/\/www.pm10jaslo.pl\/?page_id=59\"> PROMOCJA ZDROWIA<\/a><\/strong><\/p>\n","protected":false},"excerpt":{"rendered":"<p>Minister Edukacji Narodowej og\u0142osi\u0142 rok szko\u0142y 2013\/2014 \u201eRokiem Szko\u0142y w Ruchu\u201d maj\u0105c na wzgl\u0119dzie konieczno\u015b\u0107 wzmacniania kondycji fizycznej i psychicznej, promowania aktywno\u015bci fizycznej i zdrowego trybu \u017cycia w\u015br\u00f3d dzieci i m\u0142odzie\u017cy. Og\u0142osi\u0142 r\u00f3wnie\u017c akcj\u0119: \u201e\u0106wiczy\u0107 ka\u017cdy mo\u017ce\u201d skierowan\u0105 do dyrektor\u00f3w szk\u00f3\u0142 i przedszkoli, nauczycieli oraz uczni\u00f3w. W zwi\u0105zku z powy\u017cszym,\u2026 <a class=\"continue-reading-link\" href=\"https:\/\/www.pm10jaslo.pl\/?page_id=190\">Czytaj dalej<\/a><\/p>\n","protected":false},"author":1,"featured_media":0,"parent":0,"menu_order":0,"comment_status":"closed","ping_status":"open","template":"","meta":{"ngg_post_thumbnail":0,"footnotes":""},"class_list":["post-190","page","type-page","status-publish","hentry"],"_links":{"self":[{"href":"https:\/\/www.pm10jaslo.pl\/index.php?rest_route=\/wp\/v2\/pages\/190","targetHints":{"allow":["GET"]}}],"collection":[{"href":"https:\/\/www.pm10jaslo.pl\/index.php?rest_route=\/wp\/v2\/pages"}],"about":[{"href":"https:\/\/www.pm10jaslo.pl\/index.php?rest_route=\/wp\/v2\/types\/page"}],"author":[{"embeddable":true,"href":"https:\/\/www.pm10jaslo.pl\/index.php?rest_route=\/wp\/v2\/users\/1"}],"replies":[{"embeddable":true,"href":"https:\/\/www.pm10jaslo.pl\/index.php?rest_route=%2Fwp%2Fv2%2Fcomments&post=190"}],"version-history":[{"count":41,"href":"https:\/\/www.pm10jaslo.pl\/index.php?rest_route=\/wp\/v2\/pages\/190\/revisions"}],"predecessor-version":[{"id":2042,"href":"https:\/\/www.pm10jaslo.pl\/index.php?rest_route=\/wp\/v2\/pages\/190\/revisions\/2042"}],"wp:attachment":[{"href":"https:\/\/www.pm10jaslo.pl\/index.php?rest_route=%2Fwp%2Fv2%2Fmedia&parent=190"}],"curies":[{"name":"wp","href":"https:\/\/api.w.org\/{rel}","templated":true}]}}