{"id":18751,"date":"2021-01-17T18:27:41","date_gmt":"2021-01-17T18:27:41","guid":{"rendered":"http:\/\/www.pm10jaslo.pl\/?page_id=18751"},"modified":"2021-01-17T18:27:41","modified_gmt":"2021-01-17T18:27:41","slug":"pasowanie-na-przedszkolaka","status":"publish","type":"page","link":"https:\/\/www.pm10jaslo.pl\/?page_id=18751","title":{"rendered":"Pasowanie na Przedszkolaka"},"content":{"rendered":"\n<iframe loading=\"lazy\" src=\"https:\/\/www.youtube.com\/embed\/ZU_dMRVIg_c\" allow=\"accelerometer; autoplay; clipboard-write; encrypted-media; gyroscope; picture-in-picture\" allowfullscreen=\"\" width=\"560\" height=\"315\" frameborder=\"0\"><\/iframe>\n\n\n<p style=\"text-align: right;\">Opracowanie: Gra\u017cyna Miku\u015b, Bo\u017cena Orlof<\/p>","protected":false},"excerpt":{"rendered":"<p>Opracowanie: Gra\u017cyna Miku\u015b, Bo\u017cena Orlof <a class=\"continue-reading-link\" href=\"https:\/\/www.pm10jaslo.pl\/?page_id=18751\">Czytaj dalej<\/a><\/p>\n","protected":false},"author":1,"featured_media":0,"parent":0,"menu_order":0,"comment_status":"closed","ping_status":"closed","template":"","meta":{"ngg_post_thumbnail":0,"footnotes":""},"class_list":["post-18751","page","type-page","status-publish","hentry"],"_links":{"self":[{"href":"https:\/\/www.pm10jaslo.pl\/index.php?rest_route=\/wp\/v2\/pages\/18751","targetHints":{"allow":["GET"]}}],"collection":[{"href":"https:\/\/www.pm10jaslo.pl\/index.php?rest_route=\/wp\/v2\/pages"}],"about":[{"href":"https:\/\/www.pm10jaslo.pl\/index.php?rest_route=\/wp\/v2\/types\/page"}],"author":[{"embeddable":true,"href":"https:\/\/www.pm10jaslo.pl\/index.php?rest_route=\/wp\/v2\/users\/1"}],"replies":[{"embeddable":true,"href":"https:\/\/www.pm10jaslo.pl\/index.php?rest_route=%2Fwp%2Fv2%2Fcomments&post=18751"}],"version-history":[{"count":1,"href":"https:\/\/www.pm10jaslo.pl\/index.php?rest_route=\/wp\/v2\/pages\/18751\/revisions"}],"predecessor-version":[{"id":18752,"href":"https:\/\/www.pm10jaslo.pl\/index.php?rest_route=\/wp\/v2\/pages\/18751\/revisions\/18752"}],"wp:attachment":[{"href":"https:\/\/www.pm10jaslo.pl\/index.php?rest_route=%2Fwp%2Fv2%2Fmedia&parent=18751"}],"curies":[{"name":"wp","href":"https:\/\/api.w.org\/{rel}","templated":true}]}}