{"id":1874,"date":"2015-02-16T17:43:27","date_gmt":"2015-02-16T17:43:27","guid":{"rendered":"http:\/\/www.pm10jaslo.pl\/?page_id=1874"},"modified":"2022-01-28T16:52:35","modified_gmt":"2022-01-28T16:52:35","slug":"procedury-obowiazujace-w-przedszkolu-miejskim-nr-10-w-jasle","status":"publish","type":"page","link":"https:\/\/www.pm10jaslo.pl\/?page_id=1874","title":{"rendered":"Procedury obowi\u0105zuj\u0105ce w Przedszkolu Miejskim Nr 10 w Ja\u015ble"},"content":{"rendered":"<hr>\n<p><a href=\"http:\/\/www.pm10jaslo.pl\/wp-content\/uploads\/2019\/06\/17.-PROCEDURA-W-RAZIE-ATAKU-TERRORYSTYCZNEGO.pdf\" target=\"_blank\" rel=\"noopener\"><strong>PROCEDURA W RAZIE ATAKU TERRORYSTYCZNEGO<\/strong><\/a><\/p>\n<p><strong><a title=\"Procedury 2\" href=\"http:\/\/www.pm10jaslo.pl\/wp-content\/uploads\/2015\/01\/Procedury_2.pdf\" target=\"_blank\" rel=\"noopener\">POST\u0118POWANIE NA WYPADEK PO\u017bARU LUB INNEGO ZAGRO\u017bENIA<\/a><\/strong><\/p>\n<p><strong><a href=\"http:\/\/www.pm10jaslo.pl\/wp-content\/uploads\/2022\/01\/1.-PROCEDURA-PRZYPROWADZANIA-I-ODBIERANIA-DZIECKA-ORAZ-POSTEPOWANIA-W-PRZYPADKU-NIE-ODEBRANIA-DZIECKA-Z-PRZEDSZKOLA.pdf\" target=\"_blank\" rel=\"noopener\">PROCEDURA PRZYPROWADZANIA I ODBIERANIA DZIECKA ORAZ POST\u0118POWANIA W PRZYPADKU NIE ODEBRANIA DZIECKA Z PRZEDSZKOLA<\/a><\/strong><\/p>\n<p><strong><a title=\"Procedury 4 \" href=\"http:\/\/www.pm10jaslo.pl\/wp-content\/uploads\/2015\/01\/Procedury_4.pdf\" target=\"_blank\" rel=\"noopener\">PROCEDURA ORGANIZACJI OPIEKI NAD DZIECKIEM CHORYM<\/a><\/strong><\/p>\n<p><strong><a title=\"Procedury 5\" href=\"http:\/\/www.pm10jaslo.pl\/wp-content\/uploads\/2015\/01\/Procedury_5.pdf\" target=\"_blank\" rel=\"noopener\">PROCEDURA POST\u0118POWANIA W PRZYPADKU PODEJRZENIA O STOSOWANIE PRZEMOCY W RODZINIE WOBEC DZIECKA<\/a><\/strong><\/p>\n<p><strong><a title=\"Procedury 6\" href=\"http:\/\/www.pm10jaslo.pl\/wp-content\/uploads\/2015\/01\/Procedury_6.pdf\" target=\"_blank\" rel=\"noopener\">PROCEDURA POST\u0118POWANIA W RAZIE WYPADKU DZIECKA W PRZEDSZKOLU<\/a><\/strong><\/p>\n<p><strong><a title=\"Procedury 7\" href=\"http:\/\/www.pm10jaslo.pl\/wp-content\/uploads\/2015\/01\/Procedury_7.pdf\" target=\"_blank\" rel=\"noopener\">PROCEDURA POST\u0118POWANIA W SYTUACJI GDY NAUCZYCIEL PODEJRZEWA, \u017bE DZIECKO JEST ODBIERANE PRZEZ RODZICA B\u0118D\u0104CEGO POD WP\u0141YWEM ALKOHOLU<\/a><\/strong><\/p>\n<p><strong><a title=\"Procedury 8\" href=\"http:\/\/www.pm10jaslo.pl\/wp-content\/uploads\/2015\/01\/Procedury_8.pdf\" target=\"_blank\" rel=\"noopener\">PROCEDURA POST\u0118POWANIA Z DZIECKIEM NADPOBUDLIWYM<\/a><\/strong><\/p>\n<p><strong><a title=\"Procedury 9\" href=\"http:\/\/www.pm10jaslo.pl\/wp-content\/uploads\/2015\/01\/Procedury_9.pdf\" target=\"_blank\" rel=\"noopener\">PROCEDURA W SPRAWIE SPRAWOWANIA OPIEKI NAD DZIE\u0106MI W CZASIE ZAJ\u0118\u0106 W PRZEDSZKOLU, W OGRODZIE PRZEDSZKOLNYM ORAZ POZA PLAC\u00d3WK\u0104<\/a><\/strong><\/p>\n<p><strong><a title=\"Procedury 10\" href=\"http:\/\/www.pm10jaslo.pl\/wp-content\/uploads\/2015\/01\/Procedury_10.pdf\" target=\"_blank\" rel=\"noopener\">PROCEDURA ZAPEWNIENIA OPIEKI DZIECIOM Z CHOROBAMI PRZEWLEK\u0141YMI<\/a><\/strong><\/p>\n<p><strong><a title=\"Procedury 11\" href=\"http:\/\/www.pm10jaslo.pl\/wp-content\/uploads\/2015\/01\/Procedury_11.pdf\" target=\"_blank\" rel=\"noopener\">PROCEDURY KONTAKT\u00d3W Z RODZICAMI<\/a><\/strong><\/p>\n<p><strong><a title=\"Procedury 12\" href=\"http:\/\/www.pm10jaslo.pl\/wp-content\/uploads\/2015\/01\/Procedury_12.pdf\" target=\"_blank\" rel=\"noopener\">PROCEDURA ORGANIZACJI PIERWSZEJ POMOCY<\/a><\/strong><\/p>\n<p style=\"text-align: right;\"><strong>Powr\u00f3t do: <a title=\"Dokumenty przedszkola\" href=\"http:\/\/www.pm10jaslo.pl\/?page_id=54\">DOKUMENTY PRZEDSZKOLA<\/a><\/strong><\/p>\n","protected":false},"excerpt":{"rendered":"<p>PROCEDURA W RAZIE ATAKU TERRORYSTYCZNEGO POST\u0118POWANIE NA WYPADEK PO\u017bARU LUB INNEGO ZAGRO\u017bENIA PROCEDURA PRZYPROWADZANIA I ODBIERANIA DZIECKA ORAZ POST\u0118POWANIA W PRZYPADKU NIE ODEBRANIA DZIECKA Z PRZEDSZKOLA PROCEDURA ORGANIZACJI OPIEKI NAD DZIECKIEM CHORYM PROCEDURA POST\u0118POWANIA W PRZYPADKU PODEJRZENIA O STOSOWANIE PRZEMOCY W RODZINIE WOBEC DZIECKA PROCEDURA POST\u0118POWANIA W RAZIE WYPADKU DZIECKA\u2026 <a class=\"continue-reading-link\" href=\"https:\/\/www.pm10jaslo.pl\/?page_id=1874\">Czytaj dalej<\/a><\/p>\n","protected":false},"author":1,"featured_media":0,"parent":0,"menu_order":0,"comment_status":"closed","ping_status":"open","template":"","meta":{"ngg_post_thumbnail":0,"footnotes":""},"class_list":["post-1874","page","type-page","status-publish","hentry"],"_links":{"self":[{"href":"https:\/\/www.pm10jaslo.pl\/index.php?rest_route=\/wp\/v2\/pages\/1874","targetHints":{"allow":["GET"]}}],"collection":[{"href":"https:\/\/www.pm10jaslo.pl\/index.php?rest_route=\/wp\/v2\/pages"}],"about":[{"href":"https:\/\/www.pm10jaslo.pl\/index.php?rest_route=\/wp\/v2\/types\/page"}],"author":[{"embeddable":true,"href":"https:\/\/www.pm10jaslo.pl\/index.php?rest_route=\/wp\/v2\/users\/1"}],"replies":[{"embeddable":true,"href":"https:\/\/www.pm10jaslo.pl\/index.php?rest_route=%2Fwp%2Fv2%2Fcomments&post=1874"}],"version-history":[{"count":7,"href":"https:\/\/www.pm10jaslo.pl\/index.php?rest_route=\/wp\/v2\/pages\/1874\/revisions"}],"predecessor-version":[{"id":19642,"href":"https:\/\/www.pm10jaslo.pl\/index.php?rest_route=\/wp\/v2\/pages\/1874\/revisions\/19642"}],"wp:attachment":[{"href":"https:\/\/www.pm10jaslo.pl\/index.php?rest_route=%2Fwp%2Fv2%2Fmedia&parent=1874"}],"curies":[{"name":"wp","href":"https:\/\/api.w.org\/{rel}","templated":true}]}}