{"id":18694,"date":"2020-12-10T18:22:00","date_gmt":"2020-12-10T18:22:00","guid":{"rendered":"http:\/\/www.pm10jaslo.pl\/?page_id=18694"},"modified":"2020-12-10T19:00:00","modified_gmt":"2020-12-10T19:00:00","slug":"jak-wyglada-prawdziwa-historia-sw-mikolaja","status":"publish","type":"page","link":"https:\/\/www.pm10jaslo.pl\/?page_id=18694","title":{"rendered":"Jak wygl\u0105da prawdziwa historia \u015bw. Miko\u0142aja"},"content":{"rendered":"\n<iframe loading=\"lazy\" src=\"https:\/\/www.youtube.com\/embed\/afYdLh6O3fo\" allow=\"accelerometer; autoplay; clipboard-write; encrypted-media; gyroscope; picture-in-picture\" allowfullscreen=\"\" width=\"560\" height=\"315\" frameborder=\"0\"><\/iframe>\n\n\n<p style=\"text-align: right;\">Opracowanie: Beata Cholewiak, Aleksandra Pleban<\/p>","protected":false},"excerpt":{"rendered":"<p>Opracowanie: Beata Cholewiak, Aleksandra Pleban <a class=\"continue-reading-link\" href=\"https:\/\/www.pm10jaslo.pl\/?page_id=18694\">Czytaj dalej<\/a><\/p>\n","protected":false},"author":1,"featured_media":0,"parent":0,"menu_order":0,"comment_status":"closed","ping_status":"closed","template":"","meta":{"ngg_post_thumbnail":0,"footnotes":""},"class_list":["post-18694","page","type-page","status-publish","hentry"],"_links":{"self":[{"href":"https:\/\/www.pm10jaslo.pl\/index.php?rest_route=\/wp\/v2\/pages\/18694","targetHints":{"allow":["GET"]}}],"collection":[{"href":"https:\/\/www.pm10jaslo.pl\/index.php?rest_route=\/wp\/v2\/pages"}],"about":[{"href":"https:\/\/www.pm10jaslo.pl\/index.php?rest_route=\/wp\/v2\/types\/page"}],"author":[{"embeddable":true,"href":"https:\/\/www.pm10jaslo.pl\/index.php?rest_route=\/wp\/v2\/users\/1"}],"replies":[{"embeddable":true,"href":"https:\/\/www.pm10jaslo.pl\/index.php?rest_route=%2Fwp%2Fv2%2Fcomments&post=18694"}],"version-history":[{"count":2,"href":"https:\/\/www.pm10jaslo.pl\/index.php?rest_route=\/wp\/v2\/pages\/18694\/revisions"}],"predecessor-version":[{"id":18697,"href":"https:\/\/www.pm10jaslo.pl\/index.php?rest_route=\/wp\/v2\/pages\/18694\/revisions\/18697"}],"wp:attachment":[{"href":"https:\/\/www.pm10jaslo.pl\/index.php?rest_route=%2Fwp%2Fv2%2Fmedia&parent=18694"}],"curies":[{"name":"wp","href":"https:\/\/api.w.org\/{rel}","templated":true}]}}