{"id":18426,"date":"2020-11-11T19:40:29","date_gmt":"2020-11-11T19:40:29","guid":{"rendered":"http:\/\/www.pm10jaslo.pl\/?page_id=18426"},"modified":"2020-11-11T19:41:02","modified_gmt":"2020-11-11T19:41:02","slug":"akademia-z-okazji-swieta-niepodleglosci","status":"publish","type":"page","link":"https:\/\/www.pm10jaslo.pl\/?page_id=18426","title":{"rendered":"Akademia z okazji \u015awi\u0119ta Niepodleg\u0142o\u015bci"},"content":{"rendered":"\n<iframe loading=\"lazy\" src=\"https:\/\/www.youtube.com\/embed\/jWQXQCSdzdo\" allow=\"accelerometer; autoplay; clipboard-write; encrypted-media; gyroscope; picture-in-picture\" allowfullscreen=\"\" width=\"560\" height=\"315\" frameborder=\"0\"><\/iframe>\n\n\n<p>Opracowanie: B. Cholewiak, A. Pleban<\/p>","protected":false},"excerpt":{"rendered":"<p>Opracowanie: B. Cholewiak, A. Pleban <a class=\"continue-reading-link\" href=\"https:\/\/www.pm10jaslo.pl\/?page_id=18426\">Czytaj dalej<\/a><\/p>\n","protected":false},"author":1,"featured_media":0,"parent":0,"menu_order":0,"comment_status":"closed","ping_status":"closed","template":"","meta":{"ngg_post_thumbnail":0,"footnotes":""},"class_list":["post-18426","page","type-page","status-publish","hentry"],"_links":{"self":[{"href":"https:\/\/www.pm10jaslo.pl\/index.php?rest_route=\/wp\/v2\/pages\/18426","targetHints":{"allow":["GET"]}}],"collection":[{"href":"https:\/\/www.pm10jaslo.pl\/index.php?rest_route=\/wp\/v2\/pages"}],"about":[{"href":"https:\/\/www.pm10jaslo.pl\/index.php?rest_route=\/wp\/v2\/types\/page"}],"author":[{"embeddable":true,"href":"https:\/\/www.pm10jaslo.pl\/index.php?rest_route=\/wp\/v2\/users\/1"}],"replies":[{"embeddable":true,"href":"https:\/\/www.pm10jaslo.pl\/index.php?rest_route=%2Fwp%2Fv2%2Fcomments&post=18426"}],"version-history":[{"count":2,"href":"https:\/\/www.pm10jaslo.pl\/index.php?rest_route=\/wp\/v2\/pages\/18426\/revisions"}],"predecessor-version":[{"id":18428,"href":"https:\/\/www.pm10jaslo.pl\/index.php?rest_route=\/wp\/v2\/pages\/18426\/revisions\/18428"}],"wp:attachment":[{"href":"https:\/\/www.pm10jaslo.pl\/index.php?rest_route=%2Fwp%2Fv2%2Fmedia&parent=18426"}],"curies":[{"name":"wp","href":"https:\/\/api.w.org\/{rel}","templated":true}]}}