{"id":1817,"date":"2015-02-14T16:52:17","date_gmt":"2015-02-14T16:52:17","guid":{"rendered":"http:\/\/www.pm10jaslo.pl\/?page_id=1817"},"modified":"2026-04-02T17:42:42","modified_gmt":"2026-04-02T17:42:42","slug":"oferta-edukacyjna","status":"publish","type":"page","link":"https:\/\/www.pm10jaslo.pl\/?page_id=1817","title":{"rendered":"Oferta edukacyjna"},"content":{"rendered":"<hr>\n<p style=\"text-align: center;\"><strong>ZESTAW PROGRAM\u00d3W WYCHOWANIA PRZEDSZKOLNEGO W PRZEDSZKOLU MIEJSKIM NR 10 W JA\u015aLE W ROKU SZKOLNYM 2025\/2026<\/strong><\/p>\n<p><strong>Oddzia\u0142 I, II, III, IV i V <\/strong>&#8211; \u201eProgram Wychowania Przedszkolnego\u201d \u2013 Program edukacji przedszkolnej wspomagaj\u0105cy rozw\u00f3j aktywno\u015bci dzieci &#8211; autor: Wies\u0142awa \u017baba- \u017babi\u0144ska, Wioletta Majewska , Renata Pa\u017adzio<\/p>\n<p><strong>Oddzia\u0142 I i II<\/strong> &#8211; Program Powszechnej Dwuj\u0119zyczno\u015bci &#8222;Bilingual Future&#8221; &#8211; autor: Claire Selby<\/p>\n<p><strong>Oddzia\u0142&nbsp; IV i V <\/strong>&#8211; \u201eCzyste powietrze wok\u00f3\u0142 nas\u201d- program edukacji antytytoniowej \u2013 autor: J. Szymborski, W. Zato\u0144ski,&nbsp;&nbsp; Z. Juczy\u0144ski, T. Kowalczyk, A. Dzielska, A. Dobrowolski, N. Ogi\u0144ska \u2013 Bulik, M. Lewandowska.<\/p>\n<p><strong>Oddzia\u0142&nbsp; IV i V- <\/strong>Og\u00f3lnopolski program nauczania religii \u201eTak dla Jezusa\u201d \u2013 Komisja Wychowania Katolickiego Konferencji Episkopatu Polski , Wyd. Jedno\u015b\u0107 Kielce.<\/p>\n<p><strong>Oddzia\u0142&nbsp; I, II, III, IV&nbsp; i V<\/strong> &#8211; J\u0119zyk angielski &#8222;Fun Time &#8211; Przedszkole&#8221; &#8211; autor: Katarzyna Koz\u0142owska, Izabela Witkowska ; Wyd. MAC Edukacja<\/p>\n<p>Programy wspomagaj\u0105ce opracowane przez nauczycieli:<\/p>\n<ul>\n<li>Program samodzielnie opracowany przez nauczycielk\u0119 R. Zemrys \u201ePrzedszkolny artysta\u201d &#8211; <strong>Oddzia\u0142 II<\/strong><\/li>\n<li>Program samodzielnie opracowany przez nauczycielk\u0119&nbsp; Beat\u0119 Cholewiak &#8222;Ma\u0142y informatyk&#8221; &#8211; <strong>Oddzia\u0142 I, II, III, IV i V<\/strong><\/li>\n<li>Program samodzielnie opracowany przez nauczycielk\u0119 Ann\u0119 Kwiatkowsk\u0105 \u201eBezpieczny przedszkolak w domu i na drodze\u201d- <strong>Oddzia\u0142 I, II, III, IV i V<\/strong><\/li>\n<li>Program samodzielnie opracowany przez nauczycielk\u0119 R. Le\u015bniak \u201eAdaptacja dziecka w przedszkolu\u201d &#8211; <strong>Oddzia\u0142 I<\/strong><\/li>\n<li>Program samodzielnie opracowany przez nauczycielk\u0119 R. Zemrys \u201eDziecko nadpobudliwe&nbsp; &nbsp;i przejawiaj\u0105ce agresj\u0119 w przedszkolu\u201d &#8211; <strong>Oddzia\u0142 II<\/strong><\/li>\n<li>Program samodzielnie opracowany przez nauczycielk\u0119 M. Lechowsk\u0105 \u201e\u0106wicz i baw si\u0119 razem z&nbsp; nami\u201d &#8211; <strong>Oddzia\u0142 I, II, III, IV i V<\/strong><\/li>\n<\/ul>\n<p style=\"text-align: justify;\">Wszystkie w\/w programy zosta\u0142y pozytywnie zaopiniowane przez Rad\u0119 Pedagogiczn\u0105 i dopuszczone do u\u017cytku przez dyrektora przedszkola.<\/p>\n<p style=\"text-align: justify;\">Rozw\u00f3j nauki i techniki zmusza nas pedagog\u00f3w do poszukiwania coraz to nowych rozwi\u0105za\u0144 metodycznych, pobudzaj\u0105cych wszechstronn\u0105 aktywno\u015b\u0107 dziecka.<\/p>\n<p style=\"text-align: justify;\">W naszym przedszkolu opr\u00f3cz tradycyjnych metod nauczania i wychowania, stosujemy metody aktywne np. M. Montessori, W. Sherborne, K. Orffa, R. Labana, I. Majchrzak; metod\u0119 Dobrego Startu &#8211; Bogdanowicz, metod\u0119 \u015bpiewanych liter &#8211; Krakowi\u0144skiej czy metod\u0119 3 p\u0142aszczyzn&nbsp; B. Zakrzewskiej. W edukacji matematycznej wykorzystujemy metod\u0119 E. Gruszczyk-Kolczy\u0144skiej.<\/p>\n<p style=\"text-align: justify;\">G\u0142\u00f3wnym celem stosowania w przedszkolu metod pedagogiki zabawy jest harmonijny i wszechstronny rozw\u00f3j jednostki, funkcjonuj\u0105cej w ramach okre\u015blonej grupy, a tak\u017ce pomoc w odkrywaniu jej najlepszych cech. Zalety pedagogiki zabawy wdro\u017cone do praktyki codziennego dnia przynosz\u0105 satysfakcj\u0119 zar\u00f3wno dzieciom jak i nauczycielom.<\/p>\n<p style=\"text-align: justify;\">Tradycj\u0105 przedszkola jest wychowanie w poszanowaniu uniwersalnych warto\u015bci przy r\u00f3wnoczesnym uznawaniu odmienno\u015bci \u015bwiatopogl\u0105dowej. Rodzice i dzieci postrzegani s\u0105 jako wsp\u00f3\u0142partnerzy procesu wychowawczo-dydaktycznego.<\/p>\n<p style=\"text-align: justify;\">Dla wyr\u00f3wnania r\u00f3\u017cnorodnych deficyt\u00f3w prowadzimy z dzie\u0107mi indywidualn\u0105 prac\u0119 wspomagaj\u0105co \u2013 wspieraj\u0105c\u0105.<\/p>\n","protected":false},"excerpt":{"rendered":"<p>ZESTAW PROGRAM\u00d3W WYCHOWANIA PRZEDSZKOLNEGO W PRZEDSZKOLU MIEJSKIM NR 10 W JA\u015aLE W ROKU SZKOLNYM 2025\/2026 Oddzia\u0142 I, II, III, IV i V &#8211; \u201eProgram Wychowania Przedszkolnego\u201d \u2013 Program edukacji przedszkolnej wspomagaj\u0105cy rozw\u00f3j aktywno\u015bci dzieci &#8211; autor: Wies\u0142awa \u017baba- \u017babi\u0144ska, Wioletta Majewska , Renata Pa\u017adzio Oddzia\u0142 I i II &#8211; Program\u2026 <a class=\"continue-reading-link\" href=\"https:\/\/www.pm10jaslo.pl\/?page_id=1817\">Czytaj dalej<\/a><\/p>\n","protected":false},"author":1,"featured_media":0,"parent":0,"menu_order":0,"comment_status":"closed","ping_status":"open","template":"","meta":{"ngg_post_thumbnail":0,"footnotes":""},"class_list":["post-1817","page","type-page","status-publish","hentry"],"_links":{"self":[{"href":"https:\/\/www.pm10jaslo.pl\/index.php?rest_route=\/wp\/v2\/pages\/1817","targetHints":{"allow":["GET"]}}],"collection":[{"href":"https:\/\/www.pm10jaslo.pl\/index.php?rest_route=\/wp\/v2\/pages"}],"about":[{"href":"https:\/\/www.pm10jaslo.pl\/index.php?rest_route=\/wp\/v2\/types\/page"}],"author":[{"embeddable":true,"href":"https:\/\/www.pm10jaslo.pl\/index.php?rest_route=\/wp\/v2\/users\/1"}],"replies":[{"embeddable":true,"href":"https:\/\/www.pm10jaslo.pl\/index.php?rest_route=%2Fwp%2Fv2%2Fcomments&post=1817"}],"version-history":[{"count":43,"href":"https:\/\/www.pm10jaslo.pl\/index.php?rest_route=\/wp\/v2\/pages\/1817\/revisions"}],"predecessor-version":[{"id":22356,"href":"https:\/\/www.pm10jaslo.pl\/index.php?rest_route=\/wp\/v2\/pages\/1817\/revisions\/22356"}],"wp:attachment":[{"href":"https:\/\/www.pm10jaslo.pl\/index.php?rest_route=%2Fwp%2Fv2%2Fmedia&parent=1817"}],"curies":[{"name":"wp","href":"https:\/\/api.w.org\/{rel}","templated":true}]}}