{"id":17509,"date":"2019-12-10T19:50:15","date_gmt":"2019-12-10T19:50:15","guid":{"rendered":"http:\/\/www.pm10jaslo.pl\/?page_id=17509"},"modified":"2019-12-10T19:50:15","modified_gmt":"2019-12-10T19:50:15","slug":"zabawy-mikolajkowe-zajecia-kolezenskie","status":"publish","type":"page","link":"https:\/\/www.pm10jaslo.pl\/?page_id=17509","title":{"rendered":"Zabawy miko\u0142ajkowe &#8211; zaj\u0119cia kole\u017ce\u0144skie"},"content":{"rendered":"\n<iframe loading=\"lazy\" title=\"Zabawy miko\u0142ajkowe zaj\u0119cie kole\u017ce\u0144skie\" width=\"810\" height=\"608\" src=\"https:\/\/www.youtube.com\/embed\/Gt66J7cJS2k?feature=oembed\" frameborder=\"0\" allow=\"accelerometer; autoplay; encrypted-media; gyroscope; picture-in-picture\" allowfullscreen><\/iframe>\n\n\n<p style=\"text-align: right;\">Opracowanie: Renata Zemrys<\/p>","protected":false},"excerpt":{"rendered":"<p>Opracowanie: Renata Zemrys <a class=\"continue-reading-link\" href=\"https:\/\/www.pm10jaslo.pl\/?page_id=17509\">Czytaj dalej<\/a><\/p>\n","protected":false},"author":1,"featured_media":0,"parent":0,"menu_order":0,"comment_status":"closed","ping_status":"closed","template":"","meta":{"ngg_post_thumbnail":0,"footnotes":""},"class_list":["post-17509","page","type-page","status-publish","hentry"],"_links":{"self":[{"href":"https:\/\/www.pm10jaslo.pl\/index.php?rest_route=\/wp\/v2\/pages\/17509","targetHints":{"allow":["GET"]}}],"collection":[{"href":"https:\/\/www.pm10jaslo.pl\/index.php?rest_route=\/wp\/v2\/pages"}],"about":[{"href":"https:\/\/www.pm10jaslo.pl\/index.php?rest_route=\/wp\/v2\/types\/page"}],"author":[{"embeddable":true,"href":"https:\/\/www.pm10jaslo.pl\/index.php?rest_route=\/wp\/v2\/users\/1"}],"replies":[{"embeddable":true,"href":"https:\/\/www.pm10jaslo.pl\/index.php?rest_route=%2Fwp%2Fv2%2Fcomments&post=17509"}],"version-history":[{"count":2,"href":"https:\/\/www.pm10jaslo.pl\/index.php?rest_route=\/wp\/v2\/pages\/17509\/revisions"}],"predecessor-version":[{"id":17511,"href":"https:\/\/www.pm10jaslo.pl\/index.php?rest_route=\/wp\/v2\/pages\/17509\/revisions\/17511"}],"wp:attachment":[{"href":"https:\/\/www.pm10jaslo.pl\/index.php?rest_route=%2Fwp%2Fv2%2Fmedia&parent=17509"}],"curies":[{"name":"wp","href":"https:\/\/api.w.org\/{rel}","templated":true}]}}