{"id":1670,"date":"2015-02-12T07:41:06","date_gmt":"2015-02-12T07:41:06","guid":{"rendered":"http:\/\/www.pm10jaslo.pl\/?page_id=1670"},"modified":"2015-02-21T19:03:27","modified_gmt":"2015-02-21T19:03:27","slug":"jaslo-miasto-wiedzy","status":"publish","type":"page","link":"https:\/\/www.pm10jaslo.pl\/?page_id=1670","title":{"rendered":"Jas\u0142o &#8211; miasto wiedzy"},"content":{"rendered":"<hr \/>\n<p><img loading=\"lazy\" decoding=\"async\" class=\"wp-image-1666 size-full aligncenter\" src=\"http:\/\/www.pm10jaslo.pl\/wp-content\/uploads\/2015\/02\/jaslo-miasto-wiedzy.jpg\" alt=\"jaslo miasto wiedzy\" width=\"350\" height=\"160\" srcset=\"https:\/\/www.pm10jaslo.pl\/wp-content\/uploads\/2015\/02\/jaslo-miasto-wiedzy.jpg 350w, https:\/\/www.pm10jaslo.pl\/wp-content\/uploads\/2015\/02\/jaslo-miasto-wiedzy-300x137.jpg 300w, https:\/\/www.pm10jaslo.pl\/wp-content\/uploads\/2015\/02\/jaslo-miasto-wiedzy-250x114.jpg 250w, https:\/\/www.pm10jaslo.pl\/wp-content\/uploads\/2015\/02\/jaslo-miasto-wiedzy-150x69.jpg 150w\" sizes=\"auto, (max-width: 350px) 100vw, 350px\" \/><\/p>\n<p style=\"text-align: justify;\">Miasto Jas\u0142o w ramach projektu \u201eJas\u0142o &#8211; miasto wiedzy&#8221; og\u0142osi\u0142o konkurs dla nauczycieli miejskich przedszkoli, szk\u00f3\u0142 podstawowych i gimnazj\u00f3w na scenariusz cyklu innowacyjnych zaj\u0119\u0107.<\/p>\n<p style=\"text-align: justify;\">Zadaniem nauczycieli by\u0142o przygotowanie scenariusza cyklu (od 5 do 10) zaj\u0119\u0107 lekcyjnych z wybranych przedmiot\u00f3w nauczania lub zaj\u0119\u0107 pozalekcyjnych (bibliotecznych, \u015bwietlicowych), kt\u00f3rych za\u0142o\u017ceniem jest innowacyjna i atrakcyjna dla uczni\u00f3w realizacja tre\u015bci podstawy programowej lub rozwijanie zainteresowa\u0144 uczni\u00f3w w korelacji ze \u015brodowiskiem lokalnym.<\/p>\n<p style=\"text-align: justify;\">Z naszego przedszkola do konkursu zg\u0142osi\u0142a si\u0119 nauczycielka Ma\u0142gorzata Hanusz, kt\u00f3ra opracowa\u0142a cykl scenariuszy:<\/p>\n<h6 style=\"text-align: center;\"><strong>\u201eJeste\u015bmy cz\u0105stk\u0105 historii\u201d<\/strong><\/h6>\n<p><strong><span style=\"text-decoration: underline;\">Cele og\u00f3lne scenariuszy<\/span><\/strong><\/p>\n<ul>\n<li>Uwra\u017cliwienie na pi\u0119kno i specyfik\u0119 regionalnej kultury, przyrody oraz krajobrazu.<\/li>\n<li>Rozwijanie uczu\u0107 przywi\u0105zania i umi\u0142owania do rodzinnych stron.<\/li>\n<li>Kszta\u0142towanie i umacnianie poczucia wsp\u00f3lnoty regionalnej oraz wi\u0119zi z zamieszkiwanym regionem.<\/li>\n<li>Rozszerzenie interdyscyplinarno\u015bci dzieci\u0119cej poprzez wprowadzenie nowych innowacyjnych metod pracy poszerzaj\u0105cych wiedz\u0119 regionaln\u0105.<\/li>\n<\/ul>\n<p><strong><span style=\"text-decoration: underline;\">Partnerzy lokalni<\/span><\/strong><\/p>\n<ul>\n<li>Urz\u0105d Miasta w Ja\u015ble.<\/li>\n<li>Stowarzyszenie Mi\u0142o\u015bnik\u00f3w Jas\u0142a i Regionu Jasielskiego.<\/li>\n<li>Skansen archeologiczny \u201ePodkarpacka Troja\u201d.<\/li>\n<li>Miejska Biblioteka Publiczna w Ja\u015ble.<\/li>\n<li>Centrum Edukacji Ekologicznej w Bier\u00f3wce.<\/li>\n<\/ul>\n<p><span style=\"text-decoration: underline;\"><strong>Spodziewane osi\u0105gni\u0119cia dzieci<\/strong><\/span><\/p>\n<ul>\n<li>Wzrost aktywno\u015bci przedszkola w podejmowaniu wsp\u00f3\u0142pracy z i instytucjami lokalnymi tworz\u0105cymi kultur\u0119 regionu<br \/>\nw celu umo\u017cliwienia dzieciom skutecznego uczestniczenia w \u017cyciu publicznym.<\/li>\n<li>Zapewnienie dzieciom lepszych szans edukacyjnych poprzez wspieranie ich ciekawo\u015bci, aktywno\u015bci<br \/>\ni samodzielno\u015bci, a tak\u017ce kszta\u0142towanie tych wiadomo\u015bci i umiej\u0119tno\u015bci, kt\u00f3re s\u0105 najwa\u017cniejsze.<\/li>\n<li>Wzmocnienie poczucia to\u017csamo\u015bci regionalnej.<\/li>\n<li>Upowszechnienie wiedzy historycznej.<\/li>\n<\/ul>\n<p><strong>\u00a0<span style=\"text-decoration: underline;\">Proponowane tematy zaj\u0119\u0107:<\/span><\/strong><\/p>\n<ul>\n<li>\u201eJas\u0142o moim miastem\u201d.<\/li>\n<li>\u201eMoja rodzinna miejscowo\u015b\u0107\u201d &#8211; wycieczka po Ja\u015ble i okolicach.<\/li>\n<li>\u201ePude\u0142kowe miasto\u201d.<\/li>\n<li>Karpacka Troja &#8211; zwiedzanie skansenu archeologicznego.<\/li>\n<li>\u201eMoje miasto Jas\u0142o oraz Polska\u201d &#8211; konkurs mi\u0119dzygrupowy.<\/li>\n<\/ul>\n<p>Za sw\u00f3j projekt scenariuszy nauczycielka Ma\u0142gorzata Hanusz otrzyma\u0142a wyr\u00f3\u017cnienie i nagrod\u0119 pieni\u0119\u017cn\u0105 z r\u0105k burmistrza miasta Jas\u0142a Ryszarda Pabiana.<\/p>\n<p style=\"text-align: right;\"><strong>Powr\u00f3t do: <a title=\"Realizowane projekty\" href=\"http:\/\/www.pm10jaslo.pl\/?page_id=56\">REALIZOWANE PROJEKTY<\/a><\/strong><\/p>\n","protected":false},"excerpt":{"rendered":"<p>Miasto Jas\u0142o w ramach projektu \u201eJas\u0142o &#8211; miasto wiedzy&#8221; og\u0142osi\u0142o konkurs dla nauczycieli miejskich przedszkoli, szk\u00f3\u0142 podstawowych i gimnazj\u00f3w na scenariusz cyklu innowacyjnych zaj\u0119\u0107. Zadaniem nauczycieli by\u0142o przygotowanie scenariusza cyklu (od 5 do 10) zaj\u0119\u0107 lekcyjnych z wybranych przedmiot\u00f3w nauczania lub zaj\u0119\u0107 pozalekcyjnych (bibliotecznych, \u015bwietlicowych), kt\u00f3rych za\u0142o\u017ceniem jest innowacyjna i\u2026 <a class=\"continue-reading-link\" href=\"https:\/\/www.pm10jaslo.pl\/?page_id=1670\">Czytaj dalej<\/a><\/p>\n","protected":false},"author":1,"featured_media":0,"parent":0,"menu_order":0,"comment_status":"closed","ping_status":"open","template":"","meta":{"ngg_post_thumbnail":0,"footnotes":""},"class_list":["post-1670","page","type-page","status-publish","hentry"],"_links":{"self":[{"href":"https:\/\/www.pm10jaslo.pl\/index.php?rest_route=\/wp\/v2\/pages\/1670","targetHints":{"allow":["GET"]}}],"collection":[{"href":"https:\/\/www.pm10jaslo.pl\/index.php?rest_route=\/wp\/v2\/pages"}],"about":[{"href":"https:\/\/www.pm10jaslo.pl\/index.php?rest_route=\/wp\/v2\/types\/page"}],"author":[{"embeddable":true,"href":"https:\/\/www.pm10jaslo.pl\/index.php?rest_route=\/wp\/v2\/users\/1"}],"replies":[{"embeddable":true,"href":"https:\/\/www.pm10jaslo.pl\/index.php?rest_route=%2Fwp%2Fv2%2Fcomments&post=1670"}],"version-history":[{"count":17,"href":"https:\/\/www.pm10jaslo.pl\/index.php?rest_route=\/wp\/v2\/pages\/1670\/revisions"}],"predecessor-version":[{"id":2045,"href":"https:\/\/www.pm10jaslo.pl\/index.php?rest_route=\/wp\/v2\/pages\/1670\/revisions\/2045"}],"wp:attachment":[{"href":"https:\/\/www.pm10jaslo.pl\/index.php?rest_route=%2Fwp%2Fv2%2Fmedia&parent=1670"}],"curies":[{"name":"wp","href":"https:\/\/api.w.org\/{rel}","templated":true}]}}