{"id":861,"date":"2025-09-22T20:49:51","date_gmt":"2025-09-22T18:49:51","guid":{"rendered":"https:\/\/www.pm10jaslo.pl\/bip\/?page_id=861"},"modified":"2025-09-22T20:54:40","modified_gmt":"2025-09-22T18:54:40","slug":"zarzadzenia-2025","status":"publish","type":"page","link":"https:\/\/www.pm10jaslo.pl\/bip\/?page_id=861","title":{"rendered":"Zarz\u0105dzenia 2025"},"content":{"rendered":"<p><strong><a href=\"http:\/\/www.pm10jaslo.pl\/bip\/wp-content\/uploads\/sites\/3\/2025\/09\/Zarzadzenie-Nr-1.pdf\">Zarz\u0105dzenie Nr 1-2025<\/a><\/strong><\/p>\n<p><strong><a href=\"http:\/\/www.pm10jaslo.pl\/bip\/wp-content\/uploads\/sites\/3\/2025\/09\/Zarzadzenie-Nr-2.pdf\">Zarz\u0105dzenie Nr 2-2025<\/a><\/strong><\/p>\n<p><a href=\"http:\/\/www.pm10jaslo.pl\/bip\/wp-content\/uploads\/sites\/3\/2025\/09\/Zarzadzenie-Nr-3.pdf\"><strong>Zarz\u0105dzenie Nr 3-2025<\/strong><\/a><\/p>\n<p><strong><a href=\"http:\/\/www.pm10jaslo.pl\/bip\/wp-content\/uploads\/sites\/3\/2025\/09\/Zarzadzenie-Nr-4.pdf\">Zarz\u0105dzenie Nr 4-2025<\/a><\/strong><\/p>\n<p><strong><a href=\"http:\/\/www.pm10jaslo.pl\/bip\/wp-content\/uploads\/sites\/3\/2025\/09\/Zarzadzenie-nr-5.pdf\">Zarz\u0105dzenie nr 5-2025<\/a><\/strong><\/p>\n<p><a href=\"http:\/\/www.pm10jaslo.pl\/bip\/wp-content\/uploads\/sites\/3\/2025\/09\/Zarzadzenie-Nr-6.pdf\"><strong>Zarz\u0105dzenie Nr 6-2025<\/strong><\/a><\/p>\n","protected":false},"excerpt":{"rendered":"<p>Zarz\u0105dzenie Nr 1-2025 Zarz\u0105dzenie Nr 2-2025 Zarz\u0105dzenie Nr 3-2025 Zarz\u0105dzenie Nr 4-2025 Zarz\u0105dzenie nr 5-2025 Zarz\u0105dzenie Nr 6-2025<\/p>\n","protected":false},"author":1,"featured_media":0,"parent":0,"menu_order":0,"comment_status":"closed","ping_status":"closed","template":"","meta":{"footnotes":""},"class_list":["post-861","page","type-page","status-publish","hentry"],"_links":{"self":[{"href":"https:\/\/www.pm10jaslo.pl\/bip\/index.php?rest_route=\/wp\/v2\/pages\/861","targetHints":{"allow":["GET"]}}],"collection":[{"href":"https:\/\/www.pm10jaslo.pl\/bip\/index.php?rest_route=\/wp\/v2\/pages"}],"about":[{"href":"https:\/\/www.pm10jaslo.pl\/bip\/index.php?rest_route=\/wp\/v2\/types\/page"}],"author":[{"embeddable":true,"href":"https:\/\/www.pm10jaslo.pl\/bip\/index.php?rest_route=\/wp\/v2\/users\/1"}],"replies":[{"embeddable":true,"href":"https:\/\/www.pm10jaslo.pl\/bip\/index.php?rest_route=%2Fwp%2Fv2%2Fcomments&post=861"}],"version-history":[{"count":2,"href":"https:\/\/www.pm10jaslo.pl\/bip\/index.php?rest_route=\/wp\/v2\/pages\/861\/revisions"}],"predecessor-version":[{"id":871,"href":"https:\/\/www.pm10jaslo.pl\/bip\/index.php?rest_route=\/wp\/v2\/pages\/861\/revisions\/871"}],"wp:attachment":[{"href":"https:\/\/www.pm10jaslo.pl\/bip\/index.php?rest_route=%2Fwp%2Fv2%2Fmedia&parent=861"}],"curies":[{"name":"wp","href":"https:\/\/api.w.org\/{rel}","templated":true}]}}