{"id":86,"date":"2020-02-13T16:31:09","date_gmt":"2020-02-13T15:31:09","guid":{"rendered":"http:\/\/www.pm10jaslo.pl\/bip\/?page_id=86"},"modified":"2020-05-11T20:26:44","modified_gmt":"2020-05-11T18:26:44","slug":"strona-3","status":"publish","type":"page","link":"https:\/\/www.pm10jaslo.pl\/bip\/?page_id=86","title":{"rendered":"Regulamin Zak\u0142adowego Funduszu \u015awiadcze\u0144 Socjalnych"},"content":{"rendered":"<hr \/>\n<p><strong><a href=\"http:\/\/www.pm10jaslo.pl\/bip\/wp-content\/uploads\/sites\/3\/2020\/05\/Regulamin-ZF\u015aS.pdf\" target=\"_blank\" rel=\"noopener noreferrer\">Regulamin Zak\u0142adowego Funduszu \u015awiadcze\u0144 Socjalnych<\/a><\/strong><\/p>\n","protected":false},"excerpt":{"rendered":"<p>Regulamin Zak\u0142adowego Funduszu \u015awiadcze\u0144 Socjalnych<\/p>\n","protected":false},"author":1,"featured_media":0,"parent":0,"menu_order":0,"comment_status":"closed","ping_status":"closed","template":"","meta":{"footnotes":""},"class_list":["post-86","page","type-page","status-publish","hentry"],"_links":{"self":[{"href":"https:\/\/www.pm10jaslo.pl\/bip\/index.php?rest_route=\/wp\/v2\/pages\/86","targetHints":{"allow":["GET"]}}],"collection":[{"href":"https:\/\/www.pm10jaslo.pl\/bip\/index.php?rest_route=\/wp\/v2\/pages"}],"about":[{"href":"https:\/\/www.pm10jaslo.pl\/bip\/index.php?rest_route=\/wp\/v2\/types\/page"}],"author":[{"embeddable":true,"href":"https:\/\/www.pm10jaslo.pl\/bip\/index.php?rest_route=\/wp\/v2\/users\/1"}],"replies":[{"embeddable":true,"href":"https:\/\/www.pm10jaslo.pl\/bip\/index.php?rest_route=%2Fwp%2Fv2%2Fcomments&post=86"}],"version-history":[{"count":4,"href":"https:\/\/www.pm10jaslo.pl\/bip\/index.php?rest_route=\/wp\/v2\/pages\/86\/revisions"}],"predecessor-version":[{"id":199,"href":"https:\/\/www.pm10jaslo.pl\/bip\/index.php?rest_route=\/wp\/v2\/pages\/86\/revisions\/199"}],"wp:attachment":[{"href":"https:\/\/www.pm10jaslo.pl\/bip\/index.php?rest_route=%2Fwp%2Fv2%2Fmedia&parent=86"}],"curies":[{"name":"wp","href":"https:\/\/api.w.org\/{rel}","templated":true}]}}