{"id":841,"date":"2025-09-14T18:43:08","date_gmt":"2025-09-14T16:43:08","guid":{"rendered":"https:\/\/www.pm10jaslo.pl\/bip\/?page_id=841"},"modified":"2025-09-14T18:46:57","modified_gmt":"2025-09-14T16:46:57","slug":"uchwaly-2025","status":"publish","type":"page","link":"https:\/\/www.pm10jaslo.pl\/bip\/?page_id=841","title":{"rendered":"Uchwa\u0142y 2025"},"content":{"rendered":"<p><a href=\"http:\/\/www.pm10jaslo.pl\/bip\/wp-content\/uploads\/sites\/3\/2025\/09\/Uchwala-Nr-1.pdf\"><strong>Uchwa\u0142a nr 1-2025<\/strong><\/a><strong>\u00a0<\/strong><\/p>\n<p><strong><a href=\"http:\/\/www.pm10jaslo.pl\/bip\/wp-content\/uploads\/sites\/3\/2025\/09\/Uchwala-Nr-2.pdf\">Uchwa\u0142a nr 2-2025<\/a> <\/strong><\/p>\n<p><strong><a href=\"http:\/\/www.pm10jaslo.pl\/bip\/wp-content\/uploads\/sites\/3\/2025\/09\/Uchwala-nr-3.pdf\">Uchwa\u0142a nr 3-2025<\/a> <\/strong><\/p>\n<p><strong><a href=\"http:\/\/www.pm10jaslo.pl\/bip\/wp-content\/uploads\/sites\/3\/2025\/09\/Uchwala-nr-4.pdf\">Uchwa\u0142a nr 4-2025<\/a> <\/strong><\/p>\n<p><strong><a href=\"http:\/\/www.pm10jaslo.pl\/bip\/wp-content\/uploads\/sites\/3\/2025\/09\/Uchwala-nr-5.pdf\">Uchwa\u0142a nr 5-2025<\/a> <\/strong><\/p>\n<p><strong><a href=\"http:\/\/www.pm10jaslo.pl\/bip\/wp-content\/uploads\/sites\/3\/2025\/09\/Uchwala-nr-6.pdf\">Uchwa\u0142a nr 6-2025<\/a> <\/strong><\/p>\n<p><strong><a href=\"http:\/\/www.pm10jaslo.pl\/bip\/wp-content\/uploads\/sites\/3\/2025\/09\/Uchwala-nr-7.pdf\">Uchwa\u0142a nr 7-2025<\/a> <\/strong><\/p>\n<p><strong><a href=\"http:\/\/www.pm10jaslo.pl\/bip\/wp-content\/uploads\/sites\/3\/2025\/09\/Uchwala-nr-8.pdf\">Uchwa\u0142a nr 8-2025<\/a> <\/strong><\/p>\n<p><strong><a href=\"http:\/\/www.pm10jaslo.pl\/bip\/wp-content\/uploads\/sites\/3\/2025\/09\/Uchwala-nr-9.pdf\">Uchwa\u0142a nr 9-2025<\/a> <\/strong><\/p>\n<p><strong><a href=\"http:\/\/www.pm10jaslo.pl\/bip\/wp-content\/uploads\/sites\/3\/2025\/09\/Uchwala-Nr-10.pdf\">Uchwa\u0142a nr 10-2025<\/a> <\/strong><\/p>\n<p><strong><a href=\"http:\/\/www.pm10jaslo.pl\/bip\/wp-content\/uploads\/sites\/3\/2025\/09\/Uchwala-nr-11.pdf\">Uchwa\u0142a nr 11-2025<\/a><\/strong><\/p>\n","protected":false},"excerpt":{"rendered":"<p>Uchwa\u0142a nr 1-2025\u00a0 Uchwa\u0142a nr 2-2025 Uchwa\u0142a nr 3-2025 Uchwa\u0142a nr 4-2025 Uchwa\u0142a nr 5-2025 Uchwa\u0142a nr 6-2025 Uchwa\u0142a nr 7-2025 Uchwa\u0142a nr 8-2025 Uchwa\u0142a nr 9-2025 Uchwa\u0142a nr 10-2025 Uchwa\u0142a nr 11-2025<\/p>\n","protected":false},"author":1,"featured_media":0,"parent":0,"menu_order":0,"comment_status":"closed","ping_status":"closed","template":"","meta":{"footnotes":""},"class_list":["post-841","page","type-page","status-publish","hentry"],"_links":{"self":[{"href":"https:\/\/www.pm10jaslo.pl\/bip\/index.php?rest_route=\/wp\/v2\/pages\/841","targetHints":{"allow":["GET"]}}],"collection":[{"href":"https:\/\/www.pm10jaslo.pl\/bip\/index.php?rest_route=\/wp\/v2\/pages"}],"about":[{"href":"https:\/\/www.pm10jaslo.pl\/bip\/index.php?rest_route=\/wp\/v2\/types\/page"}],"author":[{"embeddable":true,"href":"https:\/\/www.pm10jaslo.pl\/bip\/index.php?rest_route=\/wp\/v2\/users\/1"}],"replies":[{"embeddable":true,"href":"https:\/\/www.pm10jaslo.pl\/bip\/index.php?rest_route=%2Fwp%2Fv2%2Fcomments&post=841"}],"version-history":[{"count":2,"href":"https:\/\/www.pm10jaslo.pl\/bip\/index.php?rest_route=\/wp\/v2\/pages\/841\/revisions"}],"predecessor-version":[{"id":856,"href":"https:\/\/www.pm10jaslo.pl\/bip\/index.php?rest_route=\/wp\/v2\/pages\/841\/revisions\/856"}],"wp:attachment":[{"href":"https:\/\/www.pm10jaslo.pl\/bip\/index.php?rest_route=%2Fwp%2Fv2%2Fmedia&parent=841"}],"curies":[{"name":"wp","href":"https:\/\/api.w.org\/{rel}","templated":true}]}}