{"id":762,"date":"2024-10-30T19:48:32","date_gmt":"2024-10-30T18:48:32","guid":{"rendered":"http:\/\/www.pm10jaslo.pl\/bip\/?page_id=762"},"modified":"2025-09-14T18:40:32","modified_gmt":"2025-09-14T16:40:32","slug":"uchwaly-2024","status":"publish","type":"page","link":"https:\/\/www.pm10jaslo.pl\/bip\/?page_id=762","title":{"rendered":"Uchwa\u0142y 2024"},"content":{"rendered":"<p><a href=\"http:\/\/www.pm10jaslo.pl\/bip\/wp-content\/uploads\/sites\/3\/2024\/10\/Uchwala-nr-1-wykorzystanie-wynikow-z-wnioskow-nadzoru.pdf\"><strong>Uchwa\u0142a nr 1-2024<\/strong><\/a><\/p>\n<p><a href=\"http:\/\/www.pm10jaslo.pl\/bip\/wp-content\/uploads\/sites\/3\/2024\/10\/Uchwala-nr-2-opinia-programow.pdf\"><strong>Uchwa\u0142a nr 2-2024<\/strong><\/a><\/p>\n<p><strong><a href=\"http:\/\/www.pm10jaslo.pl\/bip\/wp-content\/uploads\/sites\/3\/2024\/10\/Uchwala-nr-3-tygodniowy-i-ramowy-rozklad-dnia.pdf\">Uchwa\u0142a nr 3-2024<\/a><\/strong><\/p>\n<p><strong><a href=\"http:\/\/www.pm10jaslo.pl\/bip\/wp-content\/uploads\/sites\/3\/2024\/10\/Uchwala-nr-4-roczny-plan-pracy.pdf\">Uchwa\u0142a nr 4-2024<\/a><\/strong><\/p>\n<p><strong><a href=\"http:\/\/www.pm10jaslo.pl\/bip\/wp-content\/uploads\/sites\/3\/2024\/10\/Uchwala-nr-5-czynnosci-dodatkowe.pdf\">Uchwa\u0142a nr 5-2024<\/a><\/strong><\/p>\n<p><a href=\"http:\/\/www.pm10jaslo.pl\/bip\/wp-content\/uploads\/sites\/3\/2024\/10\/Uchwala-nr-6-plan-WDN-1.pdf\"><strong>Uchwa\u0142a nr 6-2024<\/strong><\/a><\/p>\n<p><strong><a href=\"http:\/\/www.pm10jaslo.pl\/bip\/wp-content\/uploads\/sites\/3\/2024\/10\/Uchwala-nr-7-plan-doskonalenia-zaw..pdf\">Uchwa\u0142a nr 7-2024<\/a><\/strong><\/p>\n<p><a href=\"http:\/\/www.pm10jaslo.pl\/bip\/wp-content\/uploads\/sites\/3\/2024\/10\/Uchwala-Nr-8-aneks-nr-1.pdf\"><strong>Uchwa\u0142a nr 8-2024<\/strong><\/a><\/p>\n<p><a href=\"http:\/\/www.pm10jaslo.pl\/bip\/wp-content\/uploads\/sites\/3\/2024\/10\/Uchwala-nr-9-plan-finansowy.pdf\"><strong>Uchwa\u0142a nr 9-2024<\/strong><\/a><\/p>\n<p><a href=\"http:\/\/www.pm10jaslo.pl\/bip\/wp-content\/uploads\/sites\/3\/2024\/10\/Uchwala-Nr-9A-statut.pdf\"><strong>Uchwa\u0142a nr 9A-2024<\/strong><\/a><\/p>\n<p><a href=\"http:\/\/www.pm10jaslo.pl\/bip\/wp-content\/uploads\/sites\/3\/2024\/10\/Uchwala-nr-10-nagroda-dyrektora.pdf\"><strong>Uchwa\u0142a nr 10-2024<\/strong><\/a><\/p>\n<p><strong><a href=\"http:\/\/www.pm10jaslo.pl\/bip\/wp-content\/uploads\/sites\/3\/2025\/09\/Uchwala-Nr-11-.pdf\">Uchwa\u0142a nr 11-2024<\/a><\/strong><\/p>\n<p><strong><a href=\"http:\/\/www.pm10jaslo.pl\/bip\/wp-content\/uploads\/sites\/3\/2025\/09\/Uchwala-Nr-12.pdf\">Uchwa\u0142a nr 12-2024<\/a><\/strong><\/p>\n<p><strong><a href=\"http:\/\/www.pm10jaslo.pl\/bip\/wp-content\/uploads\/sites\/3\/2025\/09\/Uchwala-Nr-13.pdf\">Uchwa\u0142a nr 13-2024<\/a><\/strong><\/p>\n","protected":false},"excerpt":{"rendered":"<p>Uchwa\u0142a nr 1-2024 Uchwa\u0142a nr 2-2024 Uchwa\u0142a nr 3-2024 Uchwa\u0142a nr 4-2024 Uchwa\u0142a nr 5-2024 Uchwa\u0142a nr 6-2024 Uchwa\u0142a nr 7-2024 Uchwa\u0142a nr 8-2024 Uchwa\u0142a nr 9-2024 Uchwa\u0142a nr 9A-2024 Uchwa\u0142a nr 10-2024 Uchwa\u0142a nr 11-2024 Uchwa\u0142a nr 12-2024 Uchwa\u0142a nr 13-2024<\/p>\n","protected":false},"author":1,"featured_media":0,"parent":0,"menu_order":0,"comment_status":"closed","ping_status":"closed","template":"","meta":{"footnotes":""},"class_list":["post-762","page","type-page","status-publish","hentry"],"_links":{"self":[{"href":"https:\/\/www.pm10jaslo.pl\/bip\/index.php?rest_route=\/wp\/v2\/pages\/762","targetHints":{"allow":["GET"]}}],"collection":[{"href":"https:\/\/www.pm10jaslo.pl\/bip\/index.php?rest_route=\/wp\/v2\/pages"}],"about":[{"href":"https:\/\/www.pm10jaslo.pl\/bip\/index.php?rest_route=\/wp\/v2\/types\/page"}],"author":[{"embeddable":true,"href":"https:\/\/www.pm10jaslo.pl\/bip\/index.php?rest_route=\/wp\/v2\/users\/1"}],"replies":[{"embeddable":true,"href":"https:\/\/www.pm10jaslo.pl\/bip\/index.php?rest_route=%2Fwp%2Fv2%2Fcomments&post=762"}],"version-history":[{"count":3,"href":"https:\/\/www.pm10jaslo.pl\/bip\/index.php?rest_route=\/wp\/v2\/pages\/762\/revisions"}],"predecessor-version":[{"id":839,"href":"https:\/\/www.pm10jaslo.pl\/bip\/index.php?rest_route=\/wp\/v2\/pages\/762\/revisions\/839"}],"wp:attachment":[{"href":"https:\/\/www.pm10jaslo.pl\/bip\/index.php?rest_route=%2Fwp%2Fv2%2Fmedia&parent=762"}],"curies":[{"name":"wp","href":"https:\/\/api.w.org\/{rel}","templated":true}]}}