{"id":677,"date":"2023-08-31T19:44:48","date_gmt":"2023-08-31T17:44:48","guid":{"rendered":"http:\/\/www.pm10jaslo.pl\/bip\/?page_id=677"},"modified":"2024-04-21T16:33:26","modified_gmt":"2024-04-21T14:33:26","slug":"uchwaly-2023","status":"publish","type":"page","link":"https:\/\/www.pm10jaslo.pl\/bip\/?page_id=677","title":{"rendered":"Uchwa\u0142y 2023"},"content":{"rendered":"<p><strong><a href=\"http:\/\/www.pm10jaslo.pl\/bip\/wp-content\/uploads\/sites\/3\/2023\/08\/Uchwala-nr-1-sposob-wykorzystania-wnioskow-z-nadzoru.pdf\">Uchwa\u0142a nr 1-2023<\/a><\/strong><\/p>\n<p><strong><a href=\"http:\/\/www.pm10jaslo.pl\/bip\/wp-content\/uploads\/sites\/3\/2023\/08\/Uchwala-nr-2-opinia-programow.pdf\">Uchwa\u0142a nr 2-2023<\/a><\/strong><\/p>\n<p><strong><a href=\"http:\/\/www.pm10jaslo.pl\/bip\/wp-content\/uploads\/sites\/3\/2023\/08\/Uchwala-nr-3-tygodniowy-i-ramowy-rozklad-dnia.pdf\">Uchwa\u0142a nr 3-2023<\/a><\/strong><\/p>\n<p><strong><a href=\"http:\/\/www.pm10jaslo.pl\/bip\/wp-content\/uploads\/sites\/3\/2023\/08\/Uchwala-nr-4-roczny-plan-pracy.pdf\">Uchwa\u0142a nr 4-2023<\/a><\/strong><\/p>\n<p><strong><a href=\"http:\/\/www.pm10jaslo.pl\/bip\/wp-content\/uploads\/sites\/3\/2023\/08\/Uchwala-nr-5-czynnosci-dodatkowe.pdf\">Uchwa\u0142a nr 5-2023<\/a><\/strong><\/p>\n<p><strong><a href=\"http:\/\/www.pm10jaslo.pl\/bip\/wp-content\/uploads\/sites\/3\/2023\/08\/Uchwala-nr-6-plan-WDN.pdf\">Uchwa\u0142a nr 6-2023<\/a><\/strong><\/p>\n<p><strong><a href=\"http:\/\/www.pm10jaslo.pl\/bip\/wp-content\/uploads\/sites\/3\/2023\/08\/Uchwala-nr-7-plan-doskonalenia-zaw..pdf\">Uchwa\u0142a nr 7-2023<\/a><\/strong><\/p>\n<p><strong><a href=\"http:\/\/www.pm10jaslo.pl\/bip\/wp-content\/uploads\/sites\/3\/2023\/08\/Uchwala-nr-8-plan-finansowy.pdf\">Uchwa\u0142a nr 8-2023<\/a><\/strong><\/p>\n<p><strong><a href=\"http:\/\/www.pm10jaslo.pl\/bip\/wp-content\/uploads\/sites\/3\/2024\/04\/Uchwala-Nr-9-aneks-psycholog.pdf\">Uchwa\u0142a nr 9-2023<\/a><\/strong><\/p>\n<p><strong><a href=\"http:\/\/www.pm10jaslo.pl\/bip\/wp-content\/uploads\/sites\/3\/2024\/04\/Uchwala-Nr-10-nagroda-dyr..pdf\">Uchwa\u0142a nr 10-2023<\/a><\/strong><\/p>\n<p><strong><a href=\"http:\/\/www.pm10jaslo.pl\/bip\/wp-content\/uploads\/sites\/3\/2024\/04\/Uchwala-Nr-11-arkusz-organizacji.pdf\">Uchwa\u0142a nr 11-2023<\/a><\/strong><\/p>\n","protected":false},"excerpt":{"rendered":"<p>Uchwa\u0142a nr 1-2023 Uchwa\u0142a nr 2-2023 Uchwa\u0142a nr 3-2023 Uchwa\u0142a nr 4-2023 Uchwa\u0142a nr 5-2023 Uchwa\u0142a nr 6-2023 Uchwa\u0142a nr 7-2023 Uchwa\u0142a nr 8-2023 Uchwa\u0142a nr 9-2023 Uchwa\u0142a nr 10-2023 Uchwa\u0142a nr 11-2023<\/p>\n","protected":false},"author":1,"featured_media":0,"parent":0,"menu_order":0,"comment_status":"closed","ping_status":"closed","template":"","meta":{"footnotes":""},"class_list":["post-677","page","type-page","status-publish","hentry"],"_links":{"self":[{"href":"https:\/\/www.pm10jaslo.pl\/bip\/index.php?rest_route=\/wp\/v2\/pages\/677","targetHints":{"allow":["GET"]}}],"collection":[{"href":"https:\/\/www.pm10jaslo.pl\/bip\/index.php?rest_route=\/wp\/v2\/pages"}],"about":[{"href":"https:\/\/www.pm10jaslo.pl\/bip\/index.php?rest_route=\/wp\/v2\/types\/page"}],"author":[{"embeddable":true,"href":"https:\/\/www.pm10jaslo.pl\/bip\/index.php?rest_route=\/wp\/v2\/users\/1"}],"replies":[{"embeddable":true,"href":"https:\/\/www.pm10jaslo.pl\/bip\/index.php?rest_route=%2Fwp%2Fv2%2Fcomments&post=677"}],"version-history":[{"count":2,"href":"https:\/\/www.pm10jaslo.pl\/bip\/index.php?rest_route=\/wp\/v2\/pages\/677\/revisions"}],"predecessor-version":[{"id":719,"href":"https:\/\/www.pm10jaslo.pl\/bip\/index.php?rest_route=\/wp\/v2\/pages\/677\/revisions\/719"}],"wp:attachment":[{"href":"https:\/\/www.pm10jaslo.pl\/bip\/index.php?rest_route=%2Fwp%2Fv2%2Fmedia&parent=677"}],"curies":[{"name":"wp","href":"https:\/\/api.w.org\/{rel}","templated":true}]}}