{"id":594,"date":"2023-02-05T18:39:55","date_gmt":"2023-02-05T17:39:55","guid":{"rendered":"http:\/\/www.pm10jaslo.pl\/bip\/?page_id=594"},"modified":"2025-09-10T21:20:29","modified_gmt":"2025-09-10T19:20:29","slug":"oplaty","status":"publish","type":"page","link":"https:\/\/www.pm10jaslo.pl\/bip\/?page_id=594","title":{"rendered":"Op\u0142aty"},"content":{"rendered":"<p><strong>Odp\u0142atno\u015b\u0107 za pobyt dziecka w przedszkolu reguluje:<\/strong><\/p>\n<ul>\n<li>Uchwa\u0142a Nr LXII\/643\/2018 Rady Miasta Miejskiej Jas\u0142a z dnia 19 marca 2018 roku (Dz. Urz. Woj. Podkarpackiego z 2018r. poz. 2082)<\/li>\n<li>Ustawa z 17 czerwca 1966 r o post\u0119powaniu egzekucyjnym w administracji (Dz. U. z 2017r. poz. 1201)<\/li>\n<li>40 ust. 2 pkt. 3 Ustawy z dnia 27 sierpnia 2009 r. o finansach publicznych (Dz.U.2017 poz.2077 oraz \u00a711 Rozporz\u0105dzenia Ministra Rozwoju i Finans\u00f3w\u00a0 z dnia 13 wrze\u015bnia 2017 r. w sprawie rachunkowo\u015bci\u2026\u2026 (dz.U.2017 poz. 1911)<\/li>\n<li>Statut Przedszkola Miejskiego nr 10 w Ja\u015ble<\/li>\n<\/ul>\n<ol>\n<li>Przedszkole zobowi\u0105zuje si\u0119 do zapewnienia dziecku bezp\u0142atnie nauczania, wychowania i opieki\u00a0 w wymiarze <strong>5 godzin dziennie<\/strong> na realizacj\u0119 podstawy programowej, okre\u015blonej w za\u0142\u0105czniku Nr 1 do Rozporz\u0105dzenia Ministra Edukacji Narodowej z dnia 14 lutego 2017 r. (Dz. U. z 2017 r., poz. 356).<\/li>\n<li>Przedszkole umo\u017cliwia odp\u0142atne korzystanie ze \u015bwiadcze\u0144 w czasie przekraczaj\u0105cym godziny bezp\u0142atnego pobytu dziecka w przedszkolu.<\/li>\n<li>Wysoko\u015b\u0107 op\u0142aty, o kt\u00f3rej mowa w pkt. 2 wynosi <strong>1 z\u0142 44 gr za ka\u017cd\u0105 rozpocz\u0119t\u0105 godzin\u0119<\/strong> zaj\u0119\u0107 i pobytu\u00a0 w przedszkolu.<\/li>\n<li>Przedszkole zapewnia odp\u0142atne wy\u017cywienie dla dzieci.<\/li>\n<li>Zasady odp\u0142atno\u015bci za korzystanie z wy\u017cywienia ustala organ prowadz\u0105cy, a wysoko\u015b\u0107 stawki \u017cywieniowej ustala dyrektor w porozumieniu z organem prowadz\u0105cym.<\/li>\n<li>Wysoko\u015b\u0107 op\u0142aty za \u017cywienie wynosi <strong>9 ,00- z\u0142 za dzie\u0144<\/strong> pobytu dziecka w przedszkolu.<\/li>\n<li>Op\u0142aty za przedszkole dokonywa\u0107 mo\u017cna tylko przelewem na konto przedszkola.<\/li>\n<li>Op\u0142at\u0119 za korzystanie z wychowania przedszkolnego i wy\u017cywienia wnosi si\u0119 \u201ez do\u0142u\u201d w okresach miesi\u0119cznych do 15 dnia miesi\u0105ca nast\u0119puj\u0105cego po miesi\u0105cu, za kt\u00f3ry op\u0142ata jest wnoszona.<\/li>\n<li>Dyrektor przedszkola na wniosek rodzica\/prawnego opiekuna mo\u017ce na drodze decyzji administracyjnej\u00a0 zwolni\u0107 z odp\u0142atno\u015bci za pobyt dziecka w przedszkolu<\/li>\n<li><strong>Ca\u0142kowite<\/strong> zwolnienie z op\u0142aty za pobyt dziecka w przedszkolu przys\u0142uguje gdy spe\u0142nione s\u0105 nast\u0119puj\u0105ce warunki:\n<ol>\n<li>Dziecko posiada orzeczenie o potrzebie kszta\u0142cenia specjalnego lub<\/li>\n<li>Dziecko posiada orzeczenie o potrzebie niepe\u0142nosprawno\u015bci i pobierany jest zasi\u0142ek rodzinny na to dziecko<\/li>\n<\/ol>\n<\/li>\n<li><strong>Cz\u0119\u015bciowe zwolnienie \u2013 30%<\/strong> przys\u0142uguje w przypadku z korzystania ze \u015bwiadcze\u0144 przedszkola przez dwoje lub wi\u0119cej dzieci z tej samej rodziny, obj\u0119tych wychowaniem przedszkolnym do ko\u0144ca roku szkolnego w roku kalendarzowym, w kt\u00f3rym ko\u0144cz\u0105 6 lat.<\/li>\n<li><strong>Cz\u0119\u015bciowe zwolnienie<\/strong> &#8211; <strong>50%<\/strong> przys\u0142uguje w przypadku z korzystania ze \u015bwiadcze\u0144 przedszkola przez dziecko, kt\u00f3rego rodzina znajduje si\u0119 przej\u015bciowo w trudnej sytuacji spowodowanej zdarzeniem losowym na okres nie d\u0142u\u017cszy ni\u017c 6 miesi\u0119cy.<\/li>\n<\/ol>\n","protected":false},"excerpt":{"rendered":"<p>Odp\u0142atno\u015b\u0107 za pobyt dziecka w przedszkolu reguluje: Uchwa\u0142a Nr LXII\/643\/2018 Rady Miasta Miejskiej Jas\u0142a z dnia 19 marca 2018 roku (Dz. Urz. Woj. Podkarpackiego z 2018r. poz. 2082) Ustawa z 17 czerwca 1966 r o post\u0119powaniu egzekucyjnym w administracji (Dz. U. z 2017r. poz. 1201) 40 ust. 2 pkt. 3 Ustawy z dnia 27 sierpnia<\/p>\n<p class=\"text-right\"><span class=\"screen-reader-text\">Continue Reading&#8230; Op\u0142aty<\/span><a class=\"btn btn-secondary continue-reading\" href=\"https:\/\/www.pm10jaslo.pl\/bip\/?page_id=594\">Continue Reading&#8230;<\/a><\/p>\n","protected":false},"author":1,"featured_media":0,"parent":0,"menu_order":0,"comment_status":"closed","ping_status":"closed","template":"","meta":{"footnotes":""},"class_list":["post-594","page","type-page","status-publish","hentry"],"_links":{"self":[{"href":"https:\/\/www.pm10jaslo.pl\/bip\/index.php?rest_route=\/wp\/v2\/pages\/594","targetHints":{"allow":["GET"]}}],"collection":[{"href":"https:\/\/www.pm10jaslo.pl\/bip\/index.php?rest_route=\/wp\/v2\/pages"}],"about":[{"href":"https:\/\/www.pm10jaslo.pl\/bip\/index.php?rest_route=\/wp\/v2\/types\/page"}],"author":[{"embeddable":true,"href":"https:\/\/www.pm10jaslo.pl\/bip\/index.php?rest_route=\/wp\/v2\/users\/1"}],"replies":[{"embeddable":true,"href":"https:\/\/www.pm10jaslo.pl\/bip\/index.php?rest_route=%2Fwp%2Fv2%2Fcomments&post=594"}],"version-history":[{"count":3,"href":"https:\/\/www.pm10jaslo.pl\/bip\/index.php?rest_route=\/wp\/v2\/pages\/594\/revisions"}],"predecessor-version":[{"id":834,"href":"https:\/\/www.pm10jaslo.pl\/bip\/index.php?rest_route=\/wp\/v2\/pages\/594\/revisions\/834"}],"wp:attachment":[{"href":"https:\/\/www.pm10jaslo.pl\/bip\/index.php?rest_route=%2Fwp%2Fv2%2Fmedia&parent=594"}],"curies":[{"name":"wp","href":"https:\/\/api.w.org\/{rel}","templated":true}]}}