{"id":545,"date":"2023-01-05T10:00:09","date_gmt":"2023-01-05T09:00:09","guid":{"rendered":"http:\/\/www.pm10jaslo.pl\/bip\/?page_id=545"},"modified":"2023-01-05T11:21:41","modified_gmt":"2023-01-05T10:21:41","slug":"zarzadzenia-2022","status":"publish","type":"page","link":"https:\/\/www.pm10jaslo.pl\/bip\/?page_id=545","title":{"rendered":"Zarz\u0105dzenia 2022"},"content":{"rendered":"<p><a href=\"http:\/\/www.pm10jaslo.pl\/bip\/wp-content\/uploads\/sites\/3\/2023\/01\/Zarzadzenie-1-2022.pdf\" target=\"_blank\" rel=\"noopener\"><strong>Zarz\u0105dzenie 1-2022<\/strong><\/a><\/p>\n<p><strong><a href=\"http:\/\/www.pm10jaslo.pl\/bip\/wp-content\/uploads\/sites\/3\/2023\/01\/Zarzadzenie-2-2022.pdf\" target=\"_blank\" rel=\"noopener\">Zarz\u0105dzenie 2-2022<\/a><\/strong><\/p>\n<p><strong><a href=\"http:\/\/www.pm10jaslo.pl\/bip\/wp-content\/uploads\/sites\/3\/2023\/01\/Zarzadzenie-3-2022.pdf\" target=\"_blank\" rel=\"noopener\">Zarz\u0105dzenie 3-2022<\/a><\/strong><\/p>\n<p><a href=\"http:\/\/www.pm10jaslo.pl\/bip\/wp-content\/uploads\/sites\/3\/2023\/01\/Zarzadzenie-4-2022.pdf\" target=\"_blank\" rel=\"noopener\"><strong>Zarz\u0105dzenie 4-2022<\/strong><\/a><\/p>\n<p><a href=\"http:\/\/www.pm10jaslo.pl\/bip\/wp-content\/uploads\/sites\/3\/2023\/01\/Zarzadzenie-5-2022.pdf\" target=\"_blank\" rel=\"noopener\"><strong>Zarz\u0105dzenie 5-2022<\/strong><\/a><\/p>\n<p><strong><a href=\"http:\/\/www.pm10jaslo.pl\/bip\/wp-content\/uploads\/sites\/3\/2023\/01\/Zarzadzenie-6-2022.pdf\" target=\"_blank\" rel=\"noopener\">Zarz\u0105dzenie 6-2022<\/a><\/strong><\/p>\n<p><strong><a href=\"http:\/\/www.pm10jaslo.pl\/bip\/wp-content\/uploads\/sites\/3\/2023\/01\/Zarzadzenie-7-2022.pdf\" target=\"_blank\" rel=\"noopener\">Zarz\u0105dzenie 7-2022<\/a><\/strong><\/p>\n<p><a href=\"http:\/\/www.pm10jaslo.pl\/bip\/wp-content\/uploads\/sites\/3\/2023\/01\/Zarzadzenie-8-2022.pdf\" target=\"_blank\" rel=\"noopener\"><strong>Zarz\u0105dzenie 8-2022<\/strong><\/a><\/p>\n<p><strong><a href=\"http:\/\/www.pm10jaslo.pl\/bip\/wp-content\/uploads\/sites\/3\/2023\/01\/Zarzadzenie-9-2022.pdf\" target=\"_blank\" rel=\"noopener\">Zarz\u0105dzenie 9-2022<\/a><\/strong><\/p>\n<p><strong><a href=\"http:\/\/www.pm10jaslo.pl\/bip\/wp-content\/uploads\/sites\/3\/2023\/01\/Zarzadzenie-10-2022.pdf\" target=\"_blank\" rel=\"noopener\">Zarz\u0105dzenie 10-2022<\/a><\/strong><\/p>\n<p><strong><a href=\"http:\/\/www.pm10jaslo.pl\/bip\/wp-content\/uploads\/sites\/3\/2023\/01\/Zarzadzenie-11-2022.pdf\" target=\"_blank\" rel=\"noopener\">Zarz\u0105dzenie 11-2022<\/a><\/strong><\/p>\n","protected":false},"excerpt":{"rendered":"<p>Zarz\u0105dzenie 1-2022 Zarz\u0105dzenie 2-2022 Zarz\u0105dzenie 3-2022 Zarz\u0105dzenie 4-2022 Zarz\u0105dzenie 5-2022 Zarz\u0105dzenie 6-2022 Zarz\u0105dzenie 7-2022 Zarz\u0105dzenie 8-2022 Zarz\u0105dzenie 9-2022 Zarz\u0105dzenie 10-2022 Zarz\u0105dzenie 11-2022<\/p>\n","protected":false},"author":1,"featured_media":0,"parent":0,"menu_order":0,"comment_status":"closed","ping_status":"closed","template":"","meta":{"footnotes":""},"class_list":["post-545","page","type-page","status-publish","hentry"],"_links":{"self":[{"href":"https:\/\/www.pm10jaslo.pl\/bip\/index.php?rest_route=\/wp\/v2\/pages\/545","targetHints":{"allow":["GET"]}}],"collection":[{"href":"https:\/\/www.pm10jaslo.pl\/bip\/index.php?rest_route=\/wp\/v2\/pages"}],"about":[{"href":"https:\/\/www.pm10jaslo.pl\/bip\/index.php?rest_route=\/wp\/v2\/types\/page"}],"author":[{"embeddable":true,"href":"https:\/\/www.pm10jaslo.pl\/bip\/index.php?rest_route=\/wp\/v2\/users\/1"}],"replies":[{"embeddable":true,"href":"https:\/\/www.pm10jaslo.pl\/bip\/index.php?rest_route=%2Fwp%2Fv2%2Fcomments&post=545"}],"version-history":[{"count":2,"href":"https:\/\/www.pm10jaslo.pl\/bip\/index.php?rest_route=\/wp\/v2\/pages\/545\/revisions"}],"predecessor-version":[{"id":560,"href":"https:\/\/www.pm10jaslo.pl\/bip\/index.php?rest_route=\/wp\/v2\/pages\/545\/revisions\/560"}],"wp:attachment":[{"href":"https:\/\/www.pm10jaslo.pl\/bip\/index.php?rest_route=%2Fwp%2Fv2%2Fmedia&parent=545"}],"curies":[{"name":"wp","href":"https:\/\/api.w.org\/{rel}","templated":true}]}}