{"id":408,"date":"2021-10-07T20:13:24","date_gmt":"2021-10-07T18:13:24","guid":{"rendered":"http:\/\/www.pm10jaslo.pl\/bip\/?page_id=408"},"modified":"2022-04-24T16:34:22","modified_gmt":"2022-04-24T14:34:22","slug":"uchwaly-2021","status":"publish","type":"page","link":"https:\/\/www.pm10jaslo.pl\/bip\/?page_id=408","title":{"rendered":"Uchwa\u0142y 2021"},"content":{"rendered":"<p><a href=\"http:\/\/www.pm10jaslo.pl\/bip\/wp-content\/uploads\/sites\/3\/2021\/10\/Uchwala-Nr-1-2021.pdf\" target=\"_blank\" rel=\"noopener\"><strong>Uchwa\u0142a Nr 1-2021<\/strong><\/a><\/p>\n<p><a href=\"http:\/\/www.pm10jaslo.pl\/bip\/wp-content\/uploads\/sites\/3\/2021\/10\/Uchwala-Nr-2-2021.pdf\" target=\"_blank\" rel=\"noopener\"><strong>Uchwa\u0142a Nr 2-2021<\/strong><\/a><\/p>\n<p><a href=\"http:\/\/www.pm10jaslo.pl\/bip\/wp-content\/uploads\/sites\/3\/2021\/10\/Uchwala-Nr-3-2021.pdf\" target=\"_blank\" rel=\"noopener\"><strong>Uchwa\u0142a Nr 3-2021<\/strong><\/a><\/p>\n<p><a href=\"http:\/\/www.pm10jaslo.pl\/bip\/wp-content\/uploads\/sites\/3\/2021\/10\/Uchwala-Nr-4-2021.pdf\" target=\"_blank\" rel=\"noopener\"><strong>Uchwa\u0142a Nr 4-2021<\/strong><\/a><\/p>\n<p><a href=\"http:\/\/www.pm10jaslo.pl\/bip\/wp-content\/uploads\/sites\/3\/2021\/10\/Uchwala-Nr-5-2021.pdf\" target=\"_blank\" rel=\"noopener\"><strong>Uchwa\u0142a Nr 5-2021<\/strong><\/a><\/p>\n<p><a href=\"http:\/\/www.pm10jaslo.pl\/bip\/wp-content\/uploads\/sites\/3\/2021\/10\/Uchwala-Nr-6-2021.pdf\" target=\"_blank\" rel=\"noopener\"><strong>Uchwa\u0142a Nr 6-2021<\/strong><\/a><\/p>\n<p><a href=\"http:\/\/www.pm10jaslo.pl\/bip\/wp-content\/uploads\/sites\/3\/2021\/10\/Uchwala-Nr-7-2021.pdf\" target=\"_blank\" rel=\"noopener\"><strong>Uchwa\u0142a Nr 7-2021<\/strong><\/a><\/p>\n<p><a href=\"http:\/\/www.pm10jaslo.pl\/bip\/wp-content\/uploads\/sites\/3\/2021\/10\/Uchwala-Nr-8-2021.pdf\" target=\"_blank\" rel=\"noopener\"><strong>Uchwa\u0142a Nr 8-2021<\/strong><\/a><\/p>\n<p><a href=\"http:\/\/www.pm10jaslo.pl\/bip\/wp-content\/uploads\/sites\/3\/2021\/10\/Uchwala-Nr-9-2021.pdf\" target=\"_blank\" rel=\"noopener\"><strong>Uchwa\u0142a Nr 9-2021<\/strong><\/a><\/p>\n<p><a href=\"http:\/\/www.pm10jaslo.pl\/bip\/wp-content\/uploads\/sites\/3\/2021\/10\/Uchwala-Nr-10-2021.pdf\" target=\"_blank\" rel=\"noopener\"><strong>Uchwa\u0142a Nr 10-2021<\/strong><\/a><\/p>\n<p><a href=\"http:\/\/www.pm10jaslo.pl\/bip\/wp-content\/uploads\/sites\/3\/2021\/10\/Uchwala-Nr-11-2021.pdf\" target=\"_blank\" rel=\"noopener\"><strong>Uchwa\u0142a Nr 11-2021<\/strong><\/a><\/p>\n<p><a href=\"http:\/\/www.pm10jaslo.pl\/bip\/wp-content\/uploads\/sites\/3\/2021\/10\/Uchwala-Nr-12-2021.pdf\" target=\"_blank\" rel=\"noopener\"><strong>Uchwa\u0142a Nr 12-2021<\/strong><\/a><\/p>\n<p><a href=\"http:\/\/www.pm10jaslo.pl\/bip\/wp-content\/uploads\/sites\/3\/2021\/10\/Uchwala-Nr-13-2021.pdf\" target=\"_blank\" rel=\"noopener\"><strong>Uchwa\u0142a Nr 13-2021<\/strong><\/a><\/p>\n<p><a href=\"http:\/\/www.pm10jaslo.pl\/bip\/wp-content\/uploads\/sites\/3\/2022\/04\/Uchwala-Nr-14-2021.pdf\" target=\"_blank\" rel=\"noopener\"><strong>Uchwa\u0142a Nr 14-2021<\/strong><\/a><\/p>\n\n\n<p><\/p>\n","protected":false},"excerpt":{"rendered":"<p>Uchwa\u0142a Nr 1-2021 Uchwa\u0142a Nr 2-2021 Uchwa\u0142a Nr 3-2021 Uchwa\u0142a Nr 4-2021 Uchwa\u0142a Nr 5-2021 Uchwa\u0142a Nr 6-2021 Uchwa\u0142a Nr 7-2021 Uchwa\u0142a Nr 8-2021 Uchwa\u0142a Nr 9-2021 Uchwa\u0142a Nr 10-2021 Uchwa\u0142a Nr 11-2021 Uchwa\u0142a Nr 12-2021 Uchwa\u0142a Nr 13-2021 Uchwa\u0142a Nr 14-2021<\/p>\n","protected":false},"author":1,"featured_media":0,"parent":0,"menu_order":0,"comment_status":"closed","ping_status":"closed","template":"","meta":{"footnotes":""},"class_list":["post-408","page","type-page","status-publish","hentry"],"_links":{"self":[{"href":"https:\/\/www.pm10jaslo.pl\/bip\/index.php?rest_route=\/wp\/v2\/pages\/408","targetHints":{"allow":["GET"]}}],"collection":[{"href":"https:\/\/www.pm10jaslo.pl\/bip\/index.php?rest_route=\/wp\/v2\/pages"}],"about":[{"href":"https:\/\/www.pm10jaslo.pl\/bip\/index.php?rest_route=\/wp\/v2\/types\/page"}],"author":[{"embeddable":true,"href":"https:\/\/www.pm10jaslo.pl\/bip\/index.php?rest_route=\/wp\/v2\/users\/1"}],"replies":[{"embeddable":true,"href":"https:\/\/www.pm10jaslo.pl\/bip\/index.php?rest_route=%2Fwp%2Fv2%2Fcomments&post=408"}],"version-history":[{"count":15,"href":"https:\/\/www.pm10jaslo.pl\/bip\/index.php?rest_route=\/wp\/v2\/pages\/408\/revisions"}],"predecessor-version":[{"id":472,"href":"https:\/\/www.pm10jaslo.pl\/bip\/index.php?rest_route=\/wp\/v2\/pages\/408\/revisions\/472"}],"wp:attachment":[{"href":"https:\/\/www.pm10jaslo.pl\/bip\/index.php?rest_route=%2Fwp%2Fv2%2Fmedia&parent=408"}],"curies":[{"name":"wp","href":"https:\/\/api.w.org\/{rel}","templated":true}]}}