{"id":335,"date":"2021-01-25T20:03:41","date_gmt":"2021-01-25T19:03:41","guid":{"rendered":"http:\/\/www.pm10jaslo.pl\/bip\/?page_id=335"},"modified":"2022-04-24T16:32:41","modified_gmt":"2022-04-24T14:32:41","slug":"zarzadzenia2021","status":"publish","type":"page","link":"https:\/\/www.pm10jaslo.pl\/bip\/?page_id=335","title":{"rendered":"Zarz\u0105dzenia 2021"},"content":{"rendered":"<p><a href=\"http:\/\/www.pm10jaslo.pl\/bip\/wp-content\/uploads\/sites\/3\/2021\/01\/Zarz\u0105dzenie-1-2021.pdf\" target=\"_blank\" rel=\"noopener noreferrer\"><strong>Zarz\u0105dzenie 1-2021<\/strong><\/a><\/p>\n<p><a href=\"http:\/\/www.pm10jaslo.pl\/bip\/wp-content\/uploads\/sites\/3\/2021\/10\/Zarzadzenie-2-2021.pdf\" target=\"_blank\" rel=\"noopener\"><strong>Zarz\u0105dzenie 2-2021<\/strong><\/a><\/p>\n<p><a href=\"http:\/\/www.pm10jaslo.pl\/bip\/wp-content\/uploads\/sites\/3\/2021\/10\/Zarzadzenie-4-2021.pdf\" target=\"_blank\" rel=\"noopener\"><strong>Zarz\u0105dzenie 4-2021<\/strong><\/a><\/p>\n<p><a href=\"http:\/\/www.pm10jaslo.pl\/bip\/wp-content\/uploads\/sites\/3\/2021\/10\/Zarzadzenie-5-2021.pdf\" target=\"_blank\" rel=\"noopener\"><strong>Zarz\u0105dzenie 5-2021<\/strong><\/a><\/p>\n<p><a href=\"http:\/\/www.pm10jaslo.pl\/bip\/wp-content\/uploads\/sites\/3\/2021\/10\/Zarzadzenie-6-2021.pdf\" target=\"_blank\" rel=\"noopener\"><strong>Zarz\u0105dzenie 6-2021<\/strong><\/a><\/p>\n<p><a href=\"http:\/\/www.pm10jaslo.pl\/bip\/wp-content\/uploads\/sites\/3\/2021\/10\/Zarzadzenie-7-2021.pdf\" target=\"_blank\" rel=\"noopener\"><strong>Zarz\u0105dzenie 7-2021<\/strong><\/a><\/p>\n<p><a href=\"http:\/\/www.pm10jaslo.pl\/bip\/wp-content\/uploads\/sites\/3\/2021\/10\/Zarzadzenie-8-2021.pdf\" target=\"_blank\" rel=\"noopener\"><strong>Zarz\u0105dzenie 8-2021<\/strong><\/a><\/p>\n<p><a href=\"http:\/\/www.pm10jaslo.pl\/bip\/wp-content\/uploads\/sites\/3\/2022\/04\/Zarzadzenie-9-2021.pdf\" target=\"_blank\" rel=\"noopener\"><strong>Zarz\u0105dzenie 9-2021<\/strong><\/a><\/p>\n<p><a href=\"http:\/\/www.pm10jaslo.pl\/bip\/wp-content\/uploads\/sites\/3\/2022\/04\/Zarzadzenie-10-2021.pdf\" target=\"_blank\" rel=\"noopener\"><strong>Zarz\u0105dzenie 10-2021<\/strong><\/a><\/p>\n<p><a href=\"http:\/\/www.pm10jaslo.pl\/bip\/wp-content\/uploads\/sites\/3\/2022\/04\/Zarzadzenie-11-2021.pdf\" target=\"_blank\" rel=\"noopener\"><strong>Zarz\u0105dzenie 11-2021<\/strong><\/a><\/p>\n<p><a href=\"http:\/\/www.pm10jaslo.pl\/bip\/wp-content\/uploads\/sites\/3\/2022\/04\/Zarzadzenie-12-2021.pdf\" target=\"_blank\" rel=\"noopener\"><strong>Zarz\u0105dzenie 12-2021<\/strong><\/a><\/p>\n\n\n<p><\/p>\n","protected":false},"excerpt":{"rendered":"<p>Zarz\u0105dzenie 1-2021 Zarz\u0105dzenie 2-2021 Zarz\u0105dzenie 4-2021 Zarz\u0105dzenie 5-2021 Zarz\u0105dzenie 6-2021 Zarz\u0105dzenie 7-2021 Zarz\u0105dzenie 8-2021 Zarz\u0105dzenie 9-2021 Zarz\u0105dzenie 10-2021 Zarz\u0105dzenie 11-2021 Zarz\u0105dzenie 12-2021<\/p>\n","protected":false},"author":1,"featured_media":0,"parent":0,"menu_order":0,"comment_status":"closed","ping_status":"closed","template":"","meta":{"footnotes":""},"class_list":["post-335","page","type-page","status-publish","hentry"],"_links":{"self":[{"href":"https:\/\/www.pm10jaslo.pl\/bip\/index.php?rest_route=\/wp\/v2\/pages\/335","targetHints":{"allow":["GET"]}}],"collection":[{"href":"https:\/\/www.pm10jaslo.pl\/bip\/index.php?rest_route=\/wp\/v2\/pages"}],"about":[{"href":"https:\/\/www.pm10jaslo.pl\/bip\/index.php?rest_route=\/wp\/v2\/types\/page"}],"author":[{"embeddable":true,"href":"https:\/\/www.pm10jaslo.pl\/bip\/index.php?rest_route=\/wp\/v2\/users\/1"}],"replies":[{"embeddable":true,"href":"https:\/\/www.pm10jaslo.pl\/bip\/index.php?rest_route=%2Fwp%2Fv2%2Fcomments&post=335"}],"version-history":[{"count":12,"href":"https:\/\/www.pm10jaslo.pl\/bip\/index.php?rest_route=\/wp\/v2\/pages\/335\/revisions"}],"predecessor-version":[{"id":470,"href":"https:\/\/www.pm10jaslo.pl\/bip\/index.php?rest_route=\/wp\/v2\/pages\/335\/revisions\/470"}],"wp:attachment":[{"href":"https:\/\/www.pm10jaslo.pl\/bip\/index.php?rest_route=%2Fwp%2Fv2%2Fmedia&parent=335"}],"curies":[{"name":"wp","href":"https:\/\/api.w.org\/{rel}","templated":true}]}}