{"id":328,"date":"2021-01-25T19:58:08","date_gmt":"2021-01-25T18:58:08","guid":{"rendered":"http:\/\/www.pm10jaslo.pl\/bip\/?page_id=328"},"modified":"2021-01-25T19:59:26","modified_gmt":"2021-01-25T18:59:26","slug":"uchwaly-2020","status":"publish","type":"page","link":"https:\/\/www.pm10jaslo.pl\/bip\/?page_id=328","title":{"rendered":"Uchwa\u0142y 2020"},"content":{"rendered":"<p><a href=\"http:\/\/www.pm10jaslo.pl\/bip\/wp-content\/uploads\/sites\/3\/2020\/05\/Uchwa\u0142a-Nr-1-2020.pdf\" target=\"_blank\" rel=\"noopener noreferrer\"><strong>Uchwa\u0142a Nr 1-2020<\/strong><\/a><\/p>\n<p><a href=\"http:\/\/www.pm10jaslo.pl\/bip\/wp-content\/uploads\/sites\/3\/2021\/01\/Uchwa\u0142a-Nr-2-2020.pdf\" target=\"_blank\" rel=\"noopener noreferrer\"><strong>Uchwa\u0142a Nr 2-2020<\/strong><\/a><\/p>\n<p><a href=\"http:\/\/www.pm10jaslo.pl\/bip\/wp-content\/uploads\/sites\/3\/2021\/01\/Uchwa\u0142a-Nr-3-2020.pdf\" target=\"_blank\" rel=\"noopener noreferrer\"><strong>Uchwa\u0142a Nr 3-2020<\/strong><\/a><\/p>\n<p><a href=\"http:\/\/www.pm10jaslo.pl\/bip\/wp-content\/uploads\/sites\/3\/2021\/01\/Uchwa\u0142a-Nr-4-2020.pdf\" target=\"_blank\" rel=\"noopener noreferrer\"><strong>Uchwa\u0142a Nr 4-2020<\/strong><\/a><\/p>\n<p><a href=\"http:\/\/www.pm10jaslo.pl\/bip\/wp-content\/uploads\/sites\/3\/2021\/01\/Uchwa\u0142a-Nr-5-2020.pdf\" target=\"_blank\" rel=\"noopener noreferrer\"><strong>Uchwa\u0142a Nr 5-2020<\/strong><\/a><\/p>\n<p><a href=\"http:\/\/www.pm10jaslo.pl\/bip\/wp-content\/uploads\/sites\/3\/2021\/01\/Uchwa\u0142a-Nr-6-2020.pdf\" target=\"_blank\" rel=\"noopener noreferrer\"><strong>Uchwa\u0142a Nr 6-2020<\/strong><\/a><\/p>\n<p><a href=\"http:\/\/www.pm10jaslo.pl\/bip\/wp-content\/uploads\/sites\/3\/2021\/01\/Uchwa\u0142a-Nr-7-2020.pdf\" target=\"_blank\" rel=\"noopener noreferrer\"><strong>Uchwa\u0142a Nr 7-2020<\/strong><\/a><\/p>\n<p><a href=\"http:\/\/www.pm10jaslo.pl\/bip\/wp-content\/uploads\/sites\/3\/2021\/01\/Uchwa\u0142a-Nr-8-2020.pdf\" target=\"_blank\" rel=\"noopener noreferrer\"><strong>Uchwa\u0142a Nr 8-2020<\/strong><\/a><\/p>\n<p><a href=\"http:\/\/www.pm10jaslo.pl\/bip\/wp-content\/uploads\/sites\/3\/2021\/01\/Uchwa\u0142a-Nr-9-2020.pdf\" target=\"_blank\" rel=\"noopener noreferrer\"><strong>Uchwa\u0142a Nr 9-2020<\/strong><\/a><\/p>\n<p><a href=\"http:\/\/www.pm10jaslo.pl\/bip\/wp-content\/uploads\/sites\/3\/2021\/01\/Uchwa\u0142a-Nr-10-2020.pdf\" target=\"_blank\" rel=\"noopener noreferrer\"><strong>Uchwa\u0142a Nr 10-2020<\/strong><\/a><\/p>\n<p><a href=\"http:\/\/www.pm10jaslo.pl\/bip\/wp-content\/uploads\/sites\/3\/2021\/01\/Uchwa\u0142a-Nr-11-2020.pdf\" target=\"_blank\" rel=\"noopener noreferrer\"><strong>Uchwa\u0142a Nr 11-2020<\/strong><\/a><\/p>\n<p><strong><a href=\"http:\/\/www.pm10jaslo.pl\/bip\/wp-content\/uploads\/sites\/3\/2021\/01\/Uchwa\u0142a-Nr-12-2020.pdf\" target=\"_blank\" rel=\"noopener noreferrer\">Uchwa\u0142a Nr 12-2020<\/a><\/strong><\/p>\n<p><a href=\"http:\/\/www.pm10jaslo.pl\/bip\/wp-content\/uploads\/sites\/3\/2021\/01\/Uchwa\u0142a-Nr-13-2020.pdf\" target=\"_blank\" rel=\"noopener noreferrer\"><strong>Uchwa\u0142a Nr 13-2020<\/strong><\/a><\/p>\n<p><a href=\"http:\/\/www.pm10jaslo.pl\/bip\/wp-content\/uploads\/sites\/3\/2021\/01\/Uchwa\u0142a-Nr-14-2020.pdf\" target=\"_blank\" rel=\"noopener noreferrer\"><strong>Uchwa\u0142a Nr 14-2020<\/strong><\/a><\/p>\n","protected":false},"excerpt":{"rendered":"<p>Uchwa\u0142a Nr 1-2020 Uchwa\u0142a Nr 2-2020 Uchwa\u0142a Nr 3-2020 Uchwa\u0142a Nr 4-2020 Uchwa\u0142a Nr 5-2020 Uchwa\u0142a Nr 6-2020 Uchwa\u0142a Nr 7-2020 Uchwa\u0142a Nr 8-2020 Uchwa\u0142a Nr 9-2020 Uchwa\u0142a Nr 10-2020 Uchwa\u0142a Nr 11-2020 Uchwa\u0142a Nr 12-2020 Uchwa\u0142a Nr 13-2020 Uchwa\u0142a Nr 14-2020<\/p>\n","protected":false},"author":1,"featured_media":0,"parent":0,"menu_order":0,"comment_status":"closed","ping_status":"closed","template":"","meta":{"footnotes":""},"class_list":["post-328","page","type-page","status-publish","hentry"],"_links":{"self":[{"href":"https:\/\/www.pm10jaslo.pl\/bip\/index.php?rest_route=\/wp\/v2\/pages\/328","targetHints":{"allow":["GET"]}}],"collection":[{"href":"https:\/\/www.pm10jaslo.pl\/bip\/index.php?rest_route=\/wp\/v2\/pages"}],"about":[{"href":"https:\/\/www.pm10jaslo.pl\/bip\/index.php?rest_route=\/wp\/v2\/types\/page"}],"author":[{"embeddable":true,"href":"https:\/\/www.pm10jaslo.pl\/bip\/index.php?rest_route=\/wp\/v2\/users\/1"}],"replies":[{"embeddable":true,"href":"https:\/\/www.pm10jaslo.pl\/bip\/index.php?rest_route=%2Fwp%2Fv2%2Fcomments&post=328"}],"version-history":[{"count":2,"href":"https:\/\/www.pm10jaslo.pl\/bip\/index.php?rest_route=\/wp\/v2\/pages\/328\/revisions"}],"predecessor-version":[{"id":331,"href":"https:\/\/www.pm10jaslo.pl\/bip\/index.php?rest_route=\/wp\/v2\/pages\/328\/revisions\/331"}],"wp:attachment":[{"href":"https:\/\/www.pm10jaslo.pl\/bip\/index.php?rest_route=%2Fwp%2Fv2%2Fmedia&parent=328"}],"curies":[{"name":"wp","href":"https:\/\/api.w.org\/{rel}","templated":true}]}}