{"id":298,"date":"2020-09-03T19:10:47","date_gmt":"2020-09-03T17:10:47","guid":{"rendered":"http:\/\/www.pm10jaslo.pl\/bip\/?page_id=298"},"modified":"2024-10-13T18:43:59","modified_gmt":"2024-10-13T16:43:59","slug":"regulamin-rady-pedagogicznej","status":"publish","type":"page","link":"https:\/\/www.pm10jaslo.pl\/bip\/?page_id=298","title":{"rendered":"Regulaminy"},"content":{"rendered":"<p><a href=\"http:\/\/www.pm10jaslo.pl\/bip\/wp-content\/uploads\/sites\/3\/2020\/09\/Regulamin-Rady-Pedagogicznej.pdf\" target=\"_blank\" rel=\"noopener noreferrer\"><strong>Regulamin Rady Pedagogicznej<\/strong><\/a><\/p>\n<p><a href=\"http:\/\/www.pm10jaslo.pl\/bip\/wp-content\/uploads\/sites\/3\/2020\/05\/Regulamin-wynagradzania-prac.-samorz\u0105dowych.pdf\" target=\"_blank\" rel=\"noopener noreferrer\"><strong>Regulamin wynagradzania dla pracownik\u00f3w nieb\u0119d\u0105cych nauczycielami<\/strong><\/a><\/p>\n<p><a href=\"http:\/\/www.pm10jaslo.pl\/bip\/wp-content\/uploads\/sites\/3\/2023\/08\/REGULAMIN-ZFSS.pdf\"><strong>Regulamin Zak\u0142adowego Funduszu \u015awiadcze\u0144 Socjalnych<\/strong><\/a><\/p>\n<p><strong><a href=\"http:\/\/www.pm10jaslo.pl\/bip\/wp-content\/uploads\/sites\/3\/2023\/08\/Regulamin-Zamowien-Publicznych-PDF.pdf\">Regulamin udzielania zam\u00f3wie\u0144 publicznych<\/a><\/strong><\/p>\n<p><strong><a href=\"http:\/\/www.pm10jaslo.pl\/bip\/wp-content\/uploads\/sites\/3\/2024\/10\/REGULAMIN-KORZYSTANIA-Z-DZIENNIKA-ELEKTRONICZNEGO.pdf\">Regulamin korzystania z dziennika elektronicznego<\/a><\/strong><\/p>\n","protected":false},"excerpt":{"rendered":"<p>Regulamin Rady Pedagogicznej Regulamin wynagradzania dla pracownik\u00f3w nieb\u0119d\u0105cych nauczycielami Regulamin Zak\u0142adowego Funduszu \u015awiadcze\u0144 Socjalnych Regulamin udzielania zam\u00f3wie\u0144 publicznych Regulamin korzystania z dziennika elektronicznego<\/p>\n","protected":false},"author":1,"featured_media":0,"parent":0,"menu_order":0,"comment_status":"closed","ping_status":"closed","template":"","meta":{"footnotes":""},"class_list":["post-298","page","type-page","status-publish","hentry"],"_links":{"self":[{"href":"https:\/\/www.pm10jaslo.pl\/bip\/index.php?rest_route=\/wp\/v2\/pages\/298","targetHints":{"allow":["GET"]}}],"collection":[{"href":"https:\/\/www.pm10jaslo.pl\/bip\/index.php?rest_route=\/wp\/v2\/pages"}],"about":[{"href":"https:\/\/www.pm10jaslo.pl\/bip\/index.php?rest_route=\/wp\/v2\/types\/page"}],"author":[{"embeddable":true,"href":"https:\/\/www.pm10jaslo.pl\/bip\/index.php?rest_route=\/wp\/v2\/users\/1"}],"replies":[{"embeddable":true,"href":"https:\/\/www.pm10jaslo.pl\/bip\/index.php?rest_route=%2Fwp%2Fv2%2Fcomments&post=298"}],"version-history":[{"count":12,"href":"https:\/\/www.pm10jaslo.pl\/bip\/index.php?rest_route=\/wp\/v2\/pages\/298\/revisions"}],"predecessor-version":[{"id":757,"href":"https:\/\/www.pm10jaslo.pl\/bip\/index.php?rest_route=\/wp\/v2\/pages\/298\/revisions\/757"}],"wp:attachment":[{"href":"https:\/\/www.pm10jaslo.pl\/bip\/index.php?rest_route=%2Fwp%2Fv2%2Fmedia&parent=298"}],"curies":[{"name":"wp","href":"https:\/\/api.w.org\/{rel}","templated":true}]}}