{"id":2,"date":"2020-02-11T17:13:46","date_gmt":"2020-02-11T16:13:46","guid":{"rendered":"http:\/\/www.pm10jaslo.pl\/bip\/?page_id=2"},"modified":"2025-12-31T12:20:07","modified_gmt":"2025-12-31T11:20:07","slug":"przykladowa-strona","status":"publish","type":"page","link":"https:\/\/www.pm10jaslo.pl\/bip\/","title":{"rendered":"Strona g\u0142\u00f3wna"},"content":{"rendered":"<h4><mark><strong>Dane teleadresowe<\/strong><\/mark><\/h4>\n<hr \/>\n<p><strong>Przedszkole Miejskie Nr 10 w Ja\u015ble<img loading=\"lazy\" decoding=\"async\" class=\"wp-image-148  alignright\" src=\"http:\/\/www.pm10jaslo.pl\/bip\/wp-content\/uploads\/sites\/3\/2020\/02\/Logo-nowe-300x179.png\" alt=\"\" width=\"165\" height=\"98\" srcset=\"https:\/\/www.pm10jaslo.pl\/bip\/wp-content\/uploads\/sites\/3\/2020\/02\/Logo-nowe-300x179.png 300w, https:\/\/www.pm10jaslo.pl\/bip\/wp-content\/uploads\/sites\/3\/2020\/02\/Logo-nowe.png 412w\" sizes=\"auto, (max-width: 165px) 100vw, 165px\" \/><\/strong><\/p>\n<p>ul. Ducala 3<\/p>\n<p>38-200 Jas\u0142o<\/p>\n<hr \/>\n<p><strong>telefon\/fax:<\/strong> 13 446 30 16<\/p>\n<hr \/>\n<p><strong>strona www:<\/strong> <a href=\"http:\/\/www.pm10jaslo.pl\">http:\/\/www.pm10jaslo.pl<\/a><\/p>\n<hr \/>\n<p><strong>adres e-mail:<\/strong> pm10@um.jaslo.pl<\/p>\n<hr \/>\n<p>Adres do e-dor\u0119cze\u0144 Przedszkola Miejskiego nr 10 w Ja\u015ble:\u00a0<strong>AE:PL-51203-85553-CFGUI-22<\/strong><\/p>\n<hr \/>\n<p><strong>NIP:<\/strong> 6851557303<\/p>\n<p><strong>REGON:<\/strong> 370012500<\/p>\n<hr \/>\n<p><strong>wojew\u00f3dztwo:<\/strong> podkarpackie<\/p>\n<p><strong>powiat:<\/strong> jasielski<\/p>\n<p><strong>gmina:<\/strong> Jas\u0142o<\/p>\n<p><strong>poczta:<\/strong> Jas\u0142o<\/p>\n<hr \/>\n<h4><mark><strong>Godziny otwarcia<br \/><\/strong><\/mark><\/h4>\n<hr \/>\n<p>Przedszkole czynne od poniedzia\u0142ku do pi\u0105tku w godzinach <strong>6:30 &#8211; 16:30<\/strong><\/p>\n<hr \/>\n<h4><mark><strong>Redakcja BIP<br \/><\/strong><\/mark><\/h4>\n<hr \/>\n<p><strong>redaktor:<\/strong> Beata Cholewiak<\/p>\n<p><strong>telefon\/fax:<\/strong> 13 446 30 16<\/p>\n<p><strong>adres e-mail:<\/strong> pm10@um.jaslo.pl<\/p>\n<hr \/>\n\n\n<p><\/p>\n","protected":false},"excerpt":{"rendered":"<p>Dane teleadresowe Przedszkole Miejskie Nr 10 w Ja\u015ble ul. Ducala 3 38-200 Jas\u0142o telefon\/fax: 13 446 30 16 strona www: http:\/\/www.pm10jaslo.pl adres e-mail: pm10@um.jaslo.pl Adres do e-dor\u0119cze\u0144 Przedszkola Miejskiego nr 10 w Ja\u015ble:\u00a0AE:PL-51203-85553-CFGUI-22 NIP: 6851557303 REGON: 370012500 wojew\u00f3dztwo: podkarpackie powiat: jasielski gmina: Jas\u0142o poczta: Jas\u0142o Godziny otwarcia Przedszkole czynne od poniedzia\u0142ku do pi\u0105tku w godzinach<\/p>\n<p class=\"text-right\"><span class=\"screen-reader-text\">Continue Reading&#8230; Strona g\u0142\u00f3wna<\/span><a class=\"btn btn-secondary continue-reading\" href=\"https:\/\/www.pm10jaslo.pl\/bip\/\">Continue Reading&#8230;<\/a><\/p>\n","protected":false},"author":1,"featured_media":0,"parent":0,"menu_order":0,"comment_status":"closed","ping_status":"open","template":"","meta":{"footnotes":""},"class_list":["post-2","page","type-page","status-publish","hentry"],"_links":{"self":[{"href":"https:\/\/www.pm10jaslo.pl\/bip\/index.php?rest_route=\/wp\/v2\/pages\/2","targetHints":{"allow":["GET"]}}],"collection":[{"href":"https:\/\/www.pm10jaslo.pl\/bip\/index.php?rest_route=\/wp\/v2\/pages"}],"about":[{"href":"https:\/\/www.pm10jaslo.pl\/bip\/index.php?rest_route=\/wp\/v2\/types\/page"}],"author":[{"embeddable":true,"href":"https:\/\/www.pm10jaslo.pl\/bip\/index.php?rest_route=\/wp\/v2\/users\/1"}],"replies":[{"embeddable":true,"href":"https:\/\/www.pm10jaslo.pl\/bip\/index.php?rest_route=%2Fwp%2Fv2%2Fcomments&post=2"}],"version-history":[{"count":15,"href":"https:\/\/www.pm10jaslo.pl\/bip\/index.php?rest_route=\/wp\/v2\/pages\/2\/revisions"}],"predecessor-version":[{"id":873,"href":"https:\/\/www.pm10jaslo.pl\/bip\/index.php?rest_route=\/wp\/v2\/pages\/2\/revisions\/873"}],"wp:attachment":[{"href":"https:\/\/www.pm10jaslo.pl\/bip\/index.php?rest_route=%2Fwp%2Fv2%2Fmedia&parent=2"}],"curies":[{"name":"wp","href":"https:\/\/api.w.org\/{rel}","templated":true}]}}