{"id":156,"date":"2020-02-14T18:01:57","date_gmt":"2020-02-14T17:01:57","guid":{"rendered":"http:\/\/www.pm10jaslo.pl\/bip\/?page_id=156"},"modified":"2025-09-22T20:50:54","modified_gmt":"2025-09-22T18:50:54","slug":"strona-5","status":"publish","type":"page","link":"https:\/\/www.pm10jaslo.pl\/bip\/?page_id=156","title":{"rendered":"Zarz\u0105dzenia"},"content":{"rendered":"<hr \/>\n<p><a href=\"https:\/\/www.pm10jaslo.pl\/bip\/?page_id=861\" target=\"_blank\" rel=\"noopener\"><strong>Zarz\u0105dzenia 2025<\/strong><\/a><\/p>\n<p><a href=\"http:\/\/www.pm10jaslo.pl\/bip\/?page_id=707\" target=\"_blank\" rel=\"noopener\"><strong>Zarz\u0105dzenia 2024<\/strong><\/a><\/p>\n<p><a href=\"http:\/\/www.pm10jaslo.pl\/bip\/?page_id=688\"><strong>Zarz\u0105dzenia 2023<\/strong><\/a><\/p>\n<p><a href=\"http:\/\/www.pm10jaslo.pl\/bip\/?page_id=545\"><strong>Zarz\u0105dzenia 2022<\/strong><\/a><\/p>\n<p><a href=\"http:\/\/www.pm10jaslo.pl\/bip\/?page_id=335\"><strong>Zarz\u0105dzenia 2021<\/strong><\/a><\/p>\n<p><a href=\"http:\/\/www.pm10jaslo.pl\/bip\/?page_id=333\"><strong>Zarz\u0105dzenia 2020<\/strong><\/a><\/p>\n","protected":false},"excerpt":{"rendered":"<p>Zarz\u0105dzenia 2025 Zarz\u0105dzenia 2024 Zarz\u0105dzenia 2023 Zarz\u0105dzenia 2022 Zarz\u0105dzenia 2021 Zarz\u0105dzenia 2020<\/p>\n","protected":false},"author":1,"featured_media":0,"parent":0,"menu_order":0,"comment_status":"closed","ping_status":"closed","template":"","meta":{"footnotes":""},"class_list":["post-156","page","type-page","status-publish","hentry"],"_links":{"self":[{"href":"https:\/\/www.pm10jaslo.pl\/bip\/index.php?rest_route=\/wp\/v2\/pages\/156","targetHints":{"allow":["GET"]}}],"collection":[{"href":"https:\/\/www.pm10jaslo.pl\/bip\/index.php?rest_route=\/wp\/v2\/pages"}],"about":[{"href":"https:\/\/www.pm10jaslo.pl\/bip\/index.php?rest_route=\/wp\/v2\/types\/page"}],"author":[{"embeddable":true,"href":"https:\/\/www.pm10jaslo.pl\/bip\/index.php?rest_route=\/wp\/v2\/users\/1"}],"replies":[{"embeddable":true,"href":"https:\/\/www.pm10jaslo.pl\/bip\/index.php?rest_route=%2Fwp%2Fv2%2Fcomments&post=156"}],"version-history":[{"count":16,"href":"https:\/\/www.pm10jaslo.pl\/bip\/index.php?rest_route=\/wp\/v2\/pages\/156\/revisions"}],"predecessor-version":[{"id":863,"href":"https:\/\/www.pm10jaslo.pl\/bip\/index.php?rest_route=\/wp\/v2\/pages\/156\/revisions\/863"}],"wp:attachment":[{"href":"https:\/\/www.pm10jaslo.pl\/bip\/index.php?rest_route=%2Fwp%2Fv2%2Fmedia&parent=156"}],"curies":[{"name":"wp","href":"https:\/\/api.w.org\/{rel}","templated":true}]}}