{"id":153,"date":"2020-02-14T18:01:28","date_gmt":"2020-02-14T17:01:28","guid":{"rendered":"http:\/\/www.pm10jaslo.pl\/bip\/?page_id=153"},"modified":"2025-09-14T18:43:53","modified_gmt":"2025-09-14T16:43:53","slug":"strona-4","status":"publish","type":"page","link":"https:\/\/www.pm10jaslo.pl\/bip\/?page_id=153","title":{"rendered":"Uchwa\u0142y"},"content":{"rendered":"<hr \/>\n<p><a href=\"https:\/\/www.pm10jaslo.pl\/bip\/?page_id=841\" target=\"_blank\" rel=\"noopener\"><strong>Uchwa\u0142y 2025<\/strong><\/a><\/p>\n<p><a href=\"http:\/\/www.pm10jaslo.pl\/bip\/?page_id=762\"><strong>Uchwa\u0142y 2024<\/strong><\/a><\/p>\n<p><strong><a href=\"http:\/\/www.pm10jaslo.pl\/bip\/?page_id=677\">Uchwa\u0142y 2023<\/a><\/strong><\/p>\n<p><a href=\"http:\/\/www.pm10jaslo.pl\/bip\/?page_id=518\"><strong>Uchwa\u0142y 2022<\/strong><\/a><\/p>\n<p><a href=\"http:\/\/www.pm10jaslo.pl\/bip\/?page_id=408\"><strong>Uchwa\u0142y 2021<\/strong><\/a><\/p>\n<p><a href=\"http:\/\/www.pm10jaslo.pl\/bip\/?page_id=328\"><strong>Uchwa\u0142y 2020<\/strong><\/a><\/p>\n\n\n<p><\/p>\n","protected":false},"excerpt":{"rendered":"<p>Uchwa\u0142y 2025 Uchwa\u0142y 2024 Uchwa\u0142y 2023 Uchwa\u0142y 2022 Uchwa\u0142y 2021 Uchwa\u0142y 2020<\/p>\n","protected":false},"author":1,"featured_media":0,"parent":0,"menu_order":0,"comment_status":"closed","ping_status":"closed","template":"","meta":{"footnotes":""},"class_list":["post-153","page","type-page","status-publish","hentry"],"_links":{"self":[{"href":"https:\/\/www.pm10jaslo.pl\/bip\/index.php?rest_route=\/wp\/v2\/pages\/153","targetHints":{"allow":["GET"]}}],"collection":[{"href":"https:\/\/www.pm10jaslo.pl\/bip\/index.php?rest_route=\/wp\/v2\/pages"}],"about":[{"href":"https:\/\/www.pm10jaslo.pl\/bip\/index.php?rest_route=\/wp\/v2\/types\/page"}],"author":[{"embeddable":true,"href":"https:\/\/www.pm10jaslo.pl\/bip\/index.php?rest_route=\/wp\/v2\/users\/1"}],"replies":[{"embeddable":true,"href":"https:\/\/www.pm10jaslo.pl\/bip\/index.php?rest_route=%2Fwp%2Fv2%2Fcomments&post=153"}],"version-history":[{"count":15,"href":"https:\/\/www.pm10jaslo.pl\/bip\/index.php?rest_route=\/wp\/v2\/pages\/153\/revisions"}],"predecessor-version":[{"id":843,"href":"https:\/\/www.pm10jaslo.pl\/bip\/index.php?rest_route=\/wp\/v2\/pages\/153\/revisions\/843"}],"wp:attachment":[{"href":"https:\/\/www.pm10jaslo.pl\/bip\/index.php?rest_route=%2Fwp%2Fv2%2Fmedia&parent=153"}],"curies":[{"name":"wp","href":"https:\/\/api.w.org\/{rel}","templated":true}]}}